{"id":15920,"date":"2024-07-26T10:02:27","date_gmt":"2024-07-26T10:02:27","guid":{"rendered":"https:\/\/pwmhosting.ca\/clinique-dentaire-pointe-claire\/dentisterie-restauratrice\/"},"modified":"2025-08-16T13:07:48","modified_gmt":"2025-08-16T13:07:48","slug":"dentisterie-restauratrice","status":"publish","type":"page","link":"https:\/\/cliniquedentairepointeclaire.com\/fr\/dentisterie-restauratrice\/","title":{"rendered":"Dentisterie restauratrice"},"content":{"rendered":"\t\t<div data-elementor-type=\"wp-page\" data-elementor-id=\"15920\" class=\"elementor elementor-15920 elementor-10351\">\n\t\t\t\t\t\t<section class=\"elementor-section elementor-top-section elementor-element elementor-element-2df9631 elementor-section-boxed elementor-section-height-default elementor-section-height-default\" data-id=\"2df9631\" data-element_type=\"section\" data-e-type=\"section\" data-settings=\"{&quot;background_background&quot;:&quot;classic&quot;}\">\n\t\t\t\t\t\t\t<div class=\"elementor-background-overlay\"><\/div>\n\t\t\t\t\t\t\t<div class=\"elementor-container elementor-column-gap-default\">\n\t\t\t\t\t<div class=\"elementor-column elementor-col-100 elementor-top-column elementor-element elementor-element-6590319\" data-id=\"6590319\" data-element_type=\"column\" data-e-type=\"column\">\n\t\t\t<div class=\"elementor-widget-wrap elementor-element-populated\">\n\t\t\t\t\t\t<div class=\"elementor-element elementor-element-c35cd9e elementor-widget-tablet__width-inherit elementor-widget-mobile__width-inherit elementor-widget elementor-widget-heading\" data-id=\"c35cd9e\" data-element_type=\"widget\" data-e-type=\"widget\" data-widget_type=\"heading.default\">\n\t\t\t\t<div class=\"elementor-widget-container\">\n\t\t\t\t\t<h1 class=\"elementor-heading-title elementor-size-default\">DENTISTERIE RESTAURATRICE<\/h1>\t\t\t\t<\/div>\n\t\t\t\t<\/div>\n\t\t\t\t<div class=\"elementor-element elementor-element-e057223 elementor-widget-tablet__width-inherit elementor-widget__width-initial elementor-widget-mobile__width-inherit elementor-widget elementor-widget-text-editor\" data-id=\"e057223\" data-element_type=\"widget\" data-e-type=\"widget\" data-widget_type=\"text-editor.default\">\n\t\t\t\t<div class=\"elementor-widget-container\">\n\t\t\t\t\t\t\t\t\t<p class=\"cvGsUA direction-ltr align-start para-style-body\"><span class=\"OYPEnA font-feature-liga-off font-feature-clig-off font-feature-calt-off text-decoration-none text-strikethrough-none\">La dentisterie restauratrice vise \u00e0 r\u00e9parer ou \u00e0 remplacer les dents. L&rsquo;objectif principal est d&rsquo;am\u00e9liorer la sant\u00e9 bucco-dentaire et la fonction masticatoire. <\/span><\/p><div class=\"message ql-snow \"><div class=\"ql-editor\"><p>\u00c0 la Clinqiue dentaire Pointe-Claire<span class=\"OYPEnA font-feature-liga-off font-feature-clig-off font-feature-calt-off text-decoration-none text-strikethrough-none\">, nous nous effor\u00e7ons de pr\u00e9server les dents naturelles dans la mesure du possible.<\/span><\/p><\/div><\/div>\t\t\t\t\t\t\t\t<\/div>\n\t\t\t\t<\/div>\n\t\t\t\t\t<\/div>\n\t\t<\/div>\n\t\t\t\t\t<\/div>\n\t\t<\/section>\n\t\t\t\t<section class=\"elementor-section elementor-top-section elementor-element elementor-element-23194d9 elementor-section-boxed elementor-section-height-default elementor-section-height-default\" data-id=\"23194d9\" data-element_type=\"section\" data-e-type=\"section\">\n\t\t\t\t\t\t<div class=\"elementor-container elementor-column-gap-default\">\n\t\t\t\t\t<div class=\"elementor-column elementor-col-100 elementor-top-column elementor-element elementor-element-5c59a94\" data-id=\"5c59a94\" data-element_type=\"column\" data-e-type=\"column\">\n\t\t\t<div class=\"elementor-widget-wrap elementor-element-populated\">\n\t\t\t\t\t\t<div class=\"elementor-element elementor-element-601cc42 elementor-widget elementor-widget-heading\" data-id=\"601cc42\" data-element_type=\"widget\" data-e-type=\"widget\" data-widget_type=\"heading.default\">\n\t\t\t\t<div class=\"elementor-widget-container\">\n\t\t\t\t\t<h2 class=\"elementor-heading-title elementor-size-default\">Services de restauration<\/h2>\t\t\t\t<\/div>\n\t\t\t\t<\/div>\n\t\t\t\t<div class=\"elementor-element elementor-element-b2a66e4 elementor-widget-divider--view-line elementor-widget elementor-widget-divider\" data-id=\"b2a66e4\" data-element_type=\"widget\" data-e-type=\"widget\" data-widget_type=\"divider.default\">\n\t\t\t\t<div class=\"elementor-widget-container\">\n\t\t\t\t\t\t\t<div class=\"elementor-divider\">\n\t\t\t<span class=\"elementor-divider-separator\">\n\t\t\t\t\t\t<\/span>\n\t\t<\/div>\n\t\t\t\t\t\t<\/div>\n\t\t\t\t<\/div>\n\t\t\t\t\t<\/div>\n\t\t<\/div>\n\t\t\t\t\t<\/div>\n\t\t<\/section>\n\t\t\t\t<section class=\"elementor-section elementor-top-section elementor-element elementor-element-bbbbc91 elementor-section-boxed elementor-section-height-default elementor-section-height-default\" data-id=\"bbbbc91\" data-element_type=\"section\" data-e-type=\"section\">\n\t\t\t\t\t\t<div class=\"elementor-container elementor-column-gap-default\">\n\t\t\t\t\t<div class=\"elementor-column elementor-col-33 elementor-top-column elementor-element elementor-element-ec76b45\" data-id=\"ec76b45\" data-element_type=\"column\" data-e-type=\"column\">\n\t\t\t<div class=\"elementor-widget-wrap elementor-element-populated\">\n\t\t\t\t\t\t<div class=\"elementor-element elementor-element-231082e elementor-position-top elementor-widget elementor-widget-image-box\" data-id=\"231082e\" data-element_type=\"widget\" data-e-type=\"widget\" data-widget_type=\"image-box.default\">\n\t\t\t\t<div class=\"elementor-widget-container\">\n\t\t\t\t\t<div class=\"elementor-image-box-wrapper\"><figure class=\"elementor-image-box-img\"><a href=\"https:\/\/cliniquedentairepointeclaire.com\/fr\/services-dentaires\/implants-dentaires\/\" tabindex=\"-1\"><img fetchpriority=\"high\" decoding=\"async\" width=\"368\" height=\"254\" src=\"https:\/\/cliniquedentairepointeclaire.com\/wp-content\/uploads\/2025\/05\/Dental-implants.jpg\" class=\"attachment-full size-full wp-image-30345\" alt=\"dental exam for children near me\" srcset=\"https:\/\/cliniquedentairepointeclaire.com\/wp-content\/uploads\/2025\/05\/Dental-implants.jpg 368w, https:\/\/cliniquedentairepointeclaire.com\/wp-content\/uploads\/2025\/05\/Dental-implants-300x207.jpg 300w\" sizes=\"(max-width: 368px) 100vw, 368px\" \/><\/a><\/figure><div class=\"elementor-image-box-content\"><h3 class=\"elementor-image-box-title\"><a href=\"https:\/\/cliniquedentairepointeclaire.com\/fr\/services-dentaires\/implants-dentaires\/\">Implants dentaires<\/a><\/h3><p class=\"elementor-image-box-description\"><a style=\"color:#000\" href=\"https:\/\/cliniquedentairepointeclaire.com\/fr\/services-dentaires\/implants-dentaires\/\">\nIl vous manque une ou plusieurs dents ? Les implants dentaires offrent une solution reconstructive durable solution qui pourrait vous convenir.\n<\/a> <\/p><\/div><\/div>\t\t\t\t<\/div>\n\t\t\t\t<\/div>\n\t\t\t\t\t<\/div>\n\t\t<\/div>\n\t\t\t\t<div class=\"elementor-column elementor-col-33 elementor-top-column elementor-element elementor-element-398581e\" data-id=\"398581e\" data-element_type=\"column\" data-e-type=\"column\">\n\t\t\t<div class=\"elementor-widget-wrap elementor-element-populated\">\n\t\t\t\t\t\t<div class=\"elementor-element elementor-element-7da72ac elementor-position-top elementor-widget elementor-widget-image-box\" data-id=\"7da72ac\" data-element_type=\"widget\" data-e-type=\"widget\" data-widget_type=\"image-box.default\">\n\t\t\t\t<div class=\"elementor-widget-container\">\n\t\t\t\t\t<div class=\"elementor-image-box-wrapper\"><figure class=\"elementor-image-box-img\"><a href=\"https:\/\/cliniquedentairepointeclaire.com\/fr\/services-dentaires\/dentisterie-generale-et-familiale\/plombages-blancs-traitement-des-caries\/\" tabindex=\"-1\"><img decoding=\"async\" width=\"368\" height=\"254\" src=\"https:\/\/cliniquedentairepointeclaire.com\/wp-content\/uploads\/2025\/05\/Composite-restorations.jpg\" class=\"attachment-full size-full wp-image-30350\" alt=\"\" srcset=\"https:\/\/cliniquedentairepointeclaire.com\/wp-content\/uploads\/2025\/05\/Composite-restorations.jpg 368w, https:\/\/cliniquedentairepointeclaire.com\/wp-content\/uploads\/2025\/05\/Composite-restorations-300x207.jpg 300w\" sizes=\"(max-width: 368px) 100vw, 368px\" \/><\/a><\/figure><div class=\"elementor-image-box-content\"><h3 class=\"elementor-image-box-title\"><a href=\"https:\/\/cliniquedentairepointeclaire.com\/fr\/services-dentaires\/dentisterie-generale-et-familiale\/plombages-blancs-traitement-des-caries\/\">Restaurations composites<\/a><\/h3><p class=\"elementor-image-box-description\"><a style=\"color:#000\" href=\"https:\/\/cliniquedentairepointeclaire.com\/fr\/services-dentaires\/dentisterie-generale-et-familiale\/plombages-blancs-traitement-des-caries\/\">\nTraitement dentaire courant pour r\u00e9parer les caries. Ces obturations sont de la couleur de la dent et se fondent dans la structure dentaire environnante, offrant ainsi une apparence naturelle.\n<\/a> <\/p><\/div><\/div>\t\t\t\t<\/div>\n\t\t\t\t<\/div>\n\t\t\t\t\t<\/div>\n\t\t<\/div>\n\t\t\t\t<div class=\"elementor-column elementor-col-33 elementor-top-column elementor-element elementor-element-fd7f537\" data-id=\"fd7f537\" data-element_type=\"column\" data-e-type=\"column\">\n\t\t\t<div class=\"elementor-widget-wrap elementor-element-populated\">\n\t\t\t\t\t\t<div class=\"elementor-element elementor-element-db4396b elementor-position-top elementor-widget elementor-widget-image-box\" data-id=\"db4396b\" data-element_type=\"widget\" data-e-type=\"widget\" data-widget_type=\"image-box.default\">\n\t\t\t\t<div class=\"elementor-widget-container\">\n\t\t\t\t\t<div class=\"elementor-image-box-wrapper\"><figure class=\"elementor-image-box-img\"><a href=\"https:\/\/cliniquedentairepointeclaire.com\/fr\/services-dentaires\/dentisterie-generale-et-familiale\/couronnes-et-ponts\/\" tabindex=\"-1\"><img decoding=\"async\" width=\"368\" height=\"254\" src=\"https:\/\/cliniquedentairepointeclaire.com\/wp-content\/uploads\/2025\/05\/Dental-crowns-and-bridges.jpg\" class=\"attachment-full size-full wp-image-30355\" alt=\"\" srcset=\"https:\/\/cliniquedentairepointeclaire.com\/wp-content\/uploads\/2025\/05\/Dental-crowns-and-bridges.jpg 368w, https:\/\/cliniquedentairepointeclaire.com\/wp-content\/uploads\/2025\/05\/Dental-crowns-and-bridges-300x207.jpg 300w\" sizes=\"(max-width: 368px) 100vw, 368px\" \/><\/a><\/figure><div class=\"elementor-image-box-content\"><h3 class=\"elementor-image-box-title\"><a href=\"https:\/\/cliniquedentairepointeclaire.com\/fr\/services-dentaires\/dentisterie-generale-et-familiale\/couronnes-et-ponts\/\">Couronnes et ponts<\/a><\/h3><p class=\"elementor-image-box-description\"><a style=\"color:#000\" href=\"https:\/\/cliniquedentairepointeclaire.com\/fr\/services-dentaires\/dentisterie-generale-et-familiale\/couronnes-et-ponts\/\">\nLes couronnes et les ponts dentaires sont des solutions efficaces pour restaurer les dents endommag\u00e9es ou manquantes, am\u00e9liorant ainsi la sant\u00e9 bucco-dentaire, la fonctionnalit\u00e9 et l\u2019esth\u00e9tique.\n<\/a> <\/p><\/div><\/div>\t\t\t\t<\/div>\n\t\t\t\t<\/div>\n\t\t\t\t\t<\/div>\n\t\t<\/div>\n\t\t\t\t\t<\/div>\n\t\t<\/section>\n\t\t\t\t<section class=\"elementor-section elementor-top-section elementor-element elementor-element-8592591 elementor-section-boxed elementor-section-height-default elementor-section-height-default\" data-id=\"8592591\" data-element_type=\"section\" data-e-type=\"section\">\n\t\t\t\t\t\t<div class=\"elementor-container elementor-column-gap-default\">\n\t\t\t\t\t<div class=\"elementor-column elementor-col-33 elementor-top-column elementor-element elementor-element-5b137f5\" data-id=\"5b137f5\" data-element_type=\"column\" data-e-type=\"column\">\n\t\t\t<div class=\"elementor-widget-wrap elementor-element-populated\">\n\t\t\t\t\t\t<div class=\"elementor-element elementor-element-b7bbf6d elementor-position-top elementor-widget elementor-widget-image-box\" data-id=\"b7bbf6d\" data-element_type=\"widget\" data-e-type=\"widget\" data-widget_type=\"image-box.default\">\n\t\t\t\t<div class=\"elementor-widget-container\">\n\t\t\t\t\t<div class=\"elementor-image-box-wrapper\"><figure class=\"elementor-image-box-img\"><a href=\"https:\/\/cliniquedentairepointeclaire.com\/fr\/dentiers\/\" tabindex=\"-1\"><img loading=\"lazy\" decoding=\"async\" width=\"368\" height=\"254\" src=\"https:\/\/cliniquedentairepointeclaire.com\/wp-content\/uploads\/2025\/04\/Dentures-final-2.jpg\" class=\"attachment-full size-full wp-image-29275\" alt=\"\" srcset=\"https:\/\/cliniquedentairepointeclaire.com\/wp-content\/uploads\/2025\/04\/Dentures-final-2.jpg 368w, https:\/\/cliniquedentairepointeclaire.com\/wp-content\/uploads\/2025\/04\/Dentures-final-2-300x207.jpg 300w\" sizes=\"(max-width: 368px) 100vw, 368px\" \/><\/a><\/figure><div class=\"elementor-image-box-content\"><h3 class=\"elementor-image-box-title\"><a href=\"https:\/\/cliniquedentairepointeclaire.com\/fr\/dentiers\/\">Dentiers<\/a><\/h3><p class=\"elementor-image-box-description\"><a style=\"color:#000\" href=\"https:\/\/cliniquedentairepointeclaire.com\/fr\/dentiers\/\">\n\u00c0 la Clinique dentaire Pointe-Claire, notre denturologiste et notre dentiste travaillent ensemble pour vous offrir la solution de traitement qui r\u00e9pond le mieux \u00e0 vos besoins.\n<\/a> <\/p><\/div><\/div>\t\t\t\t<\/div>\n\t\t\t\t<\/div>\n\t\t\t\t\t<\/div>\n\t\t<\/div>\n\t\t\t\t<div class=\"elementor-column elementor-col-33 elementor-top-column elementor-element elementor-element-379277b\" data-id=\"379277b\" data-element_type=\"column\" data-e-type=\"column\">\n\t\t\t<div class=\"elementor-widget-wrap\">\n\t\t\t\t\t\t\t<\/div>\n\t\t<\/div>\n\t\t\t\t<div class=\"elementor-column elementor-col-33 elementor-top-column elementor-element elementor-element-200e674\" data-id=\"200e674\" data-element_type=\"column\" data-e-type=\"column\">\n\t\t\t<div class=\"elementor-widget-wrap\">\n\t\t\t\t\t\t\t<\/div>\n\t\t<\/div>\n\t\t\t\t\t<\/div>\n\t\t<\/section>\n\t\t\t\t<\/div>\n\t\t","protected":false},"excerpt":{"rendered":"<p>DENTISTERIE RESTAURATRICE La dentisterie restauratrice vise \u00e0 r\u00e9parer ou \u00e0 remplacer les dents. L&rsquo;objectif principal est d&rsquo;am\u00e9liorer la sant\u00e9 bucco-dentaire [&hellip;]<\/p>\n","protected":false},"author":1,"featured_media":0,"parent":0,"menu_order":0,"comment_status":"closed","ping_status":"closed","template":"","meta":{"site-sidebar-layout":"no-sidebar","site-content-layout":"","ast-site-content-layout":"full-width-container","site-content-style":"default","site-sidebar-style":"default","ast-global-header-display":"","ast-banner-title-visibility":"","ast-main-header-display":"","ast-hfb-above-header-display":"","ast-hfb-below-header-display":"","ast-hfb-mobile-header-display":"","site-post-title":"disabled","ast-breadcrumbs-content":"","ast-featured-img":"disabled","footer-sml-layout":"","ast-disable-related-posts":"","theme-transparent-header-meta":"","adv-header-id-meta":"","stick-header-meta":"","header-above-stick-meta":"","header-main-stick-meta":"","header-below-stick-meta":"","astra-migrate-meta-layouts":"default","ast-page-background-enabled":"default","ast-page-background-meta":{"desktop":{"background-color":"var(--ast-global-color-4)","background-image":"","background-repeat":"repeat","background-position":"center center","background-size":"auto","background-attachment":"scroll","background-type":"","background-media":"","overlay-type":"","overlay-color":"","overlay-opacity":"","overlay-gradient":""},"tablet":{"background-color":"","background-image":"","background-repeat":"repeat","background-position":"center center","background-size":"auto","background-attachment":"scroll","background-type":"","background-media":"","overlay-type":"","overlay-color":"","overlay-opacity":"","overlay-gradient":""},"mobile":{"background-color":"","background-image":"","background-repeat":"repeat","background-position":"center center","background-size":"auto","background-attachment":"scroll","background-type":"","background-media":"","overlay-type":"","overlay-color":"","overlay-opacity":"","overlay-gradient":""}},"ast-content-background-meta":{"desktop":{"background-color":"var(--ast-global-color-5)","background-image":"","background-repeat":"repeat","background-position":"center center","background-size":"auto","background-attachment":"scroll","background-type":"","background-media":"","overlay-type":"","overlay-color":"","overlay-opacity":"","overlay-gradient":""},"tablet":{"background-color":"var(--ast-global-color-5)","background-image":"","background-repeat":"repeat","background-position":"center center","background-size":"auto","background-attachment":"scroll","background-type":"","background-media":"","overlay-type":"","overlay-color":"","overlay-opacity":"","overlay-gradient":""},"mobile":{"background-color":"var(--ast-global-color-5)","background-image":"","background-repeat":"repeat","background-position":"center center","background-size":"auto","background-attachment":"scroll","background-type":"","background-media":"","overlay-type":"","overlay-color":"","overlay-opacity":"","overlay-gradient":""}},"footnotes":""},"class_list":["post-15920","page","type-page","status-publish","hentry"],"yoast_head":"<!-- This site is optimized with the Yoast SEO plugin v27.3 - https:\/\/yoast.com\/product\/yoast-seo-wordpress\/ -->\n<title>Services de dentisterie restauratrice Pointe-Claire | Clinique Dentaire<\/title>\n<meta name=\"description\" content=\"La Clinique Dentaire Pointe-Claire propose des services de dentisterie restauratrice pour r\u00e9parer les dents endommag\u00e9es, restaurer la fonction et embellir votre sourire.\" \/>\n<meta name=\"robots\" content=\"index, follow, max-snippet:-1, max-image-preview:large, max-video-preview:-1\" \/>\n<link rel=\"canonical\" href=\"https:\/\/cliniquedentairepointeclaire.com\/fr\/dentisterie-restauratrice\/\" \/>\n<meta property=\"og:locale\" content=\"fr_FR\" \/>\n<meta property=\"og:type\" content=\"article\" \/>\n<meta property=\"og:title\" content=\"Services de dentisterie restauratrice Pointe-Claire | Clinique Dentaire\" \/>\n<meta property=\"og:description\" content=\"La Clinique Dentaire Pointe-Claire propose des services de dentisterie restauratrice pour r\u00e9parer les dents endommag\u00e9es, restaurer la fonction et embellir votre sourire.\" \/>\n<meta property=\"og:url\" content=\"https:\/\/cliniquedentairepointeclaire.com\/fr\/dentisterie-restauratrice\/\" \/>\n<meta property=\"og:site_name\" content=\"Clinique Dentaire Pointe Claire\" \/>\n<meta property=\"article:modified_time\" content=\"2025-08-16T13:07:48+00:00\" \/>\n<meta property=\"og:image\" content=\"http:\/\/pwmhosting.ca\/clinique-dentaire-pointe-claire\/wp-content\/uploads\/2025\/05\/Dental-implants.jpg\" \/>\n<meta name=\"twitter:card\" content=\"summary_large_image\" \/>\n<meta name=\"twitter:label1\" content=\"Dur\u00e9e de lecture estim\u00e9e\" \/>\n\t<meta name=\"twitter:data1\" content=\"2 minutes\" \/>\n<script type=\"application\/ld+json\" class=\"yoast-schema-graph\">{\"@context\":\"https:\\\/\\\/schema.org\",\"@graph\":[{\"@type\":\"WebPage\",\"@id\":\"https:\\\/\\\/cliniquedentairepointeclaire.com\\\/fr\\\/dentisterie-restauratrice\\\/\",\"url\":\"https:\\\/\\\/cliniquedentairepointeclaire.com\\\/fr\\\/dentisterie-restauratrice\\\/\",\"name\":\"Services de dentisterie restauratrice Pointe-Claire | Clinique Dentaire\",\"isPartOf\":{\"@id\":\"https:\\\/\\\/cliniquedentairepointeclaire.com\\\/fr\\\/#website\"},\"primaryImageOfPage\":{\"@id\":\"https:\\\/\\\/cliniquedentairepointeclaire.com\\\/fr\\\/dentisterie-restauratrice\\\/#primaryimage\"},\"image\":{\"@id\":\"https:\\\/\\\/cliniquedentairepointeclaire.com\\\/fr\\\/dentisterie-restauratrice\\\/#primaryimage\"},\"thumbnailUrl\":\"http:\\\/\\\/pwmhosting.ca\\\/clinique-dentaire-pointe-claire\\\/wp-content\\\/uploads\\\/2025\\\/05\\\/Dental-implants.jpg\",\"datePublished\":\"2024-07-26T10:02:27+00:00\",\"dateModified\":\"2025-08-16T13:07:48+00:00\",\"description\":\"La Clinique Dentaire Pointe-Claire propose des services de dentisterie restauratrice pour r\u00e9parer les dents endommag\u00e9es, restaurer la fonction et embellir votre sourire.\",\"breadcrumb\":{\"@id\":\"https:\\\/\\\/cliniquedentairepointeclaire.com\\\/fr\\\/dentisterie-restauratrice\\\/#breadcrumb\"},\"inLanguage\":\"fr-FR\",\"potentialAction\":[{\"@type\":\"ReadAction\",\"target\":[\"https:\\\/\\\/cliniquedentairepointeclaire.com\\\/fr\\\/dentisterie-restauratrice\\\/\"]}]},{\"@type\":\"ImageObject\",\"inLanguage\":\"fr-FR\",\"@id\":\"https:\\\/\\\/cliniquedentairepointeclaire.com\\\/fr\\\/dentisterie-restauratrice\\\/#primaryimage\",\"url\":\"http:\\\/\\\/pwmhosting.ca\\\/clinique-dentaire-pointe-claire\\\/wp-content\\\/uploads\\\/2025\\\/05\\\/Dental-implants.jpg\",\"contentUrl\":\"http:\\\/\\\/pwmhosting.ca\\\/clinique-dentaire-pointe-claire\\\/wp-content\\\/uploads\\\/2025\\\/05\\\/Dental-implants.jpg\"},{\"@type\":\"BreadcrumbList\",\"@id\":\"https:\\\/\\\/cliniquedentairepointeclaire.com\\\/fr\\\/dentisterie-restauratrice\\\/#breadcrumb\",\"itemListElement\":[{\"@type\":\"ListItem\",\"position\":1,\"name\":\"Home\",\"item\":\"https:\\\/\\\/cliniquedentairepointeclaire.com\\\/fr\\\/\"},{\"@type\":\"ListItem\",\"position\":2,\"name\":\"Dentisterie restauratrice\"}]},{\"@type\":\"WebSite\",\"@id\":\"https:\\\/\\\/cliniquedentairepointeclaire.com\\\/fr\\\/#website\",\"url\":\"https:\\\/\\\/cliniquedentairepointeclaire.com\\\/fr\\\/\",\"name\":\"Clinique Dentaire Pointe Claire\",\"description\":\"\",\"potentialAction\":[{\"@type\":\"SearchAction\",\"target\":{\"@type\":\"EntryPoint\",\"urlTemplate\":\"https:\\\/\\\/cliniquedentairepointeclaire.com\\\/fr\\\/?s={search_term_string}\"},\"query-input\":{\"@type\":\"PropertyValueSpecification\",\"valueRequired\":true,\"valueName\":\"search_term_string\"}}],\"inLanguage\":\"fr-FR\"}]}<\/script>\n<!-- \/ Yoast SEO plugin. -->","yoast_head_json":{"title":"Services de dentisterie restauratrice Pointe-Claire | Clinique Dentaire","description":"La Clinique Dentaire Pointe-Claire propose des services de dentisterie restauratrice pour r\u00e9parer les dents endommag\u00e9es, restaurer la fonction et embellir votre sourire.","robots":{"index":"index","follow":"follow","max-snippet":"max-snippet:-1","max-image-preview":"max-image-preview:large","max-video-preview":"max-video-preview:-1"},"canonical":"https:\/\/cliniquedentairepointeclaire.com\/fr\/dentisterie-restauratrice\/","og_locale":"fr_FR","og_type":"article","og_title":"Services de dentisterie restauratrice Pointe-Claire | Clinique Dentaire","og_description":"La Clinique Dentaire Pointe-Claire propose des services de dentisterie restauratrice pour r\u00e9parer les dents endommag\u00e9es, restaurer la fonction et embellir votre sourire.","og_url":"https:\/\/cliniquedentairepointeclaire.com\/fr\/dentisterie-restauratrice\/","og_site_name":"Clinique Dentaire Pointe Claire","article_modified_time":"2025-08-16T13:07:48+00:00","og_image":[{"url":"http:\/\/pwmhosting.ca\/clinique-dentaire-pointe-claire\/wp-content\/uploads\/2025\/05\/Dental-implants.jpg","type":"","width":"","height":""}],"twitter_card":"summary_large_image","twitter_misc":{"Dur\u00e9e de lecture estim\u00e9e":"2 minutes"},"schema":{"@context":"https:\/\/schema.org","@graph":[{"@type":"WebPage","@id":"https:\/\/cliniquedentairepointeclaire.com\/fr\/dentisterie-restauratrice\/","url":"https:\/\/cliniquedentairepointeclaire.com\/fr\/dentisterie-restauratrice\/","name":"Services de dentisterie restauratrice Pointe-Claire | Clinique Dentaire","isPartOf":{"@id":"https:\/\/cliniquedentairepointeclaire.com\/fr\/#website"},"primaryImageOfPage":{"@id":"https:\/\/cliniquedentairepointeclaire.com\/fr\/dentisterie-restauratrice\/#primaryimage"},"image":{"@id":"https:\/\/cliniquedentairepointeclaire.com\/fr\/dentisterie-restauratrice\/#primaryimage"},"thumbnailUrl":"http:\/\/pwmhosting.ca\/clinique-dentaire-pointe-claire\/wp-content\/uploads\/2025\/05\/Dental-implants.jpg","datePublished":"2024-07-26T10:02:27+00:00","dateModified":"2025-08-16T13:07:48+00:00","description":"La Clinique Dentaire Pointe-Claire propose des services de dentisterie restauratrice pour r\u00e9parer les dents endommag\u00e9es, restaurer la fonction et embellir votre sourire.","breadcrumb":{"@id":"https:\/\/cliniquedentairepointeclaire.com\/fr\/dentisterie-restauratrice\/#breadcrumb"},"inLanguage":"fr-FR","potentialAction":[{"@type":"ReadAction","target":["https:\/\/cliniquedentairepointeclaire.com\/fr\/dentisterie-restauratrice\/"]}]},{"@type":"ImageObject","inLanguage":"fr-FR","@id":"https:\/\/cliniquedentairepointeclaire.com\/fr\/dentisterie-restauratrice\/#primaryimage","url":"http:\/\/pwmhosting.ca\/clinique-dentaire-pointe-claire\/wp-content\/uploads\/2025\/05\/Dental-implants.jpg","contentUrl":"http:\/\/pwmhosting.ca\/clinique-dentaire-pointe-claire\/wp-content\/uploads\/2025\/05\/Dental-implants.jpg"},{"@type":"BreadcrumbList","@id":"https:\/\/cliniquedentairepointeclaire.com\/fr\/dentisterie-restauratrice\/#breadcrumb","itemListElement":[{"@type":"ListItem","position":1,"name":"Home","item":"https:\/\/cliniquedentairepointeclaire.com\/fr\/"},{"@type":"ListItem","position":2,"name":"Dentisterie restauratrice"}]},{"@type":"WebSite","@id":"https:\/\/cliniquedentairepointeclaire.com\/fr\/#website","url":"https:\/\/cliniquedentairepointeclaire.com\/fr\/","name":"Clinique Dentaire Pointe Claire","description":"","potentialAction":[{"@type":"SearchAction","target":{"@type":"EntryPoint","urlTemplate":"https:\/\/cliniquedentairepointeclaire.com\/fr\/?s={search_term_string}"},"query-input":{"@type":"PropertyValueSpecification","valueRequired":true,"valueName":"search_term_string"}}],"inLanguage":"fr-FR"}]}},"_links":{"self":[{"href":"https:\/\/cliniquedentairepointeclaire.com\/fr\/wp-json\/wp\/v2\/pages\/15920","targetHints":{"allow":["GET"]}}],"collection":[{"href":"https:\/\/cliniquedentairepointeclaire.com\/fr\/wp-json\/wp\/v2\/pages"}],"about":[{"href":"https:\/\/cliniquedentairepointeclaire.com\/fr\/wp-json\/wp\/v2\/types\/page"}],"author":[{"embeddable":true,"href":"https:\/\/cliniquedentairepointeclaire.com\/fr\/wp-json\/wp\/v2\/users\/1"}],"replies":[{"embeddable":true,"href":"https:\/\/cliniquedentairepointeclaire.com\/fr\/wp-json\/wp\/v2\/comments?post=15920"}],"version-history":[{"count":0,"href":"https:\/\/cliniquedentairepointeclaire.com\/fr\/wp-json\/wp\/v2\/pages\/15920\/revisions"}],"wp:attachment":[{"href":"https:\/\/cliniquedentairepointeclaire.com\/fr\/wp-json\/wp\/v2\/media?parent=15920"}],"curies":[{"name":"wp","href":"https:\/\/api.w.org\/{rel}","templated":true}]}}