{"id":15916,"date":"2024-05-31T11:52:44","date_gmt":"2024-05-31T11:52:44","guid":{"rendered":"https:\/\/pwmhosting.ca\/clinique-dentaire-pointe-claire\/informations-pour-les-patients\/instructions-post-operatoires\/"},"modified":"2025-09-05T05:18:42","modified_gmt":"2025-09-05T05:18:42","slug":"instructions-post-operatoires","status":"publish","type":"page","link":"https:\/\/cliniquedentairepointeclaire.com\/fr\/informations-pour-les-patients\/instructions-post-operatoires\/","title":{"rendered":"INSTRUCTIONS POST-OP\u00c9RATOIRES"},"content":{"rendered":"\t\t<div data-elementor-type=\"wp-page\" data-elementor-id=\"15916\" class=\"elementor elementor-15916 elementor-1067\">\n\t\t\t\t\t\t<section class=\"elementor-section elementor-top-section elementor-element elementor-element-9916491 elementor-section-boxed elementor-section-height-default elementor-section-height-default\" data-id=\"9916491\" data-element_type=\"section\" data-e-type=\"section\">\n\t\t\t\t\t\t<div class=\"elementor-container elementor-column-gap-default\">\n\t\t\t\t\t<div class=\"elementor-column elementor-col-100 elementor-top-column elementor-element elementor-element-9f30e21\" data-id=\"9f30e21\" data-element_type=\"column\" data-e-type=\"column\">\n\t\t\t<div class=\"elementor-widget-wrap elementor-element-populated\">\n\t\t\t\t\t\t<div class=\"elementor-element elementor-element-aabe050 elementor-widget elementor-widget-heading\" data-id=\"aabe050\" data-element_type=\"widget\" data-e-type=\"widget\" data-widget_type=\"heading.default\">\n\t\t\t\t<div class=\"elementor-widget-container\">\n\t\t\t\t\t<h1 class=\"elementor-heading-title elementor-size-default\">Instructions post-op\u00e9ratoires<\/h1>\t\t\t\t<\/div>\n\t\t\t\t<\/div>\n\t\t\t\t<div class=\"elementor-element elementor-element-c3f6f42 elementor-widget-divider--view-line elementor-widget elementor-widget-divider\" data-id=\"c3f6f42\" data-element_type=\"widget\" data-e-type=\"widget\" data-widget_type=\"divider.default\">\n\t\t\t\t<div class=\"elementor-widget-container\">\n\t\t\t\t\t\t\t<div class=\"elementor-divider\">\n\t\t\t<span class=\"elementor-divider-separator\">\n\t\t\t\t\t\t<\/span>\n\t\t<\/div>\n\t\t\t\t\t\t<\/div>\n\t\t\t\t<\/div>\n\t\t\t\t\t<\/div>\n\t\t<\/div>\n\t\t\t\t\t<\/div>\n\t\t<\/section>\n\t\t\t\t<section class=\"elementor-section elementor-top-section elementor-element elementor-element-3a8e878 elementor-section-boxed elementor-section-height-default elementor-section-height-default\" data-id=\"3a8e878\" data-element_type=\"section\" data-e-type=\"section\">\n\t\t\t\t\t\t<div class=\"elementor-container elementor-column-gap-default\">\n\t\t\t\t\t<div data-tp-sc-link=\"https:\/\/cliniquedentairepointeclaire.com\/fr\/greffe-de-gencive-alloderm\/\" data-tp-sc-link-external=\"\" style=\"cursor: pointer\" class=\"elementor-column elementor-col-33 elementor-top-column elementor-element elementor-element-77a7b3e\" data-id=\"77a7b3e\" data-element_type=\"column\" data-e-type=\"column\">\n\t\t\t<div class=\"elementor-widget-wrap elementor-element-populated\">\n\t\t\t\t\t\t<div class=\"elementor-element elementor-element-5e474e0 elementor-widget elementor-widget-image\" data-id=\"5e474e0\" data-element_type=\"widget\" data-e-type=\"widget\" data-widget_type=\"image.default\">\n\t\t\t\t<div class=\"elementor-widget-container\">\n\t\t\t\t\t\t\t\t\t\t\t\t\t\t\t<img fetchpriority=\"high\" decoding=\"async\" width=\"800\" height=\"565\" src=\"https:\/\/cliniquedentairepointeclaire.com\/wp-content\/uploads\/2024\/06\/Gum-graft.png\" class=\"attachment-large size-large wp-image-15086\" alt=\"\" srcset=\"https:\/\/cliniquedentairepointeclaire.com\/wp-content\/uploads\/2024\/06\/Gum-graft.png 800w, https:\/\/cliniquedentairepointeclaire.com\/wp-content\/uploads\/2024\/06\/Gum-graft-300x212.png 300w, https:\/\/cliniquedentairepointeclaire.com\/wp-content\/uploads\/2024\/06\/Gum-graft-768x542.png 768w\" sizes=\"(max-width: 800px) 100vw, 800px\" \/>\t\t\t\t\t\t\t\t\t\t\t\t\t\t\t<\/div>\n\t\t\t\t<\/div>\n\t\t\t\t<div class=\"elementor-element elementor-element-bb4a58b elementor-widget elementor-widget-heading\" data-id=\"bb4a58b\" data-element_type=\"widget\" data-e-type=\"widget\" data-widget_type=\"heading.default\">\n\t\t\t\t<div class=\"elementor-widget-container\">\n\t\t\t\t\t<h2 class=\"elementor-heading-title elementor-size-default\">Apr\u00e8s une greffe de gencive<\/h2>\t\t\t\t<\/div>\n\t\t\t\t<\/div>\n\t\t\t\t<div class=\"elementor-element elementor-element-d3c8d97 elementor-widget elementor-widget-text-editor\" data-id=\"d3c8d97\" data-element_type=\"widget\" data-e-type=\"widget\" data-widget_type=\"text-editor.default\">\n\t\t\t\t<div class=\"elementor-widget-container\">\n\t\t\t\t\t\t\t\t\tLes rendez-vous postop\u00e9ratoires seront planifi\u00e9s selon les besoins. Notre objectif et notre d\u00e9sir sinc\u00e8re sont de vous garder aussi \u00e0 l&rsquo;aise que possible apr\u00e8s la chirurgie. Si vous avez des questions ou des probl\u00e8mes, n&rsquo;h\u00e9sitez pas \u00e0 appeler le bureau au 514-697-7391.\t\t\t\t\t\t\t\t<\/div>\n\t\t\t\t<\/div>\n\t\t\t\t\t<\/div>\n\t\t<\/div>\n\t\t\t\t<div data-tp-sc-link=\"https:\/\/cliniquedentairepointeclaire.com\/fr\/apres-lextraction-dune-dent\/\" data-tp-sc-link-external=\"\" style=\"cursor: pointer\" class=\"elementor-column elementor-col-33 elementor-top-column elementor-element elementor-element-d733e29\" data-id=\"d733e29\" data-element_type=\"column\" data-e-type=\"column\">\n\t\t\t<div class=\"elementor-widget-wrap elementor-element-populated\">\n\t\t\t\t\t\t<div class=\"elementor-element elementor-element-5617612 elementor-widget elementor-widget-image\" data-id=\"5617612\" data-element_type=\"widget\" data-e-type=\"widget\" data-widget_type=\"image.default\">\n\t\t\t\t<div class=\"elementor-widget-container\">\n\t\t\t\t\t\t\t\t\t\t\t\t\t\t\t<img decoding=\"async\" width=\"800\" height=\"565\" src=\"https:\/\/cliniquedentairepointeclaire.com\/wp-content\/uploads\/2024\/06\/teath-final.jpg\" class=\"attachment-large size-large wp-image-15090\" alt=\"\" srcset=\"https:\/\/cliniquedentairepointeclaire.com\/wp-content\/uploads\/2024\/06\/teath-final.jpg 800w, https:\/\/cliniquedentairepointeclaire.com\/wp-content\/uploads\/2024\/06\/teath-final-300x212.jpg 300w, https:\/\/cliniquedentairepointeclaire.com\/wp-content\/uploads\/2024\/06\/teath-final-768x542.jpg 768w\" sizes=\"(max-width: 800px) 100vw, 800px\" \/>\t\t\t\t\t\t\t\t\t\t\t\t\t\t\t<\/div>\n\t\t\t\t<\/div>\n\t\t\t\t<div class=\"elementor-element elementor-element-ff22dcf elementor-widget elementor-widget-heading\" data-id=\"ff22dcf\" data-element_type=\"widget\" data-e-type=\"widget\" data-widget_type=\"heading.default\">\n\t\t\t\t<div class=\"elementor-widget-container\">\n\t\t\t\t\t<h2 class=\"elementor-heading-title elementor-size-default\">Apr\u00e8s l'extraction d'une dent<\/h2>\t\t\t\t<\/div>\n\t\t\t\t<\/div>\n\t\t\t\t<div class=\"elementor-element elementor-element-97a6da7 elementor-widget elementor-widget-text-editor\" data-id=\"97a6da7\" data-element_type=\"widget\" data-e-type=\"widget\" data-widget_type=\"text-editor.default\">\n\t\t\t\t<div class=\"elementor-widget-container\">\n\t\t\t\t\t\t\t\t\tVous trouverez ici les consignes \u00e0 suivre pour favoriser la gu\u00e9rison apr\u00e8s une extraction dentaire chirurgicale. Veuillez noter qu&rsquo;il est normal de ressentir un certain inconfort et un gonflement apr\u00e8s l&rsquo;intervention.\t\t\t\t\t\t\t\t<\/div>\n\t\t\t\t<\/div>\n\t\t\t\t\t<\/div>\n\t\t<\/div>\n\t\t\t\t<div data-tp-sc-link=\"https:\/\/cliniquedentairepointeclaire.com\/fr\/apres-la-pose-dimplants-dentaires\/\" data-tp-sc-link-external=\"\" style=\"cursor: pointer\" class=\"elementor-column elementor-col-33 elementor-top-column elementor-element elementor-element-6202977\" data-id=\"6202977\" data-element_type=\"column\" data-e-type=\"column\">\n\t\t\t<div class=\"elementor-widget-wrap elementor-element-populated\">\n\t\t\t\t\t\t<div class=\"elementor-element elementor-element-bb03fc0 elementor-widget elementor-widget-image\" data-id=\"bb03fc0\" data-element_type=\"widget\" data-e-type=\"widget\" data-widget_type=\"image.default\">\n\t\t\t\t<div class=\"elementor-widget-container\">\n\t\t\t\t\t\t\t\t\t\t\t\t\t\t\t<img decoding=\"async\" width=\"800\" height=\"565\" src=\"https:\/\/cliniquedentairepointeclaire.com\/wp-content\/uploads\/2024\/06\/Untitled-2.jpg\" class=\"attachment-large size-large wp-image-15089\" alt=\"\" srcset=\"https:\/\/cliniquedentairepointeclaire.com\/wp-content\/uploads\/2024\/06\/Untitled-2.jpg 800w, https:\/\/cliniquedentairepointeclaire.com\/wp-content\/uploads\/2024\/06\/Untitled-2-300x212.jpg 300w, https:\/\/cliniquedentairepointeclaire.com\/wp-content\/uploads\/2024\/06\/Untitled-2-768x542.jpg 768w\" sizes=\"(max-width: 800px) 100vw, 800px\" \/>\t\t\t\t\t\t\t\t\t\t\t\t\t\t\t<\/div>\n\t\t\t\t<\/div>\n\t\t\t\t<div class=\"elementor-element elementor-element-067c7fb elementor-widget elementor-widget-heading\" data-id=\"067c7fb\" data-element_type=\"widget\" data-e-type=\"widget\" data-widget_type=\"heading.default\">\n\t\t\t\t<div class=\"elementor-widget-container\">\n\t\t\t\t\t<h2 class=\"elementor-heading-title elementor-size-default\">Apr\u00e8s la chirurgie implantaire<\/h2>\t\t\t\t<\/div>\n\t\t\t\t<\/div>\n\t\t\t\t<div class=\"elementor-element elementor-element-dd685ec elementor-widget elementor-widget-text-editor\" data-id=\"dd685ec\" data-element_type=\"widget\" data-e-type=\"widget\" data-widget_type=\"text-editor.default\">\n\t\t\t\t<div class=\"elementor-widget-container\">\n\t\t\t\t\t\t\t\t\tLa pose d&rsquo;implants dentaires n&rsquo;entra\u00eene g\u00e9n\u00e9ralement pas beaucoup de douleur. Cependant, une lecture attentive et le respect de ces instructions assureront une gu\u00e9rison facile et en douceur. Veuillez les lire avant l&rsquo;intervention.\t\t\t\t\t\t\t\t<\/div>\n\t\t\t\t<\/div>\n\t\t\t\t\t<\/div>\n\t\t<\/div>\n\t\t\t\t\t<\/div>\n\t\t<\/section>\n\t\t\t\t<\/div>\n\t\t","protected":false},"excerpt":{"rendered":"<p>Instructions post-op\u00e9ratoires Apr\u00e8s une greffe de gencive Les rendez-vous postop\u00e9ratoires seront planifi\u00e9s selon les besoins. Notre objectif et notre d\u00e9sir [&hellip;]<\/p>\n","protected":false},"author":1,"featured_media":0,"parent":15914,"menu_order":0,"comment_status":"closed","ping_status":"closed","template":"","meta":{"site-sidebar-layout":"no-sidebar","site-content-layout":"","ast-site-content-layout":"full-width-container","site-content-style":"default","site-sidebar-style":"default","ast-global-header-display":"","ast-banner-title-visibility":"","ast-main-header-display":"","ast-hfb-above-header-display":"","ast-hfb-below-header-display":"","ast-hfb-mobile-header-display":"","site-post-title":"disabled","ast-breadcrumbs-content":"","ast-featured-img":"disabled","footer-sml-layout":"","ast-disable-related-posts":"","theme-transparent-header-meta":"","adv-header-id-meta":"","stick-header-meta":"","header-above-stick-meta":"","header-main-stick-meta":"","header-below-stick-meta":"","astra-migrate-meta-layouts":"default","ast-page-background-enabled":"default","ast-page-background-meta":{"desktop":{"background-color":"var(--ast-global-color-4)","background-image":"","background-repeat":"repeat","background-position":"center center","background-size":"auto","background-attachment":"scroll","background-type":"","background-media":"","overlay-type":"","overlay-color":"","overlay-opacity":"","overlay-gradient":""},"tablet":{"background-color":"","background-image":"","background-repeat":"repeat","background-position":"center center","background-size":"auto","background-attachment":"scroll","background-type":"","background-media":"","overlay-type":"","overlay-color":"","overlay-opacity":"","overlay-gradient":""},"mobile":{"background-color":"","background-image":"","background-repeat":"repeat","background-position":"center center","background-size":"auto","background-attachment":"scroll","background-type":"","background-media":"","overlay-type":"","overlay-color":"","overlay-opacity":"","overlay-gradient":""}},"ast-content-background-meta":{"desktop":{"background-color":"var(--ast-global-color-5)","background-image":"","background-repeat":"repeat","background-position":"center center","background-size":"auto","background-attachment":"scroll","background-type":"","background-media":"","overlay-type":"","overlay-color":"","overlay-opacity":"","overlay-gradient":""},"tablet":{"background-color":"var(--ast-global-color-5)","background-image":"","background-repeat":"repeat","background-position":"center center","background-size":"auto","background-attachment":"scroll","background-type":"","background-media":"","overlay-type":"","overlay-color":"","overlay-opacity":"","overlay-gradient":""},"mobile":{"background-color":"var(--ast-global-color-5)","background-image":"","background-repeat":"repeat","background-position":"center center","background-size":"auto","background-attachment":"scroll","background-type":"","background-media":"","overlay-type":"","overlay-color":"","overlay-opacity":"","overlay-gradient":""}},"footnotes":""},"class_list":["post-15916","page","type-page","status-publish","hentry"],"yoast_head":"<!-- This site is optimized with the Yoast SEO plugin v27.3 - https:\/\/yoast.com\/product\/yoast-seo-wordpress\/ -->\n<title>Instructions postop\u00e9ratoires | Clinique Dentaire Pointe-Claire<\/title>\n<meta name=\"description\" content=\"Pour acc\u00e9l\u00e9rer le processus de gu\u00e9rison apr\u00e8s l&#039;op\u00e9ration, nous vous recommandons vivement de suivre les recommandations de soins post-op\u00e9ratoires expliqu\u00e9es aLa Clinique Dentaire Pointe-Claire fournit des instructions postop\u00e9ratoires pour favoriser la gu\u00e9rison, r\u00e9duire l&#039;inconfort et assurer le succ\u00e8s de votre traitement dentaire.par notre \u00e9quipe dentaire et disponibles ici.\" \/>\n<meta name=\"robots\" content=\"index, follow, max-snippet:-1, max-image-preview:large, max-video-preview:-1\" \/>\n<link rel=\"canonical\" href=\"https:\/\/cliniquedentairepointeclaire.com\/fr\/informations-pour-les-patients\/instructions-post-operatoires\/\" \/>\n<meta property=\"og:locale\" content=\"fr_FR\" \/>\n<meta property=\"og:type\" content=\"article\" \/>\n<meta property=\"og:title\" content=\"Instructions postop\u00e9ratoires | Clinique Dentaire Pointe-Claire\" \/>\n<meta property=\"og:description\" content=\"Pour acc\u00e9l\u00e9rer le processus de gu\u00e9rison apr\u00e8s l&#039;op\u00e9ration, nous vous recommandons vivement de suivre les recommandations de soins post-op\u00e9ratoires expliqu\u00e9es aLa Clinique Dentaire Pointe-Claire fournit des instructions postop\u00e9ratoires pour favoriser la gu\u00e9rison, r\u00e9duire l&#039;inconfort et assurer le succ\u00e8s de votre traitement dentaire.par notre \u00e9quipe dentaire et disponibles ici.\" \/>\n<meta property=\"og:url\" content=\"https:\/\/cliniquedentairepointeclaire.com\/fr\/informations-pour-les-patients\/instructions-post-operatoires\/\" \/>\n<meta property=\"og:site_name\" content=\"Clinique Dentaire Pointe Claire\" \/>\n<meta property=\"article:modified_time\" content=\"2025-09-05T05:18:42+00:00\" \/>\n<meta property=\"og:image\" content=\"http:\/\/o9z.0e3.mytemp.website\/wp-content\/uploads\/2024\/06\/Gum-graft.png\" \/>\n<meta name=\"twitter:card\" content=\"summary_large_image\" \/>\n<meta name=\"twitter:label1\" content=\"Dur\u00e9e de lecture estim\u00e9e\" \/>\n\t<meta name=\"twitter:data1\" content=\"2 minutes\" \/>\n<script type=\"application\/ld+json\" class=\"yoast-schema-graph\">{\"@context\":\"https:\\\/\\\/schema.org\",\"@graph\":[{\"@type\":\"WebPage\",\"@id\":\"https:\\\/\\\/cliniquedentairepointeclaire.com\\\/fr\\\/informations-pour-les-patients\\\/instructions-post-operatoires\\\/\",\"url\":\"https:\\\/\\\/cliniquedentairepointeclaire.com\\\/fr\\\/informations-pour-les-patients\\\/instructions-post-operatoires\\\/\",\"name\":\"Instructions postop\u00e9ratoires | Clinique Dentaire Pointe-Claire\",\"isPartOf\":{\"@id\":\"https:\\\/\\\/cliniquedentairepointeclaire.com\\\/fr\\\/#website\"},\"primaryImageOfPage\":{\"@id\":\"https:\\\/\\\/cliniquedentairepointeclaire.com\\\/fr\\\/informations-pour-les-patients\\\/instructions-post-operatoires\\\/#primaryimage\"},\"image\":{\"@id\":\"https:\\\/\\\/cliniquedentairepointeclaire.com\\\/fr\\\/informations-pour-les-patients\\\/instructions-post-operatoires\\\/#primaryimage\"},\"thumbnailUrl\":\"http:\\\/\\\/o9z.0e3.mytemp.website\\\/wp-content\\\/uploads\\\/2024\\\/06\\\/Gum-graft.png\",\"datePublished\":\"2024-05-31T11:52:44+00:00\",\"dateModified\":\"2025-09-05T05:18:42+00:00\",\"description\":\"Pour acc\u00e9l\u00e9rer le processus de gu\u00e9rison apr\u00e8s l'op\u00e9ration, nous vous recommandons vivement de suivre les recommandations de soins post-op\u00e9ratoires expliqu\u00e9es aLa Clinique Dentaire Pointe-Claire fournit des instructions postop\u00e9ratoires pour favoriser la gu\u00e9rison, r\u00e9duire l'inconfort et assurer le succ\u00e8s de votre traitement dentaire.par notre \u00e9quipe dentaire et disponibles ici.\",\"breadcrumb\":{\"@id\":\"https:\\\/\\\/cliniquedentairepointeclaire.com\\\/fr\\\/informations-pour-les-patients\\\/instructions-post-operatoires\\\/#breadcrumb\"},\"inLanguage\":\"fr-FR\",\"potentialAction\":[{\"@type\":\"ReadAction\",\"target\":[\"https:\\\/\\\/cliniquedentairepointeclaire.com\\\/fr\\\/informations-pour-les-patients\\\/instructions-post-operatoires\\\/\"]}]},{\"@type\":\"ImageObject\",\"inLanguage\":\"fr-FR\",\"@id\":\"https:\\\/\\\/cliniquedentairepointeclaire.com\\\/fr\\\/informations-pour-les-patients\\\/instructions-post-operatoires\\\/#primaryimage\",\"url\":\"http:\\\/\\\/o9z.0e3.mytemp.website\\\/wp-content\\\/uploads\\\/2024\\\/06\\\/Gum-graft.png\",\"contentUrl\":\"http:\\\/\\\/o9z.0e3.mytemp.website\\\/wp-content\\\/uploads\\\/2024\\\/06\\\/Gum-graft.png\"},{\"@type\":\"BreadcrumbList\",\"@id\":\"https:\\\/\\\/cliniquedentairepointeclaire.com\\\/fr\\\/informations-pour-les-patients\\\/instructions-post-operatoires\\\/#breadcrumb\",\"itemListElement\":[{\"@type\":\"ListItem\",\"position\":1,\"name\":\"Home\",\"item\":\"https:\\\/\\\/cliniquedentairepointeclaire.com\\\/fr\\\/\"},{\"@type\":\"ListItem\",\"position\":2,\"name\":\"Info Patients\",\"item\":\"https:\\\/\\\/cliniquedentairepointeclaire.com\\\/fr\\\/informations-pour-les-patients\\\/\"},{\"@type\":\"ListItem\",\"position\":3,\"name\":\"INSTRUCTIONS POST-OP\u00c9RATOIRES\"}]},{\"@type\":\"WebSite\",\"@id\":\"https:\\\/\\\/cliniquedentairepointeclaire.com\\\/fr\\\/#website\",\"url\":\"https:\\\/\\\/cliniquedentairepointeclaire.com\\\/fr\\\/\",\"name\":\"Clinique Dentaire Pointe Claire\",\"description\":\"\",\"potentialAction\":[{\"@type\":\"SearchAction\",\"target\":{\"@type\":\"EntryPoint\",\"urlTemplate\":\"https:\\\/\\\/cliniquedentairepointeclaire.com\\\/fr\\\/?s={search_term_string}\"},\"query-input\":{\"@type\":\"PropertyValueSpecification\",\"valueRequired\":true,\"valueName\":\"search_term_string\"}}],\"inLanguage\":\"fr-FR\"}]}<\/script>\n<!-- \/ Yoast SEO plugin. -->","yoast_head_json":{"title":"Instructions postop\u00e9ratoires | Clinique Dentaire Pointe-Claire","description":"Pour acc\u00e9l\u00e9rer le processus de gu\u00e9rison apr\u00e8s l'op\u00e9ration, nous vous recommandons vivement de suivre les recommandations de soins post-op\u00e9ratoires expliqu\u00e9es aLa Clinique Dentaire Pointe-Claire fournit des instructions postop\u00e9ratoires pour favoriser la gu\u00e9rison, r\u00e9duire l'inconfort et assurer le succ\u00e8s de votre traitement dentaire.par notre \u00e9quipe dentaire et disponibles ici.","robots":{"index":"index","follow":"follow","max-snippet":"max-snippet:-1","max-image-preview":"max-image-preview:large","max-video-preview":"max-video-preview:-1"},"canonical":"https:\/\/cliniquedentairepointeclaire.com\/fr\/informations-pour-les-patients\/instructions-post-operatoires\/","og_locale":"fr_FR","og_type":"article","og_title":"Instructions postop\u00e9ratoires | Clinique Dentaire Pointe-Claire","og_description":"Pour acc\u00e9l\u00e9rer le processus de gu\u00e9rison apr\u00e8s l'op\u00e9ration, nous vous recommandons vivement de suivre les recommandations de soins post-op\u00e9ratoires expliqu\u00e9es aLa Clinique Dentaire Pointe-Claire fournit des instructions postop\u00e9ratoires pour favoriser la gu\u00e9rison, r\u00e9duire l'inconfort et assurer le succ\u00e8s de votre traitement dentaire.par notre \u00e9quipe dentaire et disponibles ici.","og_url":"https:\/\/cliniquedentairepointeclaire.com\/fr\/informations-pour-les-patients\/instructions-post-operatoires\/","og_site_name":"Clinique Dentaire Pointe Claire","article_modified_time":"2025-09-05T05:18:42+00:00","og_image":[{"url":"http:\/\/o9z.0e3.mytemp.website\/wp-content\/uploads\/2024\/06\/Gum-graft.png","type":"","width":"","height":""}],"twitter_card":"summary_large_image","twitter_misc":{"Dur\u00e9e de lecture estim\u00e9e":"2 minutes"},"schema":{"@context":"https:\/\/schema.org","@graph":[{"@type":"WebPage","@id":"https:\/\/cliniquedentairepointeclaire.com\/fr\/informations-pour-les-patients\/instructions-post-operatoires\/","url":"https:\/\/cliniquedentairepointeclaire.com\/fr\/informations-pour-les-patients\/instructions-post-operatoires\/","name":"Instructions postop\u00e9ratoires | Clinique Dentaire Pointe-Claire","isPartOf":{"@id":"https:\/\/cliniquedentairepointeclaire.com\/fr\/#website"},"primaryImageOfPage":{"@id":"https:\/\/cliniquedentairepointeclaire.com\/fr\/informations-pour-les-patients\/instructions-post-operatoires\/#primaryimage"},"image":{"@id":"https:\/\/cliniquedentairepointeclaire.com\/fr\/informations-pour-les-patients\/instructions-post-operatoires\/#primaryimage"},"thumbnailUrl":"http:\/\/o9z.0e3.mytemp.website\/wp-content\/uploads\/2024\/06\/Gum-graft.png","datePublished":"2024-05-31T11:52:44+00:00","dateModified":"2025-09-05T05:18:42+00:00","description":"Pour acc\u00e9l\u00e9rer le processus de gu\u00e9rison apr\u00e8s l'op\u00e9ration, nous vous recommandons vivement de suivre les recommandations de soins post-op\u00e9ratoires expliqu\u00e9es aLa Clinique Dentaire Pointe-Claire fournit des instructions postop\u00e9ratoires pour favoriser la gu\u00e9rison, r\u00e9duire l'inconfort et assurer le succ\u00e8s de votre traitement dentaire.par notre \u00e9quipe dentaire et disponibles ici.","breadcrumb":{"@id":"https:\/\/cliniquedentairepointeclaire.com\/fr\/informations-pour-les-patients\/instructions-post-operatoires\/#breadcrumb"},"inLanguage":"fr-FR","potentialAction":[{"@type":"ReadAction","target":["https:\/\/cliniquedentairepointeclaire.com\/fr\/informations-pour-les-patients\/instructions-post-operatoires\/"]}]},{"@type":"ImageObject","inLanguage":"fr-FR","@id":"https:\/\/cliniquedentairepointeclaire.com\/fr\/informations-pour-les-patients\/instructions-post-operatoires\/#primaryimage","url":"http:\/\/o9z.0e3.mytemp.website\/wp-content\/uploads\/2024\/06\/Gum-graft.png","contentUrl":"http:\/\/o9z.0e3.mytemp.website\/wp-content\/uploads\/2024\/06\/Gum-graft.png"},{"@type":"BreadcrumbList","@id":"https:\/\/cliniquedentairepointeclaire.com\/fr\/informations-pour-les-patients\/instructions-post-operatoires\/#breadcrumb","itemListElement":[{"@type":"ListItem","position":1,"name":"Home","item":"https:\/\/cliniquedentairepointeclaire.com\/fr\/"},{"@type":"ListItem","position":2,"name":"Info Patients","item":"https:\/\/cliniquedentairepointeclaire.com\/fr\/informations-pour-les-patients\/"},{"@type":"ListItem","position":3,"name":"INSTRUCTIONS POST-OP\u00c9RATOIRES"}]},{"@type":"WebSite","@id":"https:\/\/cliniquedentairepointeclaire.com\/fr\/#website","url":"https:\/\/cliniquedentairepointeclaire.com\/fr\/","name":"Clinique Dentaire Pointe Claire","description":"","potentialAction":[{"@type":"SearchAction","target":{"@type":"EntryPoint","urlTemplate":"https:\/\/cliniquedentairepointeclaire.com\/fr\/?s={search_term_string}"},"query-input":{"@type":"PropertyValueSpecification","valueRequired":true,"valueName":"search_term_string"}}],"inLanguage":"fr-FR"}]}},"_links":{"self":[{"href":"https:\/\/cliniquedentairepointeclaire.com\/fr\/wp-json\/wp\/v2\/pages\/15916","targetHints":{"allow":["GET"]}}],"collection":[{"href":"https:\/\/cliniquedentairepointeclaire.com\/fr\/wp-json\/wp\/v2\/pages"}],"about":[{"href":"https:\/\/cliniquedentairepointeclaire.com\/fr\/wp-json\/wp\/v2\/types\/page"}],"author":[{"embeddable":true,"href":"https:\/\/cliniquedentairepointeclaire.com\/fr\/wp-json\/wp\/v2\/users\/1"}],"replies":[{"embeddable":true,"href":"https:\/\/cliniquedentairepointeclaire.com\/fr\/wp-json\/wp\/v2\/comments?post=15916"}],"version-history":[{"count":3,"href":"https:\/\/cliniquedentairepointeclaire.com\/fr\/wp-json\/wp\/v2\/pages\/15916\/revisions"}],"predecessor-version":[{"id":33228,"href":"https:\/\/cliniquedentairepointeclaire.com\/fr\/wp-json\/wp\/v2\/pages\/15916\/revisions\/33228"}],"up":[{"embeddable":true,"href":"https:\/\/cliniquedentairepointeclaire.com\/fr\/wp-json\/wp\/v2\/pages\/15914"}],"wp:attachment":[{"href":"https:\/\/cliniquedentairepointeclaire.com\/fr\/wp-json\/wp\/v2\/media?parent=15916"}],"curies":[{"name":"wp","href":"https:\/\/api.w.org\/{rel}","templated":true}]}}