{"id":15914,"date":"2024-05-05T10:20:13","date_gmt":"2024-05-05T10:20:13","guid":{"rendered":"https:\/\/pwmhosting.ca\/clinique-dentaire-pointe-claire\/informations-pour-les-patients\/"},"modified":"2025-08-16T13:00:16","modified_gmt":"2025-08-16T13:00:16","slug":"informations-pour-les-patients","status":"publish","type":"page","link":"https:\/\/cliniquedentairepointeclaire.com\/fr\/informations-pour-les-patients\/","title":{"rendered":"Info Patients"},"content":{"rendered":"\t\t<div data-elementor-type=\"wp-page\" data-elementor-id=\"15914\" class=\"elementor elementor-15914 elementor-278\">\n\t\t\t\t\t\t<section class=\"elementor-section elementor-top-section elementor-element elementor-element-bb87b4a elementor-section-boxed elementor-section-height-default elementor-section-height-default\" data-id=\"bb87b4a\" data-element_type=\"section\" data-e-type=\"section\">\n\t\t\t\t\t\t<div class=\"elementor-container elementor-column-gap-default\">\n\t\t\t\t\t<div class=\"elementor-column elementor-col-100 elementor-top-column elementor-element elementor-element-a1ebb0f\" data-id=\"a1ebb0f\" data-element_type=\"column\" data-e-type=\"column\">\n\t\t\t<div class=\"elementor-widget-wrap elementor-element-populated\">\n\t\t\t\t\t\t<div class=\"elementor-element elementor-element-ba58d18 elementor-widget-tablet__width-inherit elementor-widget elementor-widget-heading\" data-id=\"ba58d18\" data-element_type=\"widget\" data-e-type=\"widget\" data-widget_type=\"heading.default\">\n\t\t\t\t<div class=\"elementor-widget-container\">\n\t\t\t\t\t<h1 class=\"elementor-heading-title elementor-size-default\">Informations sur le patient<\/h1>\t\t\t\t<\/div>\n\t\t\t\t<\/div>\n\t\t\t\t<div class=\"elementor-element elementor-element-5564832 elementor-widget-divider--view-line elementor-widget elementor-widget-divider\" data-id=\"5564832\" data-element_type=\"widget\" data-e-type=\"widget\" data-widget_type=\"divider.default\">\n\t\t\t\t<div class=\"elementor-widget-container\">\n\t\t\t\t\t\t\t<div class=\"elementor-divider\">\n\t\t\t<span class=\"elementor-divider-separator\">\n\t\t\t\t\t\t<\/span>\n\t\t<\/div>\n\t\t\t\t\t\t<\/div>\n\t\t\t\t<\/div>\n\t\t\t\t\t<\/div>\n\t\t<\/div>\n\t\t\t\t\t<\/div>\n\t\t<\/section>\n\t\t\t\t<section class=\"elementor-section elementor-top-section elementor-element elementor-element-1d5f1d1 elementor-section-boxed elementor-section-height-default elementor-section-height-default\" data-id=\"1d5f1d1\" data-element_type=\"section\" data-e-type=\"section\">\n\t\t\t\t\t\t<div class=\"elementor-container elementor-column-gap-default\">\n\t\t\t\t\t<div data-tp-sc-link=\"https:\/\/cliniquedentairepointeclaire.com\/fr\/informations-pour-les-patients\/nouveaux-patients\/\" data-tp-sc-link-external=\"\" style=\"cursor: pointer\" class=\"elementor-column elementor-col-33 elementor-top-column elementor-element elementor-element-faf7778\" data-id=\"faf7778\" data-element_type=\"column\" data-e-type=\"column\">\n\t\t\t<div class=\"elementor-widget-wrap elementor-element-populated\">\n\t\t\t\t\t\t<div class=\"elementor-element elementor-element-c66b904 elementor-widget elementor-widget-image\" data-id=\"c66b904\" data-element_type=\"widget\" data-e-type=\"widget\" data-widget_type=\"image.default\">\n\t\t\t\t<div class=\"elementor-widget-container\">\n\t\t\t\t\t\t\t\t\t\t\t\t\t\t\t<img fetchpriority=\"high\" decoding=\"async\" width=\"1500\" height=\"1000\" src=\"https:\/\/cliniquedentairepointeclaire.com\/wp-content\/uploads\/2024\/06\/New-pts-blurb-e1572482487675.jpg\" class=\"attachment-full size-full wp-image-15093\" alt=\"\" srcset=\"https:\/\/cliniquedentairepointeclaire.com\/wp-content\/uploads\/2024\/06\/New-pts-blurb-e1572482487675.jpg 1500w, https:\/\/cliniquedentairepointeclaire.com\/wp-content\/uploads\/2024\/06\/New-pts-blurb-e1572482487675-300x200.jpg 300w, https:\/\/cliniquedentairepointeclaire.com\/wp-content\/uploads\/2024\/06\/New-pts-blurb-e1572482487675-1024x683.jpg 1024w, https:\/\/cliniquedentairepointeclaire.com\/wp-content\/uploads\/2024\/06\/New-pts-blurb-e1572482487675-768x512.jpg 768w\" sizes=\"(max-width: 1500px) 100vw, 1500px\" \/>\t\t\t\t\t\t\t\t\t\t\t\t\t\t\t<\/div>\n\t\t\t\t<\/div>\n\t\t\t\t<div class=\"elementor-element elementor-element-24f2623 elementor-widget elementor-widget-heading\" data-id=\"24f2623\" data-element_type=\"widget\" data-e-type=\"widget\" data-widget_type=\"heading.default\">\n\t\t\t\t<div class=\"elementor-widget-container\">\n\t\t\t\t\t<h2 class=\"elementor-heading-title elementor-size-default\">Nouveaux patients<\/h2>\t\t\t\t<\/div>\n\t\t\t\t<\/div>\n\t\t\t\t<div class=\"elementor-element elementor-element-d4a9d06 elementor-widget elementor-widget-text-editor\" data-id=\"d4a9d06\" data-element_type=\"widget\" data-e-type=\"widget\" data-widget_type=\"text-editor.default\">\n\t\t\t\t<div class=\"elementor-widget-container\">\n\t\t\t\t\t\t\t\t\tVous cherchez un dentiste dans l&rsquo;Ouest-de-l&rsquo;\u00cele de Montr\u00e9al? Pointe-Claire Dental accepte de nouveaux patients. Pour prendre rendez-vous, appelez-nous au 514-697-7391 ou remplissez le formulaire de demande de rendez-vous et nous vous contacterons sous peu.\t\t\t\t\t\t\t\t<\/div>\n\t\t\t\t<\/div>\n\t\t\t\t\t<\/div>\n\t\t<\/div>\n\t\t\t\t<div data-tp-sc-link=\"https:\/\/cliniquedentairepointeclaire.com\/fr\/informations-pour-les-patients\/assurances-et-finances\/\" data-tp-sc-link-external=\"\" style=\"cursor: pointer\" class=\"elementor-column elementor-col-33 elementor-top-column elementor-element elementor-element-38ff0db\" data-id=\"38ff0db\" data-element_type=\"column\" data-e-type=\"column\">\n\t\t\t<div class=\"elementor-widget-wrap elementor-element-populated\">\n\t\t\t\t\t\t<div class=\"elementor-element elementor-element-612260d elementor-widget elementor-widget-image\" data-id=\"612260d\" data-element_type=\"widget\" data-e-type=\"widget\" data-widget_type=\"image.default\">\n\t\t\t\t<div class=\"elementor-widget-container\">\n\t\t\t\t\t\t\t\t\t\t\t\t\t\t\t<img decoding=\"async\" width=\"1024\" height=\"683\" src=\"https:\/\/cliniquedentairepointeclaire.com\/wp-content\/uploads\/2024\/06\/Financial-1024x683.jpg\" class=\"attachment-large size-large wp-image-15094\" alt=\"\" srcset=\"https:\/\/cliniquedentairepointeclaire.com\/wp-content\/uploads\/2024\/06\/Financial-1024x683.jpg 1024w, https:\/\/cliniquedentairepointeclaire.com\/wp-content\/uploads\/2024\/06\/Financial-300x200.jpg 300w, https:\/\/cliniquedentairepointeclaire.com\/wp-content\/uploads\/2024\/06\/Financial-768x512.jpg 768w, https:\/\/cliniquedentairepointeclaire.com\/wp-content\/uploads\/2024\/06\/Financial.jpg 1500w\" sizes=\"(max-width: 1024px) 100vw, 1024px\" \/>\t\t\t\t\t\t\t\t\t\t\t\t\t\t\t<\/div>\n\t\t\t\t<\/div>\n\t\t\t\t<div class=\"elementor-element elementor-element-6c0e2c6 elementor-widget elementor-widget-heading\" data-id=\"6c0e2c6\" data-element_type=\"widget\" data-e-type=\"widget\" data-widget_type=\"heading.default\">\n\t\t\t\t<div class=\"elementor-widget-container\">\n\t\t\t\t\t<h2 class=\"elementor-heading-title elementor-size-default\">Financi\u00e8re<\/h2>\t\t\t\t<\/div>\n\t\t\t\t<\/div>\n\t\t\t\t<div class=\"elementor-element elementor-element-c0792f9 elementor-widget elementor-widget-text-editor\" data-id=\"c0792f9\" data-element_type=\"widget\" data-e-type=\"widget\" data-widget_type=\"text-editor.default\">\n\t\t\t\t<div class=\"elementor-widget-container\">\n\t\t\t\t\t\t\t\t\tPointe-Claire Dental s\u2019engage \u00e0 vous offrir des prix justes et comp\u00e9titifs. Nous suivons le guide des tarifs fourni par l\u2019Association des chirurgiens dentistes du Qu\u00e9bec. Des alternatives de financement sont disponibles pour vous aider \u00e0 planifier financi\u00e8rement les traitements dont vous avez besoin.\t\t\t\t\t\t\t\t<\/div>\n\t\t\t\t<\/div>\n\t\t\t\t\t<\/div>\n\t\t<\/div>\n\t\t\t\t<div data-tp-sc-link=\"https:\/\/cliniquedentairepointeclaire.com\/fr\/informations-pour-les-patients\/instructions-post-operatoires\/\" data-tp-sc-link-external=\"\" style=\"cursor: pointer\" class=\"elementor-column elementor-col-33 elementor-top-column elementor-element elementor-element-93b6450\" data-id=\"93b6450\" data-element_type=\"column\" data-e-type=\"column\">\n\t\t\t<div class=\"elementor-widget-wrap elementor-element-populated\">\n\t\t\t\t\t\t<div class=\"elementor-element elementor-element-e986255 elementor-widget elementor-widget-image\" data-id=\"e986255\" data-element_type=\"widget\" data-e-type=\"widget\" data-widget_type=\"image.default\">\n\t\t\t\t<div class=\"elementor-widget-container\">\n\t\t\t\t\t\t\t\t\t\t\t\t\t\t\t<img decoding=\"async\" width=\"1024\" height=\"683\" src=\"https:\/\/cliniquedentairepointeclaire.com\/wp-content\/uploads\/2024\/06\/post-1024x683.jpg\" class=\"attachment-large size-large wp-image-15095\" alt=\"\" srcset=\"https:\/\/cliniquedentairepointeclaire.com\/wp-content\/uploads\/2024\/06\/post-1024x683.jpg 1024w, https:\/\/cliniquedentairepointeclaire.com\/wp-content\/uploads\/2024\/06\/post-300x200.jpg 300w, https:\/\/cliniquedentairepointeclaire.com\/wp-content\/uploads\/2024\/06\/post-768x512.jpg 768w, https:\/\/cliniquedentairepointeclaire.com\/wp-content\/uploads\/2024\/06\/post.jpg 1500w\" sizes=\"(max-width: 1024px) 100vw, 1024px\" \/>\t\t\t\t\t\t\t\t\t\t\t\t\t\t\t<\/div>\n\t\t\t\t<\/div>\n\t\t\t\t<div class=\"elementor-element elementor-element-3c86a68 elementor-widget elementor-widget-heading\" data-id=\"3c86a68\" data-element_type=\"widget\" data-e-type=\"widget\" data-widget_type=\"heading.default\">\n\t\t\t\t<div class=\"elementor-widget-container\">\n\t\t\t\t\t<h2 class=\"elementor-heading-title elementor-size-default\"> Instructions postop\u00e9ratoires<\/h2>\t\t\t\t<\/div>\n\t\t\t\t<\/div>\n\t\t\t\t<div class=\"elementor-element elementor-element-89fd14b elementor-widget elementor-widget-text-editor\" data-id=\"89fd14b\" data-element_type=\"widget\" data-e-type=\"widget\" data-widget_type=\"text-editor.default\">\n\t\t\t\t<div class=\"elementor-widget-container\">\n\t\t\t\t\t\t\t\t\tVous trouverez ici les recommandations postop\u00e9ratoires pour certaines interventions chirurgicales. Afin d&rsquo;acc\u00e9l\u00e9rer votre processus de gu\u00e9rison apr\u00e8s votre intervention, nous vous recommandons fortement de suivre les recommandations fournies ici et expliqu\u00e9es pr\u00e9c\u00e9demment par ..\t\t\t\t\t\t\t\t<\/div>\n\t\t\t\t<\/div>\n\t\t\t\t\t<\/div>\n\t\t<\/div>\n\t\t\t\t\t<\/div>\n\t\t<\/section>\n\t\t\t\t<\/div>\n\t\t","protected":false},"excerpt":{"rendered":"<p>Informations sur le patient Nouveaux patients Vous cherchez un dentiste dans l&rsquo;Ouest-de-l&rsquo;\u00cele de Montr\u00e9al? Pointe-Claire Dental accepte de nouveaux patients. [&hellip;]<\/p>\n","protected":false},"author":1,"featured_media":0,"parent":0,"menu_order":0,"comment_status":"closed","ping_status":"closed","template":"","meta":{"site-sidebar-layout":"no-sidebar","site-content-layout":"","ast-site-content-layout":"full-width-container","site-content-style":"default","site-sidebar-style":"default","ast-global-header-display":"","ast-banner-title-visibility":"","ast-main-header-display":"","ast-hfb-above-header-display":"","ast-hfb-below-header-display":"","ast-hfb-mobile-header-display":"","site-post-title":"disabled","ast-breadcrumbs-content":"","ast-featured-img":"disabled","footer-sml-layout":"","ast-disable-related-posts":"","theme-transparent-header-meta":"","adv-header-id-meta":"","stick-header-meta":"","header-above-stick-meta":"","header-main-stick-meta":"","header-below-stick-meta":"","astra-migrate-meta-layouts":"default","ast-page-background-enabled":"default","ast-page-background-meta":{"desktop":{"background-color":"var(--ast-global-color-4)","background-image":"","background-repeat":"repeat","background-position":"center center","background-size":"auto","background-attachment":"scroll","background-type":"","background-media":"","overlay-type":"","overlay-color":"","overlay-opacity":"","overlay-gradient":""},"tablet":{"background-color":"","background-image":"","background-repeat":"repeat","background-position":"center center","background-size":"auto","background-attachment":"scroll","background-type":"","background-media":"","overlay-type":"","overlay-color":"","overlay-opacity":"","overlay-gradient":""},"mobile":{"background-color":"","background-image":"","background-repeat":"repeat","background-position":"center center","background-size":"auto","background-attachment":"scroll","background-type":"","background-media":"","overlay-type":"","overlay-color":"","overlay-opacity":"","overlay-gradient":""}},"ast-content-background-meta":{"desktop":{"background-color":"var(--ast-global-color-5)","background-image":"","background-repeat":"repeat","background-position":"center center","background-size":"auto","background-attachment":"scroll","background-type":"","background-media":"","overlay-type":"","overlay-color":"","overlay-opacity":"","overlay-gradient":""},"tablet":{"background-color":"var(--ast-global-color-5)","background-image":"","background-repeat":"repeat","background-position":"center center","background-size":"auto","background-attachment":"scroll","background-type":"","background-media":"","overlay-type":"","overlay-color":"","overlay-opacity":"","overlay-gradient":""},"mobile":{"background-color":"var(--ast-global-color-5)","background-image":"","background-repeat":"repeat","background-position":"center center","background-size":"auto","background-attachment":"scroll","background-type":"","background-media":"","overlay-type":"","overlay-color":"","overlay-opacity":"","overlay-gradient":""}},"footnotes":""},"class_list":["post-15914","page","type-page","status-publish","hentry"],"yoast_head":"<!-- This site is optimized with the Yoast SEO plugin v27.3 - https:\/\/yoast.com\/product\/yoast-seo-wordpress\/ -->\n<title>Informations pour les patients | Clinique Dentaire Pointe-Claire<\/title>\n<meta name=\"description\" content=\"Obtenez des informations pour les patients \u00e0 la Clinique Dentaire Pointe-Claire, notamment sur les services, les modalit\u00e9s de rendez-vous, les options de paiement et le d\u00e9roulement de votre visite.\" \/>\n<meta name=\"robots\" content=\"index, follow, max-snippet:-1, max-image-preview:large, max-video-preview:-1\" \/>\n<link rel=\"canonical\" href=\"https:\/\/cliniquedentairepointeclaire.com\/fr\/informations-pour-les-patients\/\" \/>\n<meta property=\"og:locale\" content=\"fr_FR\" \/>\n<meta property=\"og:type\" content=\"article\" \/>\n<meta property=\"og:title\" content=\"Informations pour les patients | Clinique Dentaire Pointe-Claire\" \/>\n<meta property=\"og:description\" content=\"Obtenez des informations pour les patients \u00e0 la Clinique Dentaire Pointe-Claire, notamment sur les services, les modalit\u00e9s de rendez-vous, les options de paiement et le d\u00e9roulement de votre visite.\" \/>\n<meta property=\"og:url\" content=\"https:\/\/cliniquedentairepointeclaire.com\/fr\/informations-pour-les-patients\/\" \/>\n<meta property=\"og:site_name\" content=\"Clinique Dentaire Pointe Claire\" \/>\n<meta property=\"article:modified_time\" content=\"2025-08-16T13:00:16+00:00\" \/>\n<meta property=\"og:image\" content=\"http:\/\/pwmhosting.ca\/clinique-dentaire-pointe-claire\/wp-content\/uploads\/2024\/06\/New-pts-blurb-e1572482487675.jpg\" \/>\n<meta name=\"twitter:card\" content=\"summary_large_image\" \/>\n<meta name=\"twitter:label1\" content=\"Dur\u00e9e de lecture estim\u00e9e\" \/>\n\t<meta name=\"twitter:data1\" content=\"2 minutes\" \/>\n<script type=\"application\/ld+json\" class=\"yoast-schema-graph\">{\"@context\":\"https:\\\/\\\/schema.org\",\"@graph\":[{\"@type\":\"WebPage\",\"@id\":\"https:\\\/\\\/cliniquedentairepointeclaire.com\\\/fr\\\/informations-pour-les-patients\\\/\",\"url\":\"https:\\\/\\\/cliniquedentairepointeclaire.com\\\/fr\\\/informations-pour-les-patients\\\/\",\"name\":\"Informations pour les patients | Clinique Dentaire Pointe-Claire\",\"isPartOf\":{\"@id\":\"https:\\\/\\\/cliniquedentairepointeclaire.com\\\/fr\\\/#website\"},\"primaryImageOfPage\":{\"@id\":\"https:\\\/\\\/cliniquedentairepointeclaire.com\\\/fr\\\/informations-pour-les-patients\\\/#primaryimage\"},\"image\":{\"@id\":\"https:\\\/\\\/cliniquedentairepointeclaire.com\\\/fr\\\/informations-pour-les-patients\\\/#primaryimage\"},\"thumbnailUrl\":\"http:\\\/\\\/pwmhosting.ca\\\/clinique-dentaire-pointe-claire\\\/wp-content\\\/uploads\\\/2024\\\/06\\\/New-pts-blurb-e1572482487675.jpg\",\"datePublished\":\"2024-05-05T10:20:13+00:00\",\"dateModified\":\"2025-08-16T13:00:16+00:00\",\"description\":\"Obtenez des informations pour les patients \u00e0 la Clinique Dentaire Pointe-Claire, notamment sur les services, les modalit\u00e9s de rendez-vous, les options de paiement et le d\u00e9roulement de votre visite.\",\"breadcrumb\":{\"@id\":\"https:\\\/\\\/cliniquedentairepointeclaire.com\\\/fr\\\/informations-pour-les-patients\\\/#breadcrumb\"},\"inLanguage\":\"fr-FR\",\"potentialAction\":[{\"@type\":\"ReadAction\",\"target\":[\"https:\\\/\\\/cliniquedentairepointeclaire.com\\\/fr\\\/informations-pour-les-patients\\\/\"]}]},{\"@type\":\"ImageObject\",\"inLanguage\":\"fr-FR\",\"@id\":\"https:\\\/\\\/cliniquedentairepointeclaire.com\\\/fr\\\/informations-pour-les-patients\\\/#primaryimage\",\"url\":\"http:\\\/\\\/pwmhosting.ca\\\/clinique-dentaire-pointe-claire\\\/wp-content\\\/uploads\\\/2024\\\/06\\\/New-pts-blurb-e1572482487675.jpg\",\"contentUrl\":\"http:\\\/\\\/pwmhosting.ca\\\/clinique-dentaire-pointe-claire\\\/wp-content\\\/uploads\\\/2024\\\/06\\\/New-pts-blurb-e1572482487675.jpg\"},{\"@type\":\"BreadcrumbList\",\"@id\":\"https:\\\/\\\/cliniquedentairepointeclaire.com\\\/fr\\\/informations-pour-les-patients\\\/#breadcrumb\",\"itemListElement\":[{\"@type\":\"ListItem\",\"position\":1,\"name\":\"Home\",\"item\":\"https:\\\/\\\/cliniquedentairepointeclaire.com\\\/fr\\\/\"},{\"@type\":\"ListItem\",\"position\":2,\"name\":\"Info Patients\"}]},{\"@type\":\"WebSite\",\"@id\":\"https:\\\/\\\/cliniquedentairepointeclaire.com\\\/fr\\\/#website\",\"url\":\"https:\\\/\\\/cliniquedentairepointeclaire.com\\\/fr\\\/\",\"name\":\"Clinique Dentaire Pointe Claire\",\"description\":\"\",\"potentialAction\":[{\"@type\":\"SearchAction\",\"target\":{\"@type\":\"EntryPoint\",\"urlTemplate\":\"https:\\\/\\\/cliniquedentairepointeclaire.com\\\/fr\\\/?s={search_term_string}\"},\"query-input\":{\"@type\":\"PropertyValueSpecification\",\"valueRequired\":true,\"valueName\":\"search_term_string\"}}],\"inLanguage\":\"fr-FR\"}]}<\/script>\n<!-- \/ Yoast SEO plugin. -->","yoast_head_json":{"title":"Informations pour les patients | Clinique Dentaire Pointe-Claire","description":"Obtenez des informations pour les patients \u00e0 la Clinique Dentaire Pointe-Claire, notamment sur les services, les modalit\u00e9s de rendez-vous, les options de paiement et le d\u00e9roulement de votre visite.","robots":{"index":"index","follow":"follow","max-snippet":"max-snippet:-1","max-image-preview":"max-image-preview:large","max-video-preview":"max-video-preview:-1"},"canonical":"https:\/\/cliniquedentairepointeclaire.com\/fr\/informations-pour-les-patients\/","og_locale":"fr_FR","og_type":"article","og_title":"Informations pour les patients | Clinique Dentaire Pointe-Claire","og_description":"Obtenez des informations pour les patients \u00e0 la Clinique Dentaire Pointe-Claire, notamment sur les services, les modalit\u00e9s de rendez-vous, les options de paiement et le d\u00e9roulement de votre visite.","og_url":"https:\/\/cliniquedentairepointeclaire.com\/fr\/informations-pour-les-patients\/","og_site_name":"Clinique Dentaire Pointe Claire","article_modified_time":"2025-08-16T13:00:16+00:00","og_image":[{"url":"http:\/\/pwmhosting.ca\/clinique-dentaire-pointe-claire\/wp-content\/uploads\/2024\/06\/New-pts-blurb-e1572482487675.jpg","type":"","width":"","height":""}],"twitter_card":"summary_large_image","twitter_misc":{"Dur\u00e9e de lecture estim\u00e9e":"2 minutes"},"schema":{"@context":"https:\/\/schema.org","@graph":[{"@type":"WebPage","@id":"https:\/\/cliniquedentairepointeclaire.com\/fr\/informations-pour-les-patients\/","url":"https:\/\/cliniquedentairepointeclaire.com\/fr\/informations-pour-les-patients\/","name":"Informations pour les patients | Clinique Dentaire Pointe-Claire","isPartOf":{"@id":"https:\/\/cliniquedentairepointeclaire.com\/fr\/#website"},"primaryImageOfPage":{"@id":"https:\/\/cliniquedentairepointeclaire.com\/fr\/informations-pour-les-patients\/#primaryimage"},"image":{"@id":"https:\/\/cliniquedentairepointeclaire.com\/fr\/informations-pour-les-patients\/#primaryimage"},"thumbnailUrl":"http:\/\/pwmhosting.ca\/clinique-dentaire-pointe-claire\/wp-content\/uploads\/2024\/06\/New-pts-blurb-e1572482487675.jpg","datePublished":"2024-05-05T10:20:13+00:00","dateModified":"2025-08-16T13:00:16+00:00","description":"Obtenez des informations pour les patients \u00e0 la Clinique Dentaire Pointe-Claire, notamment sur les services, les modalit\u00e9s de rendez-vous, les options de paiement et le d\u00e9roulement de votre visite.","breadcrumb":{"@id":"https:\/\/cliniquedentairepointeclaire.com\/fr\/informations-pour-les-patients\/#breadcrumb"},"inLanguage":"fr-FR","potentialAction":[{"@type":"ReadAction","target":["https:\/\/cliniquedentairepointeclaire.com\/fr\/informations-pour-les-patients\/"]}]},{"@type":"ImageObject","inLanguage":"fr-FR","@id":"https:\/\/cliniquedentairepointeclaire.com\/fr\/informations-pour-les-patients\/#primaryimage","url":"http:\/\/pwmhosting.ca\/clinique-dentaire-pointe-claire\/wp-content\/uploads\/2024\/06\/New-pts-blurb-e1572482487675.jpg","contentUrl":"http:\/\/pwmhosting.ca\/clinique-dentaire-pointe-claire\/wp-content\/uploads\/2024\/06\/New-pts-blurb-e1572482487675.jpg"},{"@type":"BreadcrumbList","@id":"https:\/\/cliniquedentairepointeclaire.com\/fr\/informations-pour-les-patients\/#breadcrumb","itemListElement":[{"@type":"ListItem","position":1,"name":"Home","item":"https:\/\/cliniquedentairepointeclaire.com\/fr\/"},{"@type":"ListItem","position":2,"name":"Info Patients"}]},{"@type":"WebSite","@id":"https:\/\/cliniquedentairepointeclaire.com\/fr\/#website","url":"https:\/\/cliniquedentairepointeclaire.com\/fr\/","name":"Clinique Dentaire Pointe Claire","description":"","potentialAction":[{"@type":"SearchAction","target":{"@type":"EntryPoint","urlTemplate":"https:\/\/cliniquedentairepointeclaire.com\/fr\/?s={search_term_string}"},"query-input":{"@type":"PropertyValueSpecification","valueRequired":true,"valueName":"search_term_string"}}],"inLanguage":"fr-FR"}]}},"_links":{"self":[{"href":"https:\/\/cliniquedentairepointeclaire.com\/fr\/wp-json\/wp\/v2\/pages\/15914","targetHints":{"allow":["GET"]}}],"collection":[{"href":"https:\/\/cliniquedentairepointeclaire.com\/fr\/wp-json\/wp\/v2\/pages"}],"about":[{"href":"https:\/\/cliniquedentairepointeclaire.com\/fr\/wp-json\/wp\/v2\/types\/page"}],"author":[{"embeddable":true,"href":"https:\/\/cliniquedentairepointeclaire.com\/fr\/wp-json\/wp\/v2\/users\/1"}],"replies":[{"embeddable":true,"href":"https:\/\/cliniquedentairepointeclaire.com\/fr\/wp-json\/wp\/v2\/comments?post=15914"}],"version-history":[{"count":0,"href":"https:\/\/cliniquedentairepointeclaire.com\/fr\/wp-json\/wp\/v2\/pages\/15914\/revisions"}],"wp:attachment":[{"href":"https:\/\/cliniquedentairepointeclaire.com\/fr\/wp-json\/wp\/v2\/media?parent=15914"}],"curies":[{"name":"wp","href":"https:\/\/api.w.org\/{rel}","templated":true}]}}