{"id":15901,"date":"2024-05-05T07:38:28","date_gmt":"2024-05-05T07:38:28","guid":{"rendered":"https:\/\/pwmhosting.ca\/clinique-dentaire-pointe-claire\/faq\/"},"modified":"2025-09-24T09:33:18","modified_gmt":"2025-09-24T09:33:18","slug":"faq","status":"publish","type":"page","link":"https:\/\/cliniquedentairepointeclaire.com\/fr\/faq\/","title":{"rendered":"FAQ"},"content":{"rendered":"\t\t<div data-elementor-type=\"wp-page\" data-elementor-id=\"15901\" class=\"elementor elementor-15901 elementor-246\">\n\t\t\t\t\t\t<section class=\"elementor-section elementor-top-section elementor-element elementor-element-f35bfa8 elementor-section-boxed elementor-section-height-default elementor-section-height-default\" data-id=\"f35bfa8\" data-element_type=\"section\" data-e-type=\"section\">\n\t\t\t\t\t\t<div class=\"elementor-container elementor-column-gap-default\">\n\t\t\t\t\t<div class=\"elementor-column elementor-col-100 elementor-top-column elementor-element elementor-element-55f3f47\" data-id=\"55f3f47\" data-element_type=\"column\" data-e-type=\"column\">\n\t\t\t<div class=\"elementor-widget-wrap elementor-element-populated\">\n\t\t\t\t\t\t<div class=\"elementor-element elementor-element-60e0443 elementor-widget__width-inherit elementor-widget-tablet__width-inherit elementor-widget elementor-widget-heading\" data-id=\"60e0443\" data-element_type=\"widget\" data-e-type=\"widget\" data-widget_type=\"heading.default\">\n\t\t\t\t<div class=\"elementor-widget-container\">\n\t\t\t\t\t<h1 class=\"elementor-heading-title elementor-size-default\">Questions fr\u00e9quemment pos\u00e9es<\/h1>\t\t\t\t<\/div>\n\t\t\t\t<\/div>\n\t\t\t\t<div class=\"elementor-element elementor-element-45d9a4d elementor-widget-divider--view-line elementor-widget elementor-widget-divider\" data-id=\"45d9a4d\" data-element_type=\"widget\" data-e-type=\"widget\" data-widget_type=\"divider.default\">\n\t\t\t\t<div class=\"elementor-widget-container\">\n\t\t\t\t\t\t\t<div class=\"elementor-divider\">\n\t\t\t<span class=\"elementor-divider-separator\">\n\t\t\t\t\t\t<\/span>\n\t\t<\/div>\n\t\t\t\t\t\t<\/div>\n\t\t\t\t<\/div>\n\t\t\t\t<div class=\"elementor-element elementor-element-61aaf11 elementor-widget__width-initial elementor-widget-tablet__width-inherit elementor-widget elementor-widget-eael-adv-accordion\" data-id=\"61aaf11\" data-element_type=\"widget\" data-e-type=\"widget\" data-widget_type=\"eael-adv-accordion.default\">\n\t\t\t\t<div class=\"elementor-widget-container\">\n\t\t\t\t\t            <div class=\"eael-adv-accordion\" id=\"eael-adv-accordion-61aaf11\" data-scroll-on-click=\"\" data-scroll-speed=\"300\" data-accordion-id=\"61aaf11\" data-accordion-type=\"accordion\" data-toogle-speed=\"300\">\n            <div class=\"eael-accordion-list\">\n\t\t\t\t\t<div id=\"acceptez-vous-les-patients-couverts-par-le-rgime-canadien-de-soins-dentaires-cdcp-et-quel-est-le-montant-de-la-couverture-\" class=\"elementor-tab-title eael-accordion-header\" tabindex=\"0\" data-tab=\"1\" aria-controls=\"elementor-tab-content-1021\"><span class=\"eael-accordion-tab-title\">Acceptez-vous les patients couverts par le r\u00e9gime canadien de soins dentaires (CDCP) ? et quel est le montant de la couverture ?<\/span><svg aria-hidden=\"true\" class=\"fa-toggle e-font-icon-svg e-fas-chevron-right\" viewBox=\"0 0 320 512\" xmlns=\"http:\/\/www.w3.org\/2000\/svg\"><path d=\"M285.476 272.971L91.132 467.314c-9.373 9.373-24.569 9.373-33.941 0l-22.667-22.667c-9.357-9.357-9.375-24.522-.04-33.901L188.505 256 34.484 101.255c-9.335-9.379-9.317-24.544.04-33.901l22.667-22.667c9.373-9.373 24.569-9.373 33.941 0L285.475 239.03c9.373 9.372 9.373 24.568.001 33.941z\"><\/path><\/svg><\/div><div id=\"elementor-tab-content-1021\" class=\"eael-accordion-content clearfix\" data-tab=\"1\" aria-labelledby=\"acceptez-vous-les-patients-couverts-par-le-rgime-canadien-de-soins-dentaires-cdcp-et-quel-est-le-montant-de-la-couverture-\"><p>Oui, nous accueillons les b\u00e9n\u00e9ficiaires du CDCP. Le plan est con\u00e7u pour couvrir une partie du co\u00fbt d&rsquo;un large \u00e9ventail de traitements dentaires, la couverture variant en fonction du niveau de revenu de l&rsquo;individu. Le CDCP a cr\u00e9\u00e9 un guide des tarifs qui d\u00e9termine le montant maximum qu&rsquo;il paiera pour les services couverts par le r\u00e9gime. Ces tarifs peuvent diff\u00e9rer de ceux du guide des tarifs dentaires du Qu\u00e9bec, de sorte qu&rsquo;il peut y avoir un solde \u00e0 payer de sa poche. Le ticket mod\u00e9rateur ou les frais non couverts sont pay\u00e9s directement \u00e0 la clinique.<\/p><\/div>\n\t\t\t\t\t<\/div><div class=\"eael-accordion-list\">\n\t\t\t\t\t<div id=\"quand-dois-je-emmener-mon-enfant-chez-le-dentiste-pour-la-premire-fois-\" class=\"elementor-tab-title eael-accordion-header\" tabindex=\"0\" data-tab=\"2\" aria-controls=\"elementor-tab-content-1022\"><span class=\"eael-accordion-tab-title\">Quand dois-je emmener mon enfant chez le dentiste pour la premi\u00e8re fois ?<\/span><svg aria-hidden=\"true\" class=\"fa-toggle e-font-icon-svg e-fas-chevron-right\" viewBox=\"0 0 320 512\" xmlns=\"http:\/\/www.w3.org\/2000\/svg\"><path d=\"M285.476 272.971L91.132 467.314c-9.373 9.373-24.569 9.373-33.941 0l-22.667-22.667c-9.357-9.357-9.375-24.522-.04-33.901L188.505 256 34.484 101.255c-9.335-9.379-9.317-24.544.04-33.901l22.667-22.667c9.373-9.373 24.569-9.373 33.941 0L285.475 239.03c9.373 9.372 9.373 24.568.001 33.941z\"><\/path><\/svg><\/div><div id=\"elementor-tab-content-1022\" class=\"eael-accordion-content clearfix\" data-tab=\"2\" aria-labelledby=\"quand-dois-je-emmener-mon-enfant-chez-le-dentiste-pour-la-premire-fois-\"><p>\u00c0 la Clinique dentaire Pointe-Claire, nous recommandons, tout comme l&rsquo;Ordre des dentistes du Qu\u00e9bec, que la premi\u00e8re visite dentaire de votre enfant ait lieu dans les six mois suivant l&rsquo;\u00e9ruption de sa premi\u00e8re dent ou avant son premier anniversaire. Si vous manquez cette \u00e9tape, assurez-vous de planifier la visite avant le deuxi\u00e8me anniversaire de l&rsquo;enfant. Il est toujours recommand\u00e9 d&rsquo;adopter des pratiques dentaires saines d\u00e8s le plus jeune \u00e2ge afin que votre enfant ait une bouche saine et exempte de caries.<\/p><p>Pour plus d&rsquo;informations, <a href=\"https:\/\/cliniquedentairepointeclaire.com\/fr\/services-dentaires\/dentisterie-pediatrique\/services-pour-les-enfants\/\">cliquez <u>ici<\/u><\/a>.<\/p><\/div>\n\t\t\t\t\t<\/div><div class=\"eael-accordion-list\">\n\t\t\t\t\t<div id=\"est-il-possible-de-se-faire-nettoyer-les-dents-pendant-la-grossesse-\" class=\"elementor-tab-title eael-accordion-header\" tabindex=\"0\" data-tab=\"3\" aria-controls=\"elementor-tab-content-1023\"><span class=\"eael-accordion-tab-title\">Est-il possible de se faire nettoyer les dents pendant la grossesse ?<\/span><svg aria-hidden=\"true\" class=\"fa-toggle e-font-icon-svg e-fas-chevron-right\" viewBox=\"0 0 320 512\" xmlns=\"http:\/\/www.w3.org\/2000\/svg\"><path d=\"M285.476 272.971L91.132 467.314c-9.373 9.373-24.569 9.373-33.941 0l-22.667-22.667c-9.357-9.357-9.375-24.522-.04-33.901L188.505 256 34.484 101.255c-9.335-9.379-9.317-24.544.04-33.901l22.667-22.667c9.373-9.373 24.569-9.373 33.941 0L285.475 239.03c9.373 9.372 9.373 24.568.001 33.941z\"><\/path><\/svg><\/div><div id=\"elementor-tab-content-1023\" class=\"eael-accordion-content clearfix\" data-tab=\"3\" aria-labelledby=\"est-il-possible-de-se-faire-nettoyer-les-dents-pendant-la-grossesse-\"><p>Chez Dentiste Pointe-Claire, nous recommandons fortement les examens et les nettoyages dentaires pendant la grossesse. La grossesse est une p\u00e9riode de bouleversements hormonaux et physiques. Les changements hormonaux peuvent faire gonfler les gencives et les faire saigner facilement en raison de l&rsquo;inflammation. Les d\u00e9p\u00f4ts mous et durs sur les dents peuvent irriter davantage les gencives et provoquer des maladies gingivales.<\/p><p>Il a \u00e9t\u00e9 observ\u00e9 qu&rsquo;il existe un lien \u00e9troit entre la naissance pr\u00e9matur\u00e9e ou le faible poids \u00e0 la naissance chez les b\u00e9b\u00e9s dont la m\u00e8re souffre d&rsquo;une maladie des gencives. Il est donc fortement recommand\u00e9 de se soumettre \u00e0 un <a href=\"https:\/\/cliniquedentairepointeclaire.com\/fr\/services-dentaires\/prevention-et-hygiene\/nettoyage-dentaire-et-controles-reguliers\/\"><u>nettoyage dentaire professionnel r\u00e9gulier <\/u><\/a>pendant la grossesse. Aucune radiographie n&rsquo;est effectu\u00e9e pendant les examens des femmes enceintes.<\/p><\/div>\n\t\t\t\t\t<\/div><div class=\"eael-accordion-list\">\n\t\t\t\t\t<div id=\"pourquoi-est-il-important-de-procder-un-examen-bucco-dentaire-complet-lorsque-je-consulte-un-nouveau-dentiste-ou-que-je-nai-pas-consult-mon-dentiste-depuis-longtemps-\" class=\"elementor-tab-title eael-accordion-header\" tabindex=\"0\" data-tab=\"4\" aria-controls=\"elementor-tab-content-1024\"><span class=\"eael-accordion-tab-title\">Pourquoi est-il important de proc\u00e9der \u00e0 un examen bucco-dentaire complet lorsque je consulte un nouveau dentiste ou que je n'ai pas consult\u00e9 mon dentiste depuis longtemps ?<\/span><svg aria-hidden=\"true\" class=\"fa-toggle e-font-icon-svg e-fas-chevron-right\" viewBox=\"0 0 320 512\" xmlns=\"http:\/\/www.w3.org\/2000\/svg\"><path d=\"M285.476 272.971L91.132 467.314c-9.373 9.373-24.569 9.373-33.941 0l-22.667-22.667c-9.357-9.357-9.375-24.522-.04-33.901L188.505 256 34.484 101.255c-9.335-9.379-9.317-24.544.04-33.901l22.667-22.667c9.373-9.373 24.569-9.373 33.941 0L285.475 239.03c9.373 9.372 9.373 24.568.001 33.941z\"><\/path><\/svg><\/div><div id=\"elementor-tab-content-1024\" class=\"eael-accordion-content clearfix\" data-tab=\"4\" aria-labelledby=\"pourquoi-est-il-important-de-procder-un-examen-bucco-dentaire-complet-lorsque-je-consulte-un-nouveau-dentiste-ou-que-je-nai-pas-consult-mon-dentiste-depuis-longtemps-\"><p><a href=\"https:\/\/cliniquedentairepointeclaire.com\/fr\/services-dentaires\/prevention-et-hygiene\/examen-oral-complet\/\"><u>Un examen bucco-dentaire<\/u><\/a> complet est une \u00e9tape cruciale dans le maintien de votre sant\u00e9 bucco-dentaire globale, en particulier lorsque vous consultez un nouveau dentiste ou que vous n&rsquo;avez pas vu votre dentiste depuis longtemps.<\/p><p>Lorsque vous vous pr\u00e9sentez pour la premi\u00e8re fois chez le dentiste de Pointe-Claire pour des soins dentaires r\u00e9guliers, il est essentiel de subir un examen bucco-dentaire complet. Cet examen permet au dentiste d&rsquo;obtenir une image compl\u00e8te et actuelle de votre \u00e9tat de sant\u00e9 bucco-dentaire et d&rsquo;\u00e9tablir une lecture de base de l&rsquo;ensemble de votre bouche afin de vous fournir des soins personnalis\u00e9s efficaces. En comprenant parfaitement votre sant\u00e9 bucco-dentaire, vous pourrez prendre des d\u00e9cisions \u00e9clair\u00e9es concernant vos soins dentaires, y compris les traitements ou proc\u00e9dures dont vous pourriez avoir besoin.<\/p><p>Un examen bucco-dentaire complet constitue \u00e9galement un point de r\u00e9f\u00e9rence pr\u00e9cieux pour suivre l&rsquo;\u00e9volution de votre sant\u00e9 bucco-dentaire au fil du temps. C&rsquo;est particuli\u00e8rement important si vous n&rsquo;\u00eates pas all\u00e9 r\u00e9guli\u00e8rement chez le dentiste.<\/p><p>Si vous n&rsquo;\u00eates pas venu pour un contr\u00f4le de routine depuis un certain temps, l&rsquo;examen permet d&rsquo;identifier tout changement ou toute \u00e9volution depuis votre derni\u00e8re visite.<\/p><\/div>\n\t\t\t\t\t<\/div><div class=\"eael-accordion-list\">\n\t\t\t\t\t<div id=\"puis-je-bnficier-dun-traitement-orthodontique-aprs-30-ans-\" class=\"elementor-tab-title eael-accordion-header\" tabindex=\"0\" data-tab=\"5\" aria-controls=\"elementor-tab-content-1025\"><span class=\"eael-accordion-tab-title\">Puis-je b\u00e9n\u00e9ficier d'un traitement orthodontique apr\u00e8s 30 ans ?<\/span><svg aria-hidden=\"true\" class=\"fa-toggle e-font-icon-svg e-fas-chevron-right\" viewBox=\"0 0 320 512\" xmlns=\"http:\/\/www.w3.org\/2000\/svg\"><path d=\"M285.476 272.971L91.132 467.314c-9.373 9.373-24.569 9.373-33.941 0l-22.667-22.667c-9.357-9.357-9.375-24.522-.04-33.901L188.505 256 34.484 101.255c-9.335-9.379-9.317-24.544.04-33.901l22.667-22.667c9.373-9.373 24.569-9.373 33.941 0L285.475 239.03c9.373 9.372 9.373 24.568.001 33.941z\"><\/path><\/svg><\/div><div id=\"elementor-tab-content-1025\" class=\"eael-accordion-content clearfix\" data-tab=\"5\" aria-labelledby=\"puis-je-bnficier-dun-traitement-orthodontique-aprs-30-ans-\"><p>Oui, il n&rsquo;y a pas d&rsquo;\u00e2ge pour suivre un traitement orthodontique, \u00e0 moins que des probl\u00e8mes de sant\u00e9 ou des probl\u00e8mes dentaires ne s&rsquo;y opposent. Vous pouvez suivre un traitement orthodontique m\u00eame apr\u00e8s l&rsquo;\u00e2ge de 30 ans, car il n&rsquo;y a pas de limite d&rsquo;\u00e2ge pour les appareils orthodontiques ou les goutti\u00e8res transparentes. Une consultation avec le Dr Mauricio Galvis, dentiste \u00e0 Pointe-Claire, serait id\u00e9ale pour d\u00e9terminer le traitement qui convient le mieux \u00e0 vos besoins dentaires.<\/p><p>Pour en savoir plus sur les solutions de rechange au traitement orthodontique chez Pointe-Claire dental,<a href=\"https:\/\/cliniquedentairepointeclaire.com\/fr\/services-dentaires\/orthodontique\/\"> cliquez <u>ici<\/u><\/a>.<\/p><\/div>\n\t\t\t\t\t<\/div><div class=\"eael-accordion-list\">\n\t\t\t\t\t<div id=\"pourquoi-me-faire-enlever-les-dents-de-sagesse-\" class=\"elementor-tab-title eael-accordion-header\" tabindex=\"0\" data-tab=\"6\" aria-controls=\"elementor-tab-content-1026\"><span class=\"eael-accordion-tab-title\">Pourquoi me faire enlever les dents de sagesse ?<\/span><svg aria-hidden=\"true\" class=\"fa-toggle e-font-icon-svg e-fas-chevron-right\" viewBox=\"0 0 320 512\" xmlns=\"http:\/\/www.w3.org\/2000\/svg\"><path d=\"M285.476 272.971L91.132 467.314c-9.373 9.373-24.569 9.373-33.941 0l-22.667-22.667c-9.357-9.357-9.375-24.522-.04-33.901L188.505 256 34.484 101.255c-9.335-9.379-9.317-24.544.04-33.901l22.667-22.667c9.373-9.373 24.569-9.373 33.941 0L285.475 239.03c9.373 9.372 9.373 24.568.001 33.941z\"><\/path><\/svg><\/div><div id=\"elementor-tab-content-1026\" class=\"eael-accordion-content clearfix\" data-tab=\"6\" aria-labelledby=\"pourquoi-me-faire-enlever-les-dents-de-sagesse-\"><p>L&rsquo;extraction des dents de sagesse n&rsquo;est pas toujours n\u00e9cessaire. Les dents de sagesse sont retir\u00e9es pour rem\u00e9dier \u00e0 un probl\u00e8me actuel ou pour pr\u00e9venir l&rsquo;apparition de probl\u00e8mes \u00e0 l&rsquo;avenir.<\/p><p>Les dents de sagesse incluses, celles qui restent coinc\u00e9es dans l&rsquo;os de la m\u00e2choire et ne font jamais \u00e9ruption, sont l&rsquo;un des probl\u00e8mes les plus courants qu&rsquo;il faut r\u00e9soudre par l&rsquo;extraction. La p\u00e9ricoronarite, c&rsquo;est-\u00e0-dire l&rsquo;infection de la gencive sur les dents de sagesse \u00e0 moiti\u00e9 sorties, est une autre raison fr\u00e9quente pour laquelle il faut proc\u00e9der \u00e0 l&rsquo;extraction. Votre dentiste de famille \u00e0 Pointe-Claire peut vous conseiller de faire enlever vos dents de sagesse afin de r\u00e9duire les risques d&rsquo;encombrement des dents post\u00e9rieures et le risque de p\u00e9ricoronarite. De plus, il est plus facile de maintenir une bonne hygi\u00e8ne buccale apr\u00e8s l&rsquo;extraction des dents de sagesse. Venez pour une consultation \u00e0 notre clinique dentaire de l&rsquo;Ouest-de-l&rsquo;\u00cele pour savoir si vos dents de sagesse ont besoin d&rsquo;\u00eatre enlev\u00e9es ou non.<\/p><p>Pour plus d&rsquo;informations, <a href=\"https:\/\/cliniquedentairepointeclaire.com\/fr\/services-dentaires\/dentisterie-generale-et-familiale\/extraction-des-dents-de-sagesse\/\">cliquez <u>ici<\/u><\/a><\/p><\/div>\n\t\t\t\t\t<\/div><\/div>\t\t\t\t<\/div>\n\t\t\t\t<\/div>\n\t\t\t\t\t<\/div>\n\t\t<\/div>\n\t\t\t\t\t<\/div>\n\t\t<\/section>\n\t\t\t\t<\/div>\n\t\t","protected":false},"excerpt":{"rendered":"<p>Questions fr\u00e9quemment pos\u00e9es Acceptez-vous les patients couverts par le r\u00e9gime canadien de soins dentaires (CDCP) ? et quel est le [&hellip;]<\/p>\n","protected":false},"author":1,"featured_media":0,"parent":0,"menu_order":0,"comment_status":"closed","ping_status":"closed","template":"","meta":{"site-sidebar-layout":"no-sidebar","site-content-layout":"","ast-site-content-layout":"full-width-container","site-content-style":"default","site-sidebar-style":"default","ast-global-header-display":"","ast-banner-title-visibility":"","ast-main-header-display":"","ast-hfb-above-header-display":"","ast-hfb-below-header-display":"","ast-hfb-mobile-header-display":"","site-post-title":"disabled","ast-breadcrumbs-content":"","ast-featured-img":"disabled","footer-sml-layout":"","ast-disable-related-posts":"","theme-transparent-header-meta":"","adv-header-id-meta":"","stick-header-meta":"","header-above-stick-meta":"","header-main-stick-meta":"","header-below-stick-meta":"","astra-migrate-meta-layouts":"default","ast-page-background-enabled":"default","ast-page-background-meta":{"desktop":{"background-color":"var(--ast-global-color-4)","background-image":"","background-repeat":"repeat","background-position":"center center","background-size":"auto","background-attachment":"scroll","background-type":"","background-media":"","overlay-type":"","overlay-color":"","overlay-opacity":"","overlay-gradient":""},"tablet":{"background-color":"","background-image":"","background-repeat":"repeat","background-position":"center center","background-size":"auto","background-attachment":"scroll","background-type":"","background-media":"","overlay-type":"","overlay-color":"","overlay-opacity":"","overlay-gradient":""},"mobile":{"background-color":"","background-image":"","background-repeat":"repeat","background-position":"center center","background-size":"auto","background-attachment":"scroll","background-type":"","background-media":"","overlay-type":"","overlay-color":"","overlay-opacity":"","overlay-gradient":""}},"ast-content-background-meta":{"desktop":{"background-color":"var(--ast-global-color-5)","background-image":"","background-repeat":"repeat","background-position":"center center","background-size":"auto","background-attachment":"scroll","background-type":"","background-media":"","overlay-type":"","overlay-color":"","overlay-opacity":"","overlay-gradient":""},"tablet":{"background-color":"var(--ast-global-color-5)","background-image":"","background-repeat":"repeat","background-position":"center center","background-size":"auto","background-attachment":"scroll","background-type":"","background-media":"","overlay-type":"","overlay-color":"","overlay-opacity":"","overlay-gradient":""},"mobile":{"background-color":"var(--ast-global-color-5)","background-image":"","background-repeat":"repeat","background-position":"center center","background-size":"auto","background-attachment":"scroll","background-type":"","background-media":"","overlay-type":"","overlay-color":"","overlay-opacity":"","overlay-gradient":""}},"footnotes":""},"class_list":["post-15901","page","type-page","status-publish","hentry"],"yoast_head":"<!-- This site is optimized with the Yoast SEO plugin v27.3 - https:\/\/yoast.com\/product\/yoast-seo-wordpress\/ -->\n<title>FAQ | Meilleure clinique dentaire de l&#039;Ouest-de-l&#039;\u00cele | Clinique Dentaire<\/title>\n<meta name=\"description\" content=\"Trouvez des r\u00e9ponses aux questions fr\u00e9quentes \u00e0 la Clinique Dentaire Pointe-Claire, la clinique dentaire de confiance de l&#039;Ouest-de-l&#039;\u00cele, reconnue pour la qualit\u00e9 de ses soins et son service ax\u00e9 sur le patient.\" \/>\n<meta name=\"robots\" content=\"index, follow, max-snippet:-1, max-image-preview:large, max-video-preview:-1\" \/>\n<link rel=\"canonical\" href=\"https:\/\/cliniquedentairepointeclaire.com\/fr\/faq\/\" \/>\n<meta property=\"og:locale\" content=\"fr_FR\" \/>\n<meta property=\"og:type\" content=\"article\" \/>\n<meta property=\"og:title\" content=\"FAQ | Meilleure clinique dentaire de l&#039;Ouest-de-l&#039;\u00cele | Clinique Dentaire\" \/>\n<meta property=\"og:description\" content=\"Trouvez des r\u00e9ponses aux questions fr\u00e9quentes \u00e0 la Clinique Dentaire Pointe-Claire, la clinique dentaire de confiance de l&#039;Ouest-de-l&#039;\u00cele, reconnue pour la qualit\u00e9 de ses soins et son service ax\u00e9 sur le patient.\" \/>\n<meta property=\"og:url\" content=\"https:\/\/cliniquedentairepointeclaire.com\/fr\/faq\/\" \/>\n<meta property=\"og:site_name\" content=\"Clinique Dentaire Pointe Claire\" \/>\n<meta property=\"article:modified_time\" content=\"2025-09-24T09:33:18+00:00\" \/>\n<meta name=\"twitter:card\" content=\"summary_large_image\" \/>\n<meta name=\"twitter:label1\" content=\"Dur\u00e9e de lecture estim\u00e9e\" \/>\n\t<meta name=\"twitter:data1\" content=\"5 minutes\" \/>\n<script type=\"application\/ld+json\" class=\"yoast-schema-graph\">{\"@context\":\"https:\\\/\\\/schema.org\",\"@graph\":[{\"@type\":\"WebPage\",\"@id\":\"https:\\\/\\\/cliniquedentairepointeclaire.com\\\/fr\\\/faq\\\/\",\"url\":\"https:\\\/\\\/cliniquedentairepointeclaire.com\\\/fr\\\/faq\\\/\",\"name\":\"FAQ | Meilleure clinique dentaire de l'Ouest-de-l'\u00cele | Clinique Dentaire\",\"isPartOf\":{\"@id\":\"https:\\\/\\\/cliniquedentairepointeclaire.com\\\/fr\\\/#website\"},\"datePublished\":\"2024-05-05T07:38:28+00:00\",\"dateModified\":\"2025-09-24T09:33:18+00:00\",\"description\":\"Trouvez des r\u00e9ponses aux questions fr\u00e9quentes \u00e0 la Clinique Dentaire Pointe-Claire, la clinique dentaire de confiance de l'Ouest-de-l'\u00cele, reconnue pour la qualit\u00e9 de ses soins et son service ax\u00e9 sur le patient.\",\"breadcrumb\":{\"@id\":\"https:\\\/\\\/cliniquedentairepointeclaire.com\\\/fr\\\/faq\\\/#breadcrumb\"},\"inLanguage\":\"fr-FR\",\"potentialAction\":[{\"@type\":\"ReadAction\",\"target\":[\"https:\\\/\\\/cliniquedentairepointeclaire.com\\\/fr\\\/faq\\\/\"]}]},{\"@type\":\"BreadcrumbList\",\"@id\":\"https:\\\/\\\/cliniquedentairepointeclaire.com\\\/fr\\\/faq\\\/#breadcrumb\",\"itemListElement\":[{\"@type\":\"ListItem\",\"position\":1,\"name\":\"Home\",\"item\":\"https:\\\/\\\/cliniquedentairepointeclaire.com\\\/fr\\\/\"},{\"@type\":\"ListItem\",\"position\":2,\"name\":\"FAQ\"}]},{\"@type\":\"WebSite\",\"@id\":\"https:\\\/\\\/cliniquedentairepointeclaire.com\\\/fr\\\/#website\",\"url\":\"https:\\\/\\\/cliniquedentairepointeclaire.com\\\/fr\\\/\",\"name\":\"Clinique Dentaire Pointe Claire\",\"description\":\"\",\"potentialAction\":[{\"@type\":\"SearchAction\",\"target\":{\"@type\":\"EntryPoint\",\"urlTemplate\":\"https:\\\/\\\/cliniquedentairepointeclaire.com\\\/fr\\\/?s={search_term_string}\"},\"query-input\":{\"@type\":\"PropertyValueSpecification\",\"valueRequired\":true,\"valueName\":\"search_term_string\"}}],\"inLanguage\":\"fr-FR\"}]}<\/script>\n<!-- \/ Yoast SEO plugin. -->","yoast_head_json":{"title":"FAQ | Meilleure clinique dentaire de l'Ouest-de-l'\u00cele | Clinique Dentaire","description":"Trouvez des r\u00e9ponses aux questions fr\u00e9quentes \u00e0 la Clinique Dentaire Pointe-Claire, la clinique dentaire de confiance de l'Ouest-de-l'\u00cele, reconnue pour la qualit\u00e9 de ses soins et son service ax\u00e9 sur le patient.","robots":{"index":"index","follow":"follow","max-snippet":"max-snippet:-1","max-image-preview":"max-image-preview:large","max-video-preview":"max-video-preview:-1"},"canonical":"https:\/\/cliniquedentairepointeclaire.com\/fr\/faq\/","og_locale":"fr_FR","og_type":"article","og_title":"FAQ | Meilleure clinique dentaire de l'Ouest-de-l'\u00cele | Clinique Dentaire","og_description":"Trouvez des r\u00e9ponses aux questions fr\u00e9quentes \u00e0 la Clinique Dentaire Pointe-Claire, la clinique dentaire de confiance de l'Ouest-de-l'\u00cele, reconnue pour la qualit\u00e9 de ses soins et son service ax\u00e9 sur le patient.","og_url":"https:\/\/cliniquedentairepointeclaire.com\/fr\/faq\/","og_site_name":"Clinique Dentaire Pointe Claire","article_modified_time":"2025-09-24T09:33:18+00:00","twitter_card":"summary_large_image","twitter_misc":{"Dur\u00e9e de lecture estim\u00e9e":"5 minutes"},"schema":{"@context":"https:\/\/schema.org","@graph":[{"@type":"WebPage","@id":"https:\/\/cliniquedentairepointeclaire.com\/fr\/faq\/","url":"https:\/\/cliniquedentairepointeclaire.com\/fr\/faq\/","name":"FAQ | Meilleure clinique dentaire de l'Ouest-de-l'\u00cele | Clinique Dentaire","isPartOf":{"@id":"https:\/\/cliniquedentairepointeclaire.com\/fr\/#website"},"datePublished":"2024-05-05T07:38:28+00:00","dateModified":"2025-09-24T09:33:18+00:00","description":"Trouvez des r\u00e9ponses aux questions fr\u00e9quentes \u00e0 la Clinique Dentaire Pointe-Claire, la clinique dentaire de confiance de l'Ouest-de-l'\u00cele, reconnue pour la qualit\u00e9 de ses soins et son service ax\u00e9 sur le patient.","breadcrumb":{"@id":"https:\/\/cliniquedentairepointeclaire.com\/fr\/faq\/#breadcrumb"},"inLanguage":"fr-FR","potentialAction":[{"@type":"ReadAction","target":["https:\/\/cliniquedentairepointeclaire.com\/fr\/faq\/"]}]},{"@type":"BreadcrumbList","@id":"https:\/\/cliniquedentairepointeclaire.com\/fr\/faq\/#breadcrumb","itemListElement":[{"@type":"ListItem","position":1,"name":"Home","item":"https:\/\/cliniquedentairepointeclaire.com\/fr\/"},{"@type":"ListItem","position":2,"name":"FAQ"}]},{"@type":"WebSite","@id":"https:\/\/cliniquedentairepointeclaire.com\/fr\/#website","url":"https:\/\/cliniquedentairepointeclaire.com\/fr\/","name":"Clinique Dentaire Pointe Claire","description":"","potentialAction":[{"@type":"SearchAction","target":{"@type":"EntryPoint","urlTemplate":"https:\/\/cliniquedentairepointeclaire.com\/fr\/?s={search_term_string}"},"query-input":{"@type":"PropertyValueSpecification","valueRequired":true,"valueName":"search_term_string"}}],"inLanguage":"fr-FR"}]}},"_links":{"self":[{"href":"https:\/\/cliniquedentairepointeclaire.com\/fr\/wp-json\/wp\/v2\/pages\/15901","targetHints":{"allow":["GET"]}}],"collection":[{"href":"https:\/\/cliniquedentairepointeclaire.com\/fr\/wp-json\/wp\/v2\/pages"}],"about":[{"href":"https:\/\/cliniquedentairepointeclaire.com\/fr\/wp-json\/wp\/v2\/types\/page"}],"author":[{"embeddable":true,"href":"https:\/\/cliniquedentairepointeclaire.com\/fr\/wp-json\/wp\/v2\/users\/1"}],"replies":[{"embeddable":true,"href":"https:\/\/cliniquedentairepointeclaire.com\/fr\/wp-json\/wp\/v2\/comments?post=15901"}],"version-history":[{"count":33,"href":"https:\/\/cliniquedentairepointeclaire.com\/fr\/wp-json\/wp\/v2\/pages\/15901\/revisions"}],"predecessor-version":[{"id":33382,"href":"https:\/\/cliniquedentairepointeclaire.com\/fr\/wp-json\/wp\/v2\/pages\/15901\/revisions\/33382"}],"wp:attachment":[{"href":"https:\/\/cliniquedentairepointeclaire.com\/fr\/wp-json\/wp\/v2\/media?parent=15901"}],"curies":[{"name":"wp","href":"https:\/\/api.w.org\/{rel}","templated":true}]}}