{"id":15895,"date":"2024-05-31T09:59:25","date_gmt":"2024-05-31T09:59:25","guid":{"rendered":"https:\/\/pwmhosting.ca\/clinique-dentaire-pointe-claire\/services-dentaires\/dentisterie-pediatrique\/"},"modified":"2025-09-24T10:26:58","modified_gmt":"2025-09-24T10:26:58","slug":"dentisterie-pediatrique","status":"publish","type":"page","link":"https:\/\/cliniquedentairepointeclaire.com\/fr\/services-dentaires\/dentisterie-pediatrique\/","title":{"rendered":"DENTISTERIE P\u00c9DIATRIQUE"},"content":{"rendered":"\t\t<div data-elementor-type=\"wp-page\" data-elementor-id=\"15895\" class=\"elementor elementor-15895 elementor-685\">\n\t\t\t\t\t\t<section class=\"elementor-section elementor-top-section elementor-element elementor-element-5f87a50 elementor-section-boxed elementor-section-height-default elementor-section-height-default\" data-id=\"5f87a50\" data-element_type=\"section\" data-e-type=\"section\" data-settings=\"{&quot;background_background&quot;:&quot;classic&quot;}\">\n\t\t\t\t\t\t\t<div class=\"elementor-background-overlay\"><\/div>\n\t\t\t\t\t\t\t<div class=\"elementor-container elementor-column-gap-default\">\n\t\t\t\t\t<div class=\"elementor-column elementor-col-100 elementor-top-column elementor-element elementor-element-d4376fe\" data-id=\"d4376fe\" data-element_type=\"column\" data-e-type=\"column\">\n\t\t\t<div class=\"elementor-widget-wrap elementor-element-populated\">\n\t\t\t\t\t\t<div class=\"elementor-element elementor-element-82f3501 elementor-widget__width-initial elementor-widget-tablet__width-inherit elementor-widget-mobile__width-inherit elementor-widget elementor-widget-heading\" data-id=\"82f3501\" data-element_type=\"widget\" data-e-type=\"widget\" data-widget_type=\"heading.default\">\n\t\t\t\t<div class=\"elementor-widget-container\">\n\t\t\t\t\t<h1 class=\"elementor-heading-title elementor-size-default\">DENTISTERIE P\u00c9DIATRIQUE<\/h1>\t\t\t\t<\/div>\n\t\t\t\t<\/div>\n\t\t\t\t<section class=\"elementor-section elementor-inner-section elementor-element elementor-element-329f58c elementor-section-boxed elementor-section-height-default elementor-section-height-default\" data-id=\"329f58c\" data-element_type=\"section\" data-e-type=\"section\">\n\t\t\t\t\t\t<div class=\"elementor-container elementor-column-gap-default\">\n\t\t\t\t\t<div class=\"elementor-column elementor-col-100 elementor-inner-column elementor-element elementor-element-ef2c90b\" data-id=\"ef2c90b\" data-element_type=\"column\" data-e-type=\"column\">\n\t\t\t<div class=\"elementor-widget-wrap elementor-element-populated\">\n\t\t\t\t\t\t<div class=\"elementor-element elementor-element-0c709da elementor-widget__width-initial elementor-widget-tablet__width-inherit elementor-widget elementor-widget-heading\" data-id=\"0c709da\" data-element_type=\"widget\" data-e-type=\"widget\" data-widget_type=\"heading.default\">\n\t\t\t\t<div class=\"elementor-widget-container\">\n\t\t\t\t\t<h2 class=\"elementor-heading-title elementor-size-default\">Les \u00e9tapes pour obtenir des goutti\u00e8res transparentes SPARK \u00e0 la clinique dentaire Pointe-Claire<\/h2>\t\t\t\t<\/div>\n\t\t\t\t<\/div>\n\t\t\t\t<div class=\"elementor-element elementor-element-76970f9 elementor-widget-divider--view-line elementor-widget elementor-widget-divider\" data-id=\"76970f9\" data-element_type=\"widget\" data-e-type=\"widget\" data-widget_type=\"divider.default\">\n\t\t\t\t<div class=\"elementor-widget-container\">\n\t\t\t\t\t\t\t<div class=\"elementor-divider\">\n\t\t\t<span class=\"elementor-divider-separator\">\n\t\t\t\t\t\t<\/span>\n\t\t<\/div>\n\t\t\t\t\t\t<\/div>\n\t\t\t\t<\/div>\n\t\t\t\t\t<\/div>\n\t\t<\/div>\n\t\t\t\t\t<\/div>\n\t\t<\/section>\n\t\t\t\t<section class=\"elementor-section elementor-inner-section elementor-element elementor-element-a02cf8f elementor-section-boxed elementor-section-height-default elementor-section-height-default\" data-id=\"a02cf8f\" data-element_type=\"section\" data-e-type=\"section\">\n\t\t\t\t\t\t<div class=\"elementor-container elementor-column-gap-default\">\n\t\t\t\t\t<div class=\"elementor-column elementor-col-100 elementor-inner-column elementor-element elementor-element-9edbd9d\" data-id=\"9edbd9d\" data-element_type=\"column\" data-e-type=\"column\">\n\t\t\t<div class=\"elementor-widget-wrap elementor-element-populated\">\n\t\t\t\t\t\t<div class=\"elementor-element elementor-element-975a495 elementor-widget__width-initial elementor-widget-mobile__width-inherit elementor-widget-tablet__width-inherit elementor-widget elementor-widget-text-editor\" data-id=\"975a495\" data-element_type=\"widget\" data-e-type=\"widget\" data-widget_type=\"text-editor.default\">\n\t\t\t\t<div class=\"elementor-widget-container\">\n\t\t\t\t\t\t\t\t\tL\u2019odontologie p\u00e9diatrique est une branche de l\u2019odontologie qui se concentre sur la sant\u00e9 bucco-dentaire des nourrissons, des enfants et des adolescents, y compris ceux qui ont des besoins particuliers en mati\u00e8re de soins de sant\u00e9. Ce domaine est consacr\u00e9 aux soins de sant\u00e9 bucco-dentaire pr\u00e9ventifs et th\u00e9rapeutiques complets des enfants, de la naissance \u00e0 l\u2019adolescence. Voici un aper\u00e7u des principaux aspects de l\u2019odontologie p\u00e9diatrique :\t\t\t\t\t\t\t\t<\/div>\n\t\t\t\t<\/div>\n\t\t\t\t\t<\/div>\n\t\t<\/div>\n\t\t\t\t\t<\/div>\n\t\t<\/section>\n\t\t\t\t\t<\/div>\n\t\t<\/div>\n\t\t\t\t\t<\/div>\n\t\t<\/section>\n\t\t\t\t<section class=\"elementor-section elementor-top-section elementor-element elementor-element-417ec25 elementor-section-boxed elementor-section-height-default elementor-section-height-default\" data-id=\"417ec25\" data-element_type=\"section\" data-e-type=\"section\">\n\t\t\t\t\t\t<div class=\"elementor-container elementor-column-gap-default\">\n\t\t\t\t\t<div data-tp-sc-link=\"https:\/\/cliniquedentairepointeclaire.com\/fr\/services-dentaires\/prevention-et-hygiene\/examen-oral-complet\/\" data-tp-sc-link-external=\"\" style=\"cursor: pointer\" class=\"elementor-column elementor-col-33 elementor-top-column elementor-element elementor-element-f06c943\" data-id=\"f06c943\" data-element_type=\"column\" data-e-type=\"column\">\n\t\t\t<div class=\"elementor-widget-wrap elementor-element-populated\">\n\t\t\t\t\t\t<div class=\"elementor-element elementor-element-a4f3b42 elementor-widget elementor-widget-image\" data-id=\"a4f3b42\" data-element_type=\"widget\" data-e-type=\"widget\" data-widget_type=\"image.default\">\n\t\t\t\t<div class=\"elementor-widget-container\">\n\t\t\t\t\t\t\t\t\t\t\t\t\t\t\t<img fetchpriority=\"high\" decoding=\"async\" width=\"800\" height=\"565\" src=\"https:\/\/cliniquedentairepointeclaire.com\/wp-content\/uploads\/2025\/01\/family.jpg\" class=\"attachment-large size-large wp-image-23660\" alt=\"\" srcset=\"https:\/\/cliniquedentairepointeclaire.com\/wp-content\/uploads\/2025\/01\/family.jpg 800w, https:\/\/cliniquedentairepointeclaire.com\/wp-content\/uploads\/2025\/01\/family-300x212.jpg 300w, https:\/\/cliniquedentairepointeclaire.com\/wp-content\/uploads\/2025\/01\/family-768x542.jpg 768w\" sizes=\"(max-width: 800px) 100vw, 800px\" \/>\t\t\t\t\t\t\t\t\t\t\t\t\t\t\t<\/div>\n\t\t\t\t<\/div>\n\t\t\t\t<div class=\"elementor-element elementor-element-bb28d5d elementor-icon-list--layout-traditional elementor-list-item-link-full_width elementor-widget elementor-widget-icon-list\" data-id=\"bb28d5d\" data-element_type=\"widget\" data-e-type=\"widget\" data-widget_type=\"icon-list.default\">\n\t\t\t\t<div class=\"elementor-widget-container\">\n\t\t\t\t\t\t\t<ul class=\"elementor-icon-list-items\">\n\t\t\t\t\t\t\t<li class=\"elementor-icon-list-item\">\n\t\t\t\t\t\t\t\t\t\t<span class=\"elementor-icon-list-text\">Services pour les enfants<\/span>\n\t\t\t\t\t\t\t\t\t<\/li>\n\t\t\t\t\t\t<\/ul>\n\t\t\t\t\t\t<\/div>\n\t\t\t\t<\/div>\n\t\t\t\t<div class=\"elementor-element elementor-element-09af9c2 elementor-widget elementor-widget-text-editor\" data-id=\"09af9c2\" data-element_type=\"widget\" data-e-type=\"widget\" data-widget_type=\"text-editor.default\">\n\t\t\t\t<div class=\"elementor-widget-container\">\n\t\t\t\t\t\t\t\t\tLes services dentaires pour enfants englobent g\u00e9n\u00e9ralement une gamme de soins sp\u00e9cialis\u00e9s visant \u00e0 maintenir la sant\u00e9 bucco-dentaire et \u00e0 traiter les probl\u00e8mes dentaires propres aux enfants. Voici quelques aspects cl\u00e9s des services dentaires pour enfants :\t\t\t\t\t\t\t\t<\/div>\n\t\t\t\t<\/div>\n\t\t\t\t\t<\/div>\n\t\t<\/div>\n\t\t\t\t<div class=\"elementor-column elementor-col-33 elementor-top-column elementor-element elementor-element-38c694b elementor-hidden-desktop elementor-hidden-tablet elementor-hidden-mobile\" data-id=\"38c694b\" data-element_type=\"column\" data-e-type=\"column\">\n\t\t\t<div class=\"elementor-widget-wrap\">\n\t\t\t\t\t\t\t<\/div>\n\t\t<\/div>\n\t\t\t\t<div class=\"elementor-column elementor-col-33 elementor-top-column elementor-element elementor-element-fe8807d elementor-hidden-desktop elementor-hidden-tablet elementor-hidden-mobile\" data-id=\"fe8807d\" data-element_type=\"column\" data-e-type=\"column\">\n\t\t\t<div class=\"elementor-widget-wrap\">\n\t\t\t\t\t\t\t<\/div>\n\t\t<\/div>\n\t\t\t\t\t<\/div>\n\t\t<\/section>\n\t\t\t\t<\/div>\n\t\t","protected":false},"excerpt":{"rendered":"<p>DENTISTERIE P\u00c9DIATRIQUE Les \u00e9tapes pour obtenir des goutti\u00e8res transparentes SPARK \u00e0 la clinique dentaire Pointe-Claire L\u2019odontologie p\u00e9diatrique est une branche [&hellip;]<\/p>\n","protected":false},"author":1,"featured_media":0,"parent":15787,"menu_order":0,"comment_status":"closed","ping_status":"closed","template":"","meta":{"site-sidebar-layout":"no-sidebar","site-content-layout":"","ast-site-content-layout":"full-width-container","site-content-style":"default","site-sidebar-style":"default","ast-global-header-display":"","ast-banner-title-visibility":"","ast-main-header-display":"","ast-hfb-above-header-display":"","ast-hfb-below-header-display":"","ast-hfb-mobile-header-display":"","site-post-title":"disabled","ast-breadcrumbs-content":"","ast-featured-img":"disabled","footer-sml-layout":"","ast-disable-related-posts":"","theme-transparent-header-meta":"","adv-header-id-meta":"","stick-header-meta":"","header-above-stick-meta":"","header-main-stick-meta":"","header-below-stick-meta":"","astra-migrate-meta-layouts":"default","ast-page-background-enabled":"default","ast-page-background-meta":{"desktop":{"background-color":"var(--ast-global-color-4)","background-image":"","background-repeat":"repeat","background-position":"center center","background-size":"auto","background-attachment":"scroll","background-type":"","background-media":"","overlay-type":"","overlay-color":"","overlay-opacity":"","overlay-gradient":""},"tablet":{"background-color":"","background-image":"","background-repeat":"repeat","background-position":"center center","background-size":"auto","background-attachment":"scroll","background-type":"","background-media":"","overlay-type":"","overlay-color":"","overlay-opacity":"","overlay-gradient":""},"mobile":{"background-color":"","background-image":"","background-repeat":"repeat","background-position":"center center","background-size":"auto","background-attachment":"scroll","background-type":"","background-media":"","overlay-type":"","overlay-color":"","overlay-opacity":"","overlay-gradient":""}},"ast-content-background-meta":{"desktop":{"background-color":"var(--ast-global-color-5)","background-image":"","background-repeat":"repeat","background-position":"center center","background-size":"auto","background-attachment":"scroll","background-type":"","background-media":"","overlay-type":"","overlay-color":"","overlay-opacity":"","overlay-gradient":""},"tablet":{"background-color":"var(--ast-global-color-5)","background-image":"","background-repeat":"repeat","background-position":"center center","background-size":"auto","background-attachment":"scroll","background-type":"","background-media":"","overlay-type":"","overlay-color":"","overlay-opacity":"","overlay-gradient":""},"mobile":{"background-color":"var(--ast-global-color-5)","background-image":"","background-repeat":"repeat","background-position":"center center","background-size":"auto","background-attachment":"scroll","background-type":"","background-media":"","overlay-type":"","overlay-color":"","overlay-opacity":"","overlay-gradient":""}},"footnotes":""},"class_list":["post-15895","page","type-page","status-publish","hentry"],"yoast_head":"<!-- This site is optimized with the Yoast SEO plugin v27.3 - https:\/\/yoast.com\/product\/yoast-seo-wordpress\/ -->\n<title>Services de dentisterie p\u00e9diatrique | Clinique Dentaire Pointe-Claire<\/title>\n<meta name=\"description\" content=\"La Clinique Dentaire Pointe-Claire offre des services complets de dentisterie p\u00e9diatrique pour soutenir la sant\u00e9 buccodentaire de votre enfant dans un environnement convivial et bienveillant.\" \/>\n<meta name=\"robots\" content=\"index, follow, max-snippet:-1, max-image-preview:large, max-video-preview:-1\" \/>\n<link rel=\"canonical\" href=\"https:\/\/cliniquedentairepointeclaire.com\/fr\/services-dentaires\/dentisterie-pediatrique\/\" \/>\n<meta property=\"og:locale\" content=\"fr_FR\" \/>\n<meta property=\"og:type\" content=\"article\" \/>\n<meta property=\"og:title\" content=\"Services de dentisterie p\u00e9diatrique | Clinique Dentaire Pointe-Claire\" \/>\n<meta property=\"og:description\" content=\"La Clinique Dentaire Pointe-Claire offre des services complets de dentisterie p\u00e9diatrique pour soutenir la sant\u00e9 buccodentaire de votre enfant dans un environnement convivial et bienveillant.\" \/>\n<meta property=\"og:url\" content=\"https:\/\/cliniquedentairepointeclaire.com\/fr\/services-dentaires\/dentisterie-pediatrique\/\" \/>\n<meta property=\"og:site_name\" content=\"Clinique Dentaire Pointe Claire\" \/>\n<meta property=\"article:modified_time\" content=\"2025-09-24T10:26:58+00:00\" \/>\n<meta property=\"og:image\" content=\"http:\/\/o9z.0e3.mytemp.website\/wp-content\/uploads\/2025\/01\/family.jpg\" \/>\n<meta name=\"twitter:card\" content=\"summary_large_image\" \/>\n<meta name=\"twitter:label1\" content=\"Dur\u00e9e de lecture estim\u00e9e\" \/>\n\t<meta name=\"twitter:data1\" content=\"1 minute\" \/>\n<script type=\"application\/ld+json\" class=\"yoast-schema-graph\">{\"@context\":\"https:\\\/\\\/schema.org\",\"@graph\":[{\"@type\":\"WebPage\",\"@id\":\"https:\\\/\\\/cliniquedentairepointeclaire.com\\\/fr\\\/services-dentaires\\\/dentisterie-pediatrique\\\/\",\"url\":\"https:\\\/\\\/cliniquedentairepointeclaire.com\\\/fr\\\/services-dentaires\\\/dentisterie-pediatrique\\\/\",\"name\":\"Services de dentisterie p\u00e9diatrique | Clinique Dentaire Pointe-Claire\",\"isPartOf\":{\"@id\":\"https:\\\/\\\/cliniquedentairepointeclaire.com\\\/fr\\\/#website\"},\"primaryImageOfPage\":{\"@id\":\"https:\\\/\\\/cliniquedentairepointeclaire.com\\\/fr\\\/services-dentaires\\\/dentisterie-pediatrique\\\/#primaryimage\"},\"image\":{\"@id\":\"https:\\\/\\\/cliniquedentairepointeclaire.com\\\/fr\\\/services-dentaires\\\/dentisterie-pediatrique\\\/#primaryimage\"},\"thumbnailUrl\":\"http:\\\/\\\/o9z.0e3.mytemp.website\\\/wp-content\\\/uploads\\\/2025\\\/01\\\/family.jpg\",\"datePublished\":\"2024-05-31T09:59:25+00:00\",\"dateModified\":\"2025-09-24T10:26:58+00:00\",\"description\":\"La Clinique Dentaire Pointe-Claire offre des services complets de dentisterie p\u00e9diatrique pour soutenir la sant\u00e9 buccodentaire de votre enfant dans un environnement convivial et bienveillant.\",\"breadcrumb\":{\"@id\":\"https:\\\/\\\/cliniquedentairepointeclaire.com\\\/fr\\\/services-dentaires\\\/dentisterie-pediatrique\\\/#breadcrumb\"},\"inLanguage\":\"fr-FR\",\"potentialAction\":[{\"@type\":\"ReadAction\",\"target\":[\"https:\\\/\\\/cliniquedentairepointeclaire.com\\\/fr\\\/services-dentaires\\\/dentisterie-pediatrique\\\/\"]}]},{\"@type\":\"ImageObject\",\"inLanguage\":\"fr-FR\",\"@id\":\"https:\\\/\\\/cliniquedentairepointeclaire.com\\\/fr\\\/services-dentaires\\\/dentisterie-pediatrique\\\/#primaryimage\",\"url\":\"http:\\\/\\\/o9z.0e3.mytemp.website\\\/wp-content\\\/uploads\\\/2025\\\/01\\\/family.jpg\",\"contentUrl\":\"http:\\\/\\\/o9z.0e3.mytemp.website\\\/wp-content\\\/uploads\\\/2025\\\/01\\\/family.jpg\"},{\"@type\":\"BreadcrumbList\",\"@id\":\"https:\\\/\\\/cliniquedentairepointeclaire.com\\\/fr\\\/services-dentaires\\\/dentisterie-pediatrique\\\/#breadcrumb\",\"itemListElement\":[{\"@type\":\"ListItem\",\"position\":1,\"name\":\"Home\",\"item\":\"https:\\\/\\\/cliniquedentairepointeclaire.com\\\/fr\\\/\"},{\"@type\":\"ListItem\",\"position\":2,\"name\":\"Services dentaires\",\"item\":\"https:\\\/\\\/cliniquedentairepointeclaire.com\\\/fr\\\/services-dentaires\\\/\"},{\"@type\":\"ListItem\",\"position\":3,\"name\":\"DENTISTERIE P\u00c9DIATRIQUE\"}]},{\"@type\":\"WebSite\",\"@id\":\"https:\\\/\\\/cliniquedentairepointeclaire.com\\\/fr\\\/#website\",\"url\":\"https:\\\/\\\/cliniquedentairepointeclaire.com\\\/fr\\\/\",\"name\":\"Clinique Dentaire Pointe Claire\",\"description\":\"\",\"potentialAction\":[{\"@type\":\"SearchAction\",\"target\":{\"@type\":\"EntryPoint\",\"urlTemplate\":\"https:\\\/\\\/cliniquedentairepointeclaire.com\\\/fr\\\/?s={search_term_string}\"},\"query-input\":{\"@type\":\"PropertyValueSpecification\",\"valueRequired\":true,\"valueName\":\"search_term_string\"}}],\"inLanguage\":\"fr-FR\"}]}<\/script>\n<!-- \/ Yoast SEO plugin. -->","yoast_head_json":{"title":"Services de dentisterie p\u00e9diatrique | Clinique Dentaire Pointe-Claire","description":"La Clinique Dentaire Pointe-Claire offre des services complets de dentisterie p\u00e9diatrique pour soutenir la sant\u00e9 buccodentaire de votre enfant dans un environnement convivial et bienveillant.","robots":{"index":"index","follow":"follow","max-snippet":"max-snippet:-1","max-image-preview":"max-image-preview:large","max-video-preview":"max-video-preview:-1"},"canonical":"https:\/\/cliniquedentairepointeclaire.com\/fr\/services-dentaires\/dentisterie-pediatrique\/","og_locale":"fr_FR","og_type":"article","og_title":"Services de dentisterie p\u00e9diatrique | Clinique Dentaire Pointe-Claire","og_description":"La Clinique Dentaire Pointe-Claire offre des services complets de dentisterie p\u00e9diatrique pour soutenir la sant\u00e9 buccodentaire de votre enfant dans un environnement convivial et bienveillant.","og_url":"https:\/\/cliniquedentairepointeclaire.com\/fr\/services-dentaires\/dentisterie-pediatrique\/","og_site_name":"Clinique Dentaire Pointe Claire","article_modified_time":"2025-09-24T10:26:58+00:00","og_image":[{"url":"http:\/\/o9z.0e3.mytemp.website\/wp-content\/uploads\/2025\/01\/family.jpg","type":"","width":"","height":""}],"twitter_card":"summary_large_image","twitter_misc":{"Dur\u00e9e de lecture estim\u00e9e":"1 minute"},"schema":{"@context":"https:\/\/schema.org","@graph":[{"@type":"WebPage","@id":"https:\/\/cliniquedentairepointeclaire.com\/fr\/services-dentaires\/dentisterie-pediatrique\/","url":"https:\/\/cliniquedentairepointeclaire.com\/fr\/services-dentaires\/dentisterie-pediatrique\/","name":"Services de dentisterie p\u00e9diatrique | Clinique Dentaire Pointe-Claire","isPartOf":{"@id":"https:\/\/cliniquedentairepointeclaire.com\/fr\/#website"},"primaryImageOfPage":{"@id":"https:\/\/cliniquedentairepointeclaire.com\/fr\/services-dentaires\/dentisterie-pediatrique\/#primaryimage"},"image":{"@id":"https:\/\/cliniquedentairepointeclaire.com\/fr\/services-dentaires\/dentisterie-pediatrique\/#primaryimage"},"thumbnailUrl":"http:\/\/o9z.0e3.mytemp.website\/wp-content\/uploads\/2025\/01\/family.jpg","datePublished":"2024-05-31T09:59:25+00:00","dateModified":"2025-09-24T10:26:58+00:00","description":"La Clinique Dentaire Pointe-Claire offre des services complets de dentisterie p\u00e9diatrique pour soutenir la sant\u00e9 buccodentaire de votre enfant dans un environnement convivial et bienveillant.","breadcrumb":{"@id":"https:\/\/cliniquedentairepointeclaire.com\/fr\/services-dentaires\/dentisterie-pediatrique\/#breadcrumb"},"inLanguage":"fr-FR","potentialAction":[{"@type":"ReadAction","target":["https:\/\/cliniquedentairepointeclaire.com\/fr\/services-dentaires\/dentisterie-pediatrique\/"]}]},{"@type":"ImageObject","inLanguage":"fr-FR","@id":"https:\/\/cliniquedentairepointeclaire.com\/fr\/services-dentaires\/dentisterie-pediatrique\/#primaryimage","url":"http:\/\/o9z.0e3.mytemp.website\/wp-content\/uploads\/2025\/01\/family.jpg","contentUrl":"http:\/\/o9z.0e3.mytemp.website\/wp-content\/uploads\/2025\/01\/family.jpg"},{"@type":"BreadcrumbList","@id":"https:\/\/cliniquedentairepointeclaire.com\/fr\/services-dentaires\/dentisterie-pediatrique\/#breadcrumb","itemListElement":[{"@type":"ListItem","position":1,"name":"Home","item":"https:\/\/cliniquedentairepointeclaire.com\/fr\/"},{"@type":"ListItem","position":2,"name":"Services dentaires","item":"https:\/\/cliniquedentairepointeclaire.com\/fr\/services-dentaires\/"},{"@type":"ListItem","position":3,"name":"DENTISTERIE P\u00c9DIATRIQUE"}]},{"@type":"WebSite","@id":"https:\/\/cliniquedentairepointeclaire.com\/fr\/#website","url":"https:\/\/cliniquedentairepointeclaire.com\/fr\/","name":"Clinique Dentaire Pointe Claire","description":"","potentialAction":[{"@type":"SearchAction","target":{"@type":"EntryPoint","urlTemplate":"https:\/\/cliniquedentairepointeclaire.com\/fr\/?s={search_term_string}"},"query-input":{"@type":"PropertyValueSpecification","valueRequired":true,"valueName":"search_term_string"}}],"inLanguage":"fr-FR"}]}},"_links":{"self":[{"href":"https:\/\/cliniquedentairepointeclaire.com\/fr\/wp-json\/wp\/v2\/pages\/15895","targetHints":{"allow":["GET"]}}],"collection":[{"href":"https:\/\/cliniquedentairepointeclaire.com\/fr\/wp-json\/wp\/v2\/pages"}],"about":[{"href":"https:\/\/cliniquedentairepointeclaire.com\/fr\/wp-json\/wp\/v2\/types\/page"}],"author":[{"embeddable":true,"href":"https:\/\/cliniquedentairepointeclaire.com\/fr\/wp-json\/wp\/v2\/users\/1"}],"replies":[{"embeddable":true,"href":"https:\/\/cliniquedentairepointeclaire.com\/fr\/wp-json\/wp\/v2\/comments?post=15895"}],"version-history":[{"count":12,"href":"https:\/\/cliniquedentairepointeclaire.com\/fr\/wp-json\/wp\/v2\/pages\/15895\/revisions"}],"predecessor-version":[{"id":33397,"href":"https:\/\/cliniquedentairepointeclaire.com\/fr\/wp-json\/wp\/v2\/pages\/15895\/revisions\/33397"}],"up":[{"embeddable":true,"href":"https:\/\/cliniquedentairepointeclaire.com\/fr\/wp-json\/wp\/v2\/pages\/15787"}],"wp:attachment":[{"href":"https:\/\/cliniquedentairepointeclaire.com\/fr\/wp-json\/wp\/v2\/media?parent=15895"}],"curies":[{"name":"wp","href":"https:\/\/api.w.org\/{rel}","templated":true}]}}