{"id":15860,"date":"2024-05-31T09:57:09","date_gmt":"2024-05-31T09:57:09","guid":{"rendered":"https:\/\/pwmhosting.ca\/clinique-dentaire-pointe-claire\/services-dentaires\/prevention-et-hygiene\/"},"modified":"2025-08-16T12:48:30","modified_gmt":"2025-08-16T12:48:30","slug":"prevention-et-hygiene","status":"publish","type":"page","link":"https:\/\/cliniquedentairepointeclaire.com\/fr\/services-dentaires\/prevention-et-hygiene\/","title":{"rendered":"Pr\u00e9vention et hygi\u00e8ne"},"content":{"rendered":"\t\t<div data-elementor-type=\"wp-page\" data-elementor-id=\"15860\" class=\"elementor elementor-15860 elementor-681\">\n\t\t\t\t\t\t<section class=\"elementor-section elementor-top-section elementor-element elementor-element-b6f93d5 elementor-section-boxed elementor-section-height-default elementor-section-height-default\" data-id=\"b6f93d5\" data-element_type=\"section\" data-e-type=\"section\" data-settings=\"{&quot;background_background&quot;:&quot;classic&quot;}\">\n\t\t\t\t\t\t\t<div class=\"elementor-background-overlay\"><\/div>\n\t\t\t\t\t\t\t<div class=\"elementor-container elementor-column-gap-default\">\n\t\t\t\t\t<div class=\"elementor-column elementor-col-100 elementor-top-column elementor-element elementor-element-f50e758\" data-id=\"f50e758\" data-element_type=\"column\" data-e-type=\"column\">\n\t\t\t<div class=\"elementor-widget-wrap elementor-element-populated\">\n\t\t\t\t\t\t<div class=\"elementor-element elementor-element-c9b3831 elementor-widget-tablet__width-inherit elementor-widget-mobile__width-inherit elementor-widget elementor-widget-heading\" data-id=\"c9b3831\" data-element_type=\"widget\" data-e-type=\"widget\" data-widget_type=\"heading.default\">\n\t\t\t\t<div class=\"elementor-widget-container\">\n\t\t\t\t\t<h1 class=\"elementor-heading-title elementor-size-default\">Pr\u00e9vention et hygi\u00e8ne<\/h1>\t\t\t\t<\/div>\n\t\t\t\t<\/div>\n\t\t\t\t<div class=\"elementor-element elementor-element-3f1d7bc elementor-widget-divider--view-line elementor-widget elementor-widget-divider\" data-id=\"3f1d7bc\" data-element_type=\"widget\" data-e-type=\"widget\" data-widget_type=\"divider.default\">\n\t\t\t\t<div class=\"elementor-widget-container\">\n\t\t\t\t\t\t\t<div class=\"elementor-divider\">\n\t\t\t<span class=\"elementor-divider-separator\">\n\t\t\t\t\t\t<\/span>\n\t\t<\/div>\n\t\t\t\t\t\t<\/div>\n\t\t\t\t<\/div>\n\t\t\t\t<section class=\"elementor-section elementor-inner-section elementor-element elementor-element-5ae318c elementor-section-boxed elementor-section-height-default elementor-section-height-default\" data-id=\"5ae318c\" data-element_type=\"section\" data-e-type=\"section\">\n\t\t\t\t\t\t<div class=\"elementor-container elementor-column-gap-default\">\n\t\t\t\t\t<div class=\"elementor-column elementor-col-100 elementor-inner-column elementor-element elementor-element-ec6472f\" data-id=\"ec6472f\" data-element_type=\"column\" data-e-type=\"column\">\n\t\t\t<div class=\"elementor-widget-wrap elementor-element-populated\">\n\t\t\t\t\t\t<div class=\"elementor-element elementor-element-274d7d2 elementor-widget__width-initial elementor-widget-mobile__width-inherit elementor-widget-tablet__width-inherit elementor-widget elementor-widget-text-editor\" data-id=\"274d7d2\" data-element_type=\"widget\" data-e-type=\"widget\" data-widget_type=\"text-editor.default\">\n\t\t\t\t<div class=\"elementor-widget-container\">\n\t\t\t\t\t\t\t\t\tLe maintien d\u2019une sant\u00e9 bucco-dentaire optimale ne se limite pas au traitement des probl\u00e8mes dentaires \u00e0 mesure qu\u2019ils surviennent. Ainsi, la premi\u00e8re \u00e9tape dans l\u2019atteinte de cet objectif est la dentisterie pr\u00e9ventive. \u00c0 la Clinique dentaire Pointe-Claire, nous en faisons donc une priorit\u00e9 absolue.\t\t\t\t\t\t\t\t<\/div>\n\t\t\t\t<\/div>\n\t\t\t\t<div class=\"elementor-element elementor-element-0729b5d elementor-widget__width-initial elementor-widget-mobile__width-inherit elementor-widget-tablet__width-inherit elementor-widget elementor-widget-text-editor\" data-id=\"0729b5d\" data-element_type=\"widget\" data-e-type=\"widget\" data-widget_type=\"text-editor.default\">\n\t\t\t\t<div class=\"elementor-widget-container\">\n\t\t\t\t\t\t\t\t\tChaque visite de soins pr\u00e9ventifs \u00e0 notre clinique constitue un \u00e9l\u00e9ment important du programme patient visant \u00e0 maintenir une sant\u00e9 buccale optimale.\t\t\t\t\t\t\t\t<\/div>\n\t\t\t\t<\/div>\n\t\t\t\t\t<\/div>\n\t\t<\/div>\n\t\t\t\t\t<\/div>\n\t\t<\/section>\n\t\t\t\t\t<\/div>\n\t\t<\/div>\n\t\t\t\t\t<\/div>\n\t\t<\/section>\n\t\t\t\t<section class=\"elementor-section elementor-top-section elementor-element elementor-element-9783847 elementor-section-boxed elementor-section-height-default elementor-section-height-default\" data-id=\"9783847\" data-element_type=\"section\" data-e-type=\"section\">\n\t\t\t\t\t\t<div class=\"elementor-container elementor-column-gap-default\">\n\t\t\t\t\t<div class=\"elementor-column elementor-col-100 elementor-top-column elementor-element elementor-element-ab1cebf\" data-id=\"ab1cebf\" data-element_type=\"column\" data-e-type=\"column\">\n\t\t\t<div class=\"elementor-widget-wrap elementor-element-populated\">\n\t\t\t\t\t\t<div class=\"elementor-element elementor-element-f169279 elementor-widget__width-inherit elementor-widget-tablet__width-inherit elementor-widget elementor-widget-heading\" data-id=\"f169279\" data-element_type=\"widget\" data-e-type=\"widget\" data-widget_type=\"heading.default\">\n\t\t\t\t<div class=\"elementor-widget-container\">\n\t\t\t\t\t<h2 class=\"elementor-heading-title elementor-size-default\">Services de pr\u00e9vention et d'hygi\u00e8ne<\/h2>\t\t\t\t<\/div>\n\t\t\t\t<\/div>\n\t\t\t\t<div class=\"elementor-element elementor-element-a725c8e elementor-widget-divider--view-line elementor-widget elementor-widget-divider\" data-id=\"a725c8e\" data-element_type=\"widget\" data-e-type=\"widget\" data-widget_type=\"divider.default\">\n\t\t\t\t<div class=\"elementor-widget-container\">\n\t\t\t\t\t\t\t<div class=\"elementor-divider\">\n\t\t\t<span class=\"elementor-divider-separator\">\n\t\t\t\t\t\t<\/span>\n\t\t<\/div>\n\t\t\t\t\t\t<\/div>\n\t\t\t\t<\/div>\n\t\t\t\t\t<\/div>\n\t\t<\/div>\n\t\t\t\t\t<\/div>\n\t\t<\/section>\n\t\t\t\t<section class=\"elementor-section elementor-top-section elementor-element elementor-element-620d992 elementor-section-boxed elementor-section-height-default elementor-section-height-default\" data-id=\"620d992\" data-element_type=\"section\" data-e-type=\"section\">\n\t\t\t\t\t\t<div class=\"elementor-container elementor-column-gap-default\">\n\t\t\t\t\t<div class=\"elementor-column elementor-col-33 elementor-top-column elementor-element elementor-element-07370f0\" data-id=\"07370f0\" data-element_type=\"column\" data-e-type=\"column\">\n\t\t\t<div class=\"elementor-widget-wrap elementor-element-populated\">\n\t\t\t\t\t\t<div class=\"elementor-element elementor-element-54e6726 elementor-position-top elementor-widget elementor-widget-image-box\" data-id=\"54e6726\" data-element_type=\"widget\" data-e-type=\"widget\" data-widget_type=\"image-box.default\">\n\t\t\t\t<div class=\"elementor-widget-container\">\n\t\t\t\t\t<div class=\"elementor-image-box-wrapper\"><figure class=\"elementor-image-box-img\"><a href=\"https:\/\/cliniquedentairepointeclaire.com\/fr\/services-dentaires\/prevention-et-hygiene\/examen-oral-complet\/\" tabindex=\"-1\"><img fetchpriority=\"high\" decoding=\"async\" width=\"376\" height=\"262\" src=\"https:\/\/cliniquedentairepointeclaire.com\/wp-content\/uploads\/2025\/05\/Comprehensive-Examination.jpg\" class=\"attachment-full size-full wp-image-29937\" alt=\"\" srcset=\"https:\/\/cliniquedentairepointeclaire.com\/wp-content\/uploads\/2025\/05\/Comprehensive-Examination.jpg 376w, https:\/\/cliniquedentairepointeclaire.com\/wp-content\/uploads\/2025\/05\/Comprehensive-Examination-300x209.jpg 300w\" sizes=\"(max-width: 376px) 100vw, 376px\" \/><\/a><\/figure><div class=\"elementor-image-box-content\"><h3 class=\"elementor-image-box-title\"><a href=\"https:\/\/cliniquedentairepointeclaire.com\/fr\/services-dentaires\/prevention-et-hygiene\/examen-oral-complet\/\">Un examen dentaire complet<\/a><\/h3><p class=\"elementor-image-box-description\"><a style=\"color:#000\" href=\"https:\/\/cliniquedentairepointeclaire.com\/fr\/services-dentaires\/prevention-et-hygiene\/examen-oral-complet\/\">\nCet examen est g\u00e9n\u00e9ralement effectu\u00e9 lors de votre premi\u00e8re visite \u00e0 notre clinique. Gr\u00e2ce \u00e0 cet examen, le dentiste peut obtenir une image compl\u00e8te et actuelle de votre sant\u00e9 bucco-dentaire et \u00e9tablir une base de r\u00e9f\u00e9rence de l\u2019ensemble de votre bouche afin de vous fournir des soins personnalis\u00e9s efficaces.\n<\/a> <\/p><\/div><\/div>\t\t\t\t<\/div>\n\t\t\t\t<\/div>\n\t\t\t\t\t<\/div>\n\t\t<\/div>\n\t\t\t\t<div class=\"elementor-column elementor-col-33 elementor-top-column elementor-element elementor-element-b11a73c\" data-id=\"b11a73c\" data-element_type=\"column\" data-e-type=\"column\">\n\t\t\t<div class=\"elementor-widget-wrap elementor-element-populated\">\n\t\t\t\t\t\t<div class=\"elementor-element elementor-element-2bd4519 elementor-position-top elementor-widget elementor-widget-image-box\" data-id=\"2bd4519\" data-element_type=\"widget\" data-e-type=\"widget\" data-widget_type=\"image-box.default\">\n\t\t\t\t<div class=\"elementor-widget-container\">\n\t\t\t\t\t<div class=\"elementor-image-box-wrapper\"><figure class=\"elementor-image-box-img\"><a href=\"https:\/\/cliniquedentairepointeclaire.com\/fr\/services-dentaires\/prevention-et-hygiene\/nettoyage-dentaire-et-controles-reguliers\/\" tabindex=\"-1\"><img decoding=\"async\" width=\"376\" height=\"262\" src=\"https:\/\/cliniquedentairepointeclaire.com\/wp-content\/uploads\/2025\/05\/Professional-Dental-Cleaning.jpg\" class=\"attachment-full size-full wp-image-29942\" alt=\"\" srcset=\"https:\/\/cliniquedentairepointeclaire.com\/wp-content\/uploads\/2025\/05\/Professional-Dental-Cleaning.jpg 376w, https:\/\/cliniquedentairepointeclaire.com\/wp-content\/uploads\/2025\/05\/Professional-Dental-Cleaning-300x209.jpg 300w\" sizes=\"(max-width: 376px) 100vw, 376px\" \/><\/a><\/figure><div class=\"elementor-image-box-content\"><h3 class=\"elementor-image-box-title\"><a href=\"https:\/\/cliniquedentairepointeclaire.com\/fr\/services-dentaires\/prevention-et-hygiene\/nettoyage-dentaire-et-controles-reguliers\/\">Nettoyage dentaire et examen de routine<\/a><\/h3><p class=\"elementor-image-box-description\"><a style=\"color:#000\" href=\"https:\/\/cliniquedentairepointeclaire.com\/fr\/services-dentaires\/prevention-et-hygiene\/nettoyage-dentaire-et-controles-reguliers\/\">\nUn nettoyage professionnel permet d\u2019enlever la plaque et le tartre des dents afin de pr\u00e9venir la carie dentaire, la gingivite et la maladie parodontale. \n<\/a> <\/p><\/div><\/div>\t\t\t\t<\/div>\n\t\t\t\t<\/div>\n\t\t\t\t\t<\/div>\n\t\t<\/div>\n\t\t\t\t<div class=\"elementor-column elementor-col-33 elementor-top-column elementor-element elementor-element-47b92db\" data-id=\"47b92db\" data-element_type=\"column\" data-e-type=\"column\">\n\t\t\t<div class=\"elementor-widget-wrap elementor-element-populated\">\n\t\t\t\t\t\t<div class=\"elementor-element elementor-element-bafd4fa elementor-position-top elementor-widget elementor-widget-image-box\" data-id=\"bafd4fa\" data-element_type=\"widget\" data-e-type=\"widget\" data-widget_type=\"image-box.default\">\n\t\t\t\t<div class=\"elementor-widget-container\">\n\t\t\t\t\t<div class=\"elementor-image-box-wrapper\"><figure class=\"elementor-image-box-img\"><a href=\"https:\/\/cliniquedentairepointeclaire.com\/fr\/services-dentaires\/prevention-et-hygiene\/scellants-dentaires-et-restaurations-preventives\/\" tabindex=\"-1\"><img decoding=\"async\" width=\"376\" height=\"262\" src=\"https:\/\/cliniquedentairepointeclaire.com\/wp-content\/uploads\/2025\/05\/Dental-Sealants.jpg\" class=\"attachment-full size-full wp-image-29947\" alt=\"\" srcset=\"https:\/\/cliniquedentairepointeclaire.com\/wp-content\/uploads\/2025\/05\/Dental-Sealants.jpg 376w, https:\/\/cliniquedentairepointeclaire.com\/wp-content\/uploads\/2025\/05\/Dental-Sealants-300x209.jpg 300w\" sizes=\"(max-width: 376px) 100vw, 376px\" \/><\/a><\/figure><div class=\"elementor-image-box-content\"><h3 class=\"elementor-image-box-title\"><a href=\"https:\/\/cliniquedentairepointeclaire.com\/fr\/services-dentaires\/prevention-et-hygiene\/scellants-dentaires-et-restaurations-preventives\/\">Scellant dentaire<\/a><\/h3><p class=\"elementor-image-box-description\"><a style=\"color:#000\" href=\"https:\/\/cliniquedentairepointeclaire.com\/fr\/services-dentaires\/prevention-et-hygiene\/scellants-dentaires-et-restaurations-preventives\/\">\nLe scellant dentaire, aussi appel\u00e9 scellement des puits et fissures, est consid\u00e9r\u00e9 comme un traitement non invasif, destin\u00e9 \u00e0 pr\u00e9venir la carie dentaire. Les scellants ne sont pas exclusivement r\u00e9serv\u00e9s aux enfants.\n<\/a> <\/p><\/div><\/div>\t\t\t\t<\/div>\n\t\t\t\t<\/div>\n\t\t\t\t\t<\/div>\n\t\t<\/div>\n\t\t\t\t\t<\/div>\n\t\t<\/section>\n\t\t\t\t<\/div>\n\t\t","protected":false},"excerpt":{"rendered":"<p>Pr\u00e9vention et hygi\u00e8ne Le maintien d\u2019une sant\u00e9 bucco-dentaire optimale ne se limite pas au traitement des probl\u00e8mes dentaires \u00e0 mesure [&hellip;]<\/p>\n","protected":false},"author":1,"featured_media":0,"parent":15787,"menu_order":0,"comment_status":"closed","ping_status":"closed","template":"","meta":{"site-sidebar-layout":"no-sidebar","site-content-layout":"","ast-site-content-layout":"full-width-container","site-content-style":"default","site-sidebar-style":"default","ast-global-header-display":"","ast-banner-title-visibility":"","ast-main-header-display":"","ast-hfb-above-header-display":"","ast-hfb-below-header-display":"","ast-hfb-mobile-header-display":"","site-post-title":"disabled","ast-breadcrumbs-content":"","ast-featured-img":"disabled","footer-sml-layout":"","ast-disable-related-posts":"","theme-transparent-header-meta":"","adv-header-id-meta":"","stick-header-meta":"","header-above-stick-meta":"","header-main-stick-meta":"","header-below-stick-meta":"","astra-migrate-meta-layouts":"default","ast-page-background-enabled":"default","ast-page-background-meta":{"desktop":{"background-color":"var(--ast-global-color-4)","background-image":"","background-repeat":"repeat","background-position":"center center","background-size":"auto","background-attachment":"scroll","background-type":"","background-media":"","overlay-type":"","overlay-color":"","overlay-opacity":"","overlay-gradient":""},"tablet":{"background-color":"","background-image":"","background-repeat":"repeat","background-position":"center center","background-size":"auto","background-attachment":"scroll","background-type":"","background-media":"","overlay-type":"","overlay-color":"","overlay-opacity":"","overlay-gradient":""},"mobile":{"background-color":"","background-image":"","background-repeat":"repeat","background-position":"center center","background-size":"auto","background-attachment":"scroll","background-type":"","background-media":"","overlay-type":"","overlay-color":"","overlay-opacity":"","overlay-gradient":""}},"ast-content-background-meta":{"desktop":{"background-color":"var(--ast-global-color-5)","background-image":"","background-repeat":"repeat","background-position":"center center","background-size":"auto","background-attachment":"scroll","background-type":"","background-media":"","overlay-type":"","overlay-color":"","overlay-opacity":"","overlay-gradient":""},"tablet":{"background-color":"var(--ast-global-color-5)","background-image":"","background-repeat":"repeat","background-position":"center center","background-size":"auto","background-attachment":"scroll","background-type":"","background-media":"","overlay-type":"","overlay-color":"","overlay-opacity":"","overlay-gradient":""},"mobile":{"background-color":"var(--ast-global-color-5)","background-image":"","background-repeat":"repeat","background-position":"center center","background-size":"auto","background-attachment":"scroll","background-type":"","background-media":"","overlay-type":"","overlay-color":"","overlay-opacity":"","overlay-gradient":""}},"footnotes":""},"class_list":["post-15860","page","type-page","status-publish","hentry"],"yoast_head":"<!-- This site is optimized with the Yoast SEO plugin v27.3 - https:\/\/yoast.com\/product\/yoast-seo-wordpress\/ -->\n<title>Dentisterie pr\u00e9ventive et hygi\u00e9nique | Clinique Dentaire Pointe-Claire<\/title>\n<meta name=\"description\" content=\"La Clinique Dentaire Pointe-Claire offre des soins dentaires pr\u00e9ventifs et hygi\u00e9niques pour maintenir une sant\u00e9 buccodentaire optimale gr\u00e2ce \u00e0 des nettoyages r\u00e9guliers et des soins personnalis\u00e9s.\" \/>\n<meta name=\"robots\" content=\"index, follow, max-snippet:-1, max-image-preview:large, max-video-preview:-1\" \/>\n<link rel=\"canonical\" href=\"https:\/\/cliniquedentairepointeclaire.com\/fr\/services-dentaires\/prevention-et-hygiene\/\" \/>\n<meta property=\"og:locale\" content=\"fr_FR\" \/>\n<meta property=\"og:type\" content=\"article\" \/>\n<meta property=\"og:title\" content=\"Dentisterie pr\u00e9ventive et hygi\u00e9nique | Clinique Dentaire Pointe-Claire\" \/>\n<meta property=\"og:description\" content=\"La Clinique Dentaire Pointe-Claire offre des soins dentaires pr\u00e9ventifs et hygi\u00e9niques pour maintenir une sant\u00e9 buccodentaire optimale gr\u00e2ce \u00e0 des nettoyages r\u00e9guliers et des soins personnalis\u00e9s.\" \/>\n<meta property=\"og:url\" content=\"https:\/\/cliniquedentairepointeclaire.com\/fr\/services-dentaires\/prevention-et-hygiene\/\" \/>\n<meta property=\"og:site_name\" content=\"Clinique Dentaire Pointe Claire\" \/>\n<meta property=\"article:modified_time\" content=\"2025-08-16T12:48:30+00:00\" \/>\n<meta property=\"og:image\" content=\"http:\/\/pwmhosting.ca\/clinique-dentaire-pointe-claire\/wp-content\/uploads\/2025\/05\/Comprehensive-Examination.jpg\" \/>\n<meta name=\"twitter:card\" content=\"summary_large_image\" \/>\n<meta name=\"twitter:label1\" content=\"Dur\u00e9e de lecture estim\u00e9e\" \/>\n\t<meta name=\"twitter:data1\" content=\"2 minutes\" \/>\n<script type=\"application\/ld+json\" class=\"yoast-schema-graph\">{\"@context\":\"https:\\\/\\\/schema.org\",\"@graph\":[{\"@type\":\"WebPage\",\"@id\":\"https:\\\/\\\/cliniquedentairepointeclaire.com\\\/fr\\\/services-dentaires\\\/prevention-et-hygiene\\\/\",\"url\":\"https:\\\/\\\/cliniquedentairepointeclaire.com\\\/fr\\\/services-dentaires\\\/prevention-et-hygiene\\\/\",\"name\":\"Dentisterie pr\u00e9ventive et hygi\u00e9nique | Clinique Dentaire Pointe-Claire\",\"isPartOf\":{\"@id\":\"https:\\\/\\\/cliniquedentairepointeclaire.com\\\/fr\\\/#website\"},\"primaryImageOfPage\":{\"@id\":\"https:\\\/\\\/cliniquedentairepointeclaire.com\\\/fr\\\/services-dentaires\\\/prevention-et-hygiene\\\/#primaryimage\"},\"image\":{\"@id\":\"https:\\\/\\\/cliniquedentairepointeclaire.com\\\/fr\\\/services-dentaires\\\/prevention-et-hygiene\\\/#primaryimage\"},\"thumbnailUrl\":\"http:\\\/\\\/pwmhosting.ca\\\/clinique-dentaire-pointe-claire\\\/wp-content\\\/uploads\\\/2025\\\/05\\\/Comprehensive-Examination.jpg\",\"datePublished\":\"2024-05-31T09:57:09+00:00\",\"dateModified\":\"2025-08-16T12:48:30+00:00\",\"description\":\"La Clinique Dentaire Pointe-Claire offre des soins dentaires pr\u00e9ventifs et hygi\u00e9niques pour maintenir une sant\u00e9 buccodentaire optimale gr\u00e2ce \u00e0 des nettoyages r\u00e9guliers et des soins personnalis\u00e9s.\",\"breadcrumb\":{\"@id\":\"https:\\\/\\\/cliniquedentairepointeclaire.com\\\/fr\\\/services-dentaires\\\/prevention-et-hygiene\\\/#breadcrumb\"},\"inLanguage\":\"fr-FR\",\"potentialAction\":[{\"@type\":\"ReadAction\",\"target\":[\"https:\\\/\\\/cliniquedentairepointeclaire.com\\\/fr\\\/services-dentaires\\\/prevention-et-hygiene\\\/\"]}]},{\"@type\":\"ImageObject\",\"inLanguage\":\"fr-FR\",\"@id\":\"https:\\\/\\\/cliniquedentairepointeclaire.com\\\/fr\\\/services-dentaires\\\/prevention-et-hygiene\\\/#primaryimage\",\"url\":\"http:\\\/\\\/pwmhosting.ca\\\/clinique-dentaire-pointe-claire\\\/wp-content\\\/uploads\\\/2025\\\/05\\\/Comprehensive-Examination.jpg\",\"contentUrl\":\"http:\\\/\\\/pwmhosting.ca\\\/clinique-dentaire-pointe-claire\\\/wp-content\\\/uploads\\\/2025\\\/05\\\/Comprehensive-Examination.jpg\"},{\"@type\":\"BreadcrumbList\",\"@id\":\"https:\\\/\\\/cliniquedentairepointeclaire.com\\\/fr\\\/services-dentaires\\\/prevention-et-hygiene\\\/#breadcrumb\",\"itemListElement\":[{\"@type\":\"ListItem\",\"position\":1,\"name\":\"Home\",\"item\":\"https:\\\/\\\/cliniquedentairepointeclaire.com\\\/fr\\\/\"},{\"@type\":\"ListItem\",\"position\":2,\"name\":\"Services dentaires\",\"item\":\"https:\\\/\\\/cliniquedentairepointeclaire.com\\\/fr\\\/services-dentaires\\\/\"},{\"@type\":\"ListItem\",\"position\":3,\"name\":\"Pr\u00e9vention et hygi\u00e8ne\"}]},{\"@type\":\"WebSite\",\"@id\":\"https:\\\/\\\/cliniquedentairepointeclaire.com\\\/fr\\\/#website\",\"url\":\"https:\\\/\\\/cliniquedentairepointeclaire.com\\\/fr\\\/\",\"name\":\"Clinique Dentaire Pointe Claire\",\"description\":\"\",\"potentialAction\":[{\"@type\":\"SearchAction\",\"target\":{\"@type\":\"EntryPoint\",\"urlTemplate\":\"https:\\\/\\\/cliniquedentairepointeclaire.com\\\/fr\\\/?s={search_term_string}\"},\"query-input\":{\"@type\":\"PropertyValueSpecification\",\"valueRequired\":true,\"valueName\":\"search_term_string\"}}],\"inLanguage\":\"fr-FR\"}]}<\/script>\n<!-- \/ Yoast SEO plugin. -->","yoast_head_json":{"title":"Dentisterie pr\u00e9ventive et hygi\u00e9nique | Clinique Dentaire Pointe-Claire","description":"La Clinique Dentaire Pointe-Claire offre des soins dentaires pr\u00e9ventifs et hygi\u00e9niques pour maintenir une sant\u00e9 buccodentaire optimale gr\u00e2ce \u00e0 des nettoyages r\u00e9guliers et des soins personnalis\u00e9s.","robots":{"index":"index","follow":"follow","max-snippet":"max-snippet:-1","max-image-preview":"max-image-preview:large","max-video-preview":"max-video-preview:-1"},"canonical":"https:\/\/cliniquedentairepointeclaire.com\/fr\/services-dentaires\/prevention-et-hygiene\/","og_locale":"fr_FR","og_type":"article","og_title":"Dentisterie pr\u00e9ventive et hygi\u00e9nique | Clinique Dentaire Pointe-Claire","og_description":"La Clinique Dentaire Pointe-Claire offre des soins dentaires pr\u00e9ventifs et hygi\u00e9niques pour maintenir une sant\u00e9 buccodentaire optimale gr\u00e2ce \u00e0 des nettoyages r\u00e9guliers et des soins personnalis\u00e9s.","og_url":"https:\/\/cliniquedentairepointeclaire.com\/fr\/services-dentaires\/prevention-et-hygiene\/","og_site_name":"Clinique Dentaire Pointe Claire","article_modified_time":"2025-08-16T12:48:30+00:00","og_image":[{"url":"http:\/\/pwmhosting.ca\/clinique-dentaire-pointe-claire\/wp-content\/uploads\/2025\/05\/Comprehensive-Examination.jpg","type":"","width":"","height":""}],"twitter_card":"summary_large_image","twitter_misc":{"Dur\u00e9e de lecture estim\u00e9e":"2 minutes"},"schema":{"@context":"https:\/\/schema.org","@graph":[{"@type":"WebPage","@id":"https:\/\/cliniquedentairepointeclaire.com\/fr\/services-dentaires\/prevention-et-hygiene\/","url":"https:\/\/cliniquedentairepointeclaire.com\/fr\/services-dentaires\/prevention-et-hygiene\/","name":"Dentisterie pr\u00e9ventive et hygi\u00e9nique | Clinique Dentaire Pointe-Claire","isPartOf":{"@id":"https:\/\/cliniquedentairepointeclaire.com\/fr\/#website"},"primaryImageOfPage":{"@id":"https:\/\/cliniquedentairepointeclaire.com\/fr\/services-dentaires\/prevention-et-hygiene\/#primaryimage"},"image":{"@id":"https:\/\/cliniquedentairepointeclaire.com\/fr\/services-dentaires\/prevention-et-hygiene\/#primaryimage"},"thumbnailUrl":"http:\/\/pwmhosting.ca\/clinique-dentaire-pointe-claire\/wp-content\/uploads\/2025\/05\/Comprehensive-Examination.jpg","datePublished":"2024-05-31T09:57:09+00:00","dateModified":"2025-08-16T12:48:30+00:00","description":"La Clinique Dentaire Pointe-Claire offre des soins dentaires pr\u00e9ventifs et hygi\u00e9niques pour maintenir une sant\u00e9 buccodentaire optimale gr\u00e2ce \u00e0 des nettoyages r\u00e9guliers et des soins personnalis\u00e9s.","breadcrumb":{"@id":"https:\/\/cliniquedentairepointeclaire.com\/fr\/services-dentaires\/prevention-et-hygiene\/#breadcrumb"},"inLanguage":"fr-FR","potentialAction":[{"@type":"ReadAction","target":["https:\/\/cliniquedentairepointeclaire.com\/fr\/services-dentaires\/prevention-et-hygiene\/"]}]},{"@type":"ImageObject","inLanguage":"fr-FR","@id":"https:\/\/cliniquedentairepointeclaire.com\/fr\/services-dentaires\/prevention-et-hygiene\/#primaryimage","url":"http:\/\/pwmhosting.ca\/clinique-dentaire-pointe-claire\/wp-content\/uploads\/2025\/05\/Comprehensive-Examination.jpg","contentUrl":"http:\/\/pwmhosting.ca\/clinique-dentaire-pointe-claire\/wp-content\/uploads\/2025\/05\/Comprehensive-Examination.jpg"},{"@type":"BreadcrumbList","@id":"https:\/\/cliniquedentairepointeclaire.com\/fr\/services-dentaires\/prevention-et-hygiene\/#breadcrumb","itemListElement":[{"@type":"ListItem","position":1,"name":"Home","item":"https:\/\/cliniquedentairepointeclaire.com\/fr\/"},{"@type":"ListItem","position":2,"name":"Services dentaires","item":"https:\/\/cliniquedentairepointeclaire.com\/fr\/services-dentaires\/"},{"@type":"ListItem","position":3,"name":"Pr\u00e9vention et hygi\u00e8ne"}]},{"@type":"WebSite","@id":"https:\/\/cliniquedentairepointeclaire.com\/fr\/#website","url":"https:\/\/cliniquedentairepointeclaire.com\/fr\/","name":"Clinique Dentaire Pointe Claire","description":"","potentialAction":[{"@type":"SearchAction","target":{"@type":"EntryPoint","urlTemplate":"https:\/\/cliniquedentairepointeclaire.com\/fr\/?s={search_term_string}"},"query-input":{"@type":"PropertyValueSpecification","valueRequired":true,"valueName":"search_term_string"}}],"inLanguage":"fr-FR"}]}},"_links":{"self":[{"href":"https:\/\/cliniquedentairepointeclaire.com\/fr\/wp-json\/wp\/v2\/pages\/15860","targetHints":{"allow":["GET"]}}],"collection":[{"href":"https:\/\/cliniquedentairepointeclaire.com\/fr\/wp-json\/wp\/v2\/pages"}],"about":[{"href":"https:\/\/cliniquedentairepointeclaire.com\/fr\/wp-json\/wp\/v2\/types\/page"}],"author":[{"embeddable":true,"href":"https:\/\/cliniquedentairepointeclaire.com\/fr\/wp-json\/wp\/v2\/users\/1"}],"replies":[{"embeddable":true,"href":"https:\/\/cliniquedentairepointeclaire.com\/fr\/wp-json\/wp\/v2\/comments?post=15860"}],"version-history":[{"count":0,"href":"https:\/\/cliniquedentairepointeclaire.com\/fr\/wp-json\/wp\/v2\/pages\/15860\/revisions"}],"up":[{"embeddable":true,"href":"https:\/\/cliniquedentairepointeclaire.com\/fr\/wp-json\/wp\/v2\/pages\/15787"}],"wp:attachment":[{"href":"https:\/\/cliniquedentairepointeclaire.com\/fr\/wp-json\/wp\/v2\/media?parent=15860"}],"curies":[{"name":"wp","href":"https:\/\/api.w.org\/{rel}","templated":true}]}}