{"id":15736,"date":"2024-09-08T15:05:58","date_gmt":"2024-09-08T15:05:58","guid":{"rendered":"https:\/\/pwmhosting.ca\/clinique-dentaire-pointe-claire\/dentisterie-preventive\/"},"modified":"2025-08-16T13:06:05","modified_gmt":"2025-08-16T13:06:05","slug":"dentisterie-preventive","status":"publish","type":"page","link":"https:\/\/cliniquedentairepointeclaire.com\/fr\/dentisterie-preventive\/","title":{"rendered":"Dentisterie pr\u00e9ventive"},"content":{"rendered":"\t\t<div data-elementor-type=\"wp-page\" data-elementor-id=\"15736\" class=\"elementor elementor-15736 elementor-14543\">\n\t\t\t\t\t\t<section class=\"elementor-section elementor-top-section elementor-element elementor-element-126f425 elementor-section-boxed elementor-section-height-default elementor-section-height-default\" data-id=\"126f425\" data-element_type=\"section\" data-e-type=\"section\">\n\t\t\t\t\t\t<div class=\"elementor-container elementor-column-gap-default\">\n\t\t\t\t\t<div class=\"elementor-column elementor-col-100 elementor-top-column elementor-element elementor-element-a4e1e18\" data-id=\"a4e1e18\" data-element_type=\"column\" data-e-type=\"column\">\n\t\t\t<div class=\"elementor-widget-wrap elementor-element-populated\">\n\t\t\t\t\t\t<div class=\"elementor-element elementor-element-3c81106 elementor-widget elementor-widget-heading\" data-id=\"3c81106\" data-element_type=\"widget\" data-e-type=\"widget\" data-widget_type=\"heading.default\">\n\t\t\t\t<div class=\"elementor-widget-container\">\n\t\t\t\t\t<h1 class=\"elementor-heading-title elementor-size-default\">Dentisterie pr\u00e9ventive<\/h1>\t\t\t\t<\/div>\n\t\t\t\t<\/div>\n\t\t\t\t<div class=\"elementor-element elementor-element-685b28f elementor-widget-divider--view-line elementor-widget elementor-widget-divider\" data-id=\"685b28f\" data-element_type=\"widget\" data-e-type=\"widget\" data-widget_type=\"divider.default\">\n\t\t\t\t<div class=\"elementor-widget-container\">\n\t\t\t\t\t\t\t<div class=\"elementor-divider\">\n\t\t\t<span class=\"elementor-divider-separator\">\n\t\t\t\t\t\t<\/span>\n\t\t<\/div>\n\t\t\t\t\t\t<\/div>\n\t\t\t\t<\/div>\n\t\t\t\t<div class=\"elementor-element elementor-element-5a0b1e2 elementor-widget-tablet__width-inherit text-center-cus elementor-widget elementor-widget-text-editor\" data-id=\"5a0b1e2\" data-element_type=\"widget\" data-e-type=\"widget\" data-widget_type=\"text-editor.default\">\n\t\t\t\t<div class=\"elementor-widget-container\">\n\t\t\t\t\t\t\t\t\t<p>Le maintien d&rsquo;une sant\u00e9 bucco-dentaire optimale ne se limite pas \u00e0 traiter les probl\u00e8mes dentaires au fur et \u00e0 mesure qu&rsquo;ils surviennent. La premi\u00e8re \u00e9tape vers cet objectif est la dentisterie pr\u00e9ventive, c&rsquo;est pourquoi, chez <a href=\"https:\/\/cliniquedentairepointeclaire.com\/fr\/\">Pointe-Claire dental<\/a>, nous en faisons une priorit\u00e9.<\/p>\t\t\t\t\t\t\t\t<\/div>\n\t\t\t\t<\/div>\n\t\t\t\t<div class=\"elementor-element elementor-element-183af0b elementor-widget-tablet__width-inherit elementor-widget elementor-widget-heading\" data-id=\"183af0b\" data-element_type=\"widget\" data-e-type=\"widget\" data-widget_type=\"heading.default\">\n\t\t\t\t<div class=\"elementor-widget-container\">\n\t\t\t\t\t<h2 class=\"elementor-heading-title elementor-size-default\"> Chaque visite de soins pr\u00e9ventifs \u00e0 notre clinique constitue un \u00e9l\u00e9ment important du programme patient visant \u00e0 maintenir une sant\u00e9 buccale optimale. <\/h2>\t\t\t\t<\/div>\n\t\t\t\t<\/div>\n\t\t\t\t\t<\/div>\n\t\t<\/div>\n\t\t\t\t\t<\/div>\n\t\t<\/section>\n\t\t\t\t<section class=\"elementor-section elementor-top-section elementor-element elementor-element-0358a1c elementor-section-boxed elementor-section-height-default elementor-section-height-default\" data-id=\"0358a1c\" data-element_type=\"section\" data-e-type=\"section\">\n\t\t\t\t\t\t<div class=\"elementor-container elementor-column-gap-default\">\n\t\t\t\t\t<div class=\"elementor-column elementor-col-33 elementor-top-column elementor-element elementor-element-d5a300f\" data-id=\"d5a300f\" data-element_type=\"column\" data-e-type=\"column\" data-settings=\"{&quot;background_background&quot;:&quot;classic&quot;}\">\n\t\t\t<div class=\"elementor-widget-wrap elementor-element-populated\">\n\t\t\t\t\t\t<div class=\"elementor-element elementor-element-ad83fcb elementor-widget elementor-widget-image\" data-id=\"ad83fcb\" data-element_type=\"widget\" data-e-type=\"widget\" data-widget_type=\"image.default\">\n\t\t\t\t<div class=\"elementor-widget-container\">\n\t\t\t\t\t\t\t\t\t\t\t\t\t\t\t<img fetchpriority=\"high\" decoding=\"async\" width=\"800\" height=\"565\" src=\"https:\/\/cliniquedentairepointeclaire.com\/wp-content\/uploads\/2024\/06\/8.png\" class=\"attachment-large size-large wp-image-15096\" alt=\"\" srcset=\"https:\/\/cliniquedentairepointeclaire.com\/wp-content\/uploads\/2024\/06\/8.png 800w, https:\/\/cliniquedentairepointeclaire.com\/wp-content\/uploads\/2024\/06\/8-300x212.png 300w, https:\/\/cliniquedentairepointeclaire.com\/wp-content\/uploads\/2024\/06\/8-768x542.png 768w\" sizes=\"(max-width: 800px) 100vw, 800px\" \/>\t\t\t\t\t\t\t\t\t\t\t\t\t\t\t<\/div>\n\t\t\t\t<\/div>\n\t\t\t\t<div class=\"elementor-element elementor-element-3c2fd0c elementor-widget elementor-widget-heading\" data-id=\"3c2fd0c\" data-element_type=\"widget\" data-e-type=\"widget\" data-widget_type=\"heading.default\">\n\t\t\t\t<div class=\"elementor-widget-container\">\n\t\t\t\t\t<h3 class=\"elementor-heading-title elementor-size-default\">Un examen dentaire complet<\/h3>\t\t\t\t<\/div>\n\t\t\t\t<\/div>\n\t\t\t\t<div class=\"elementor-element elementor-element-b7722fd elementor-widget__width-inherit elementor-widget-tablet__width-inherit elementor-widget elementor-widget-text-editor\" data-id=\"b7722fd\" data-element_type=\"widget\" data-e-type=\"widget\" data-widget_type=\"text-editor.default\">\n\t\t\t\t<div class=\"elementor-widget-container\">\n\t\t\t\t\t\t\t\t\tUn examen dentaire complet, plus approfondi et d\u00e9taill\u00e9 qu&rsquo;un examen de routine, est recommand\u00e9 lorsque vous changez de dentiste afin de faire un bilan complet de votre \u00e9tat de sant\u00e9 dentaire. Nous effectuons g\u00e9n\u00e9ralement cet examen lors de votre &#8230;\t\t\t\t\t\t\t\t<\/div>\n\t\t\t\t<\/div>\n\t\t\t\t<div class=\"elementor-element elementor-element-9565599 elementor-align-center elementor-tablet-align-center text-center-cus elementor-widget elementor-widget-button\" data-id=\"9565599\" data-element_type=\"widget\" data-e-type=\"widget\" data-widget_type=\"button.default\">\n\t\t\t\t<div class=\"elementor-widget-container\">\n\t\t\t\t\t\t\t\t\t<div class=\"elementor-button-wrapper\">\n\t\t\t\t\t<a class=\"elementor-button elementor-button-link elementor-size-sm elementor-animation-pulse-grow\" href=\"https:\/\/cliniquedentairepointeclaire.com\/fr\/services-dentaires\/prevention-et-hygiene\/examen-oral-complet\/\">\n\t\t\t\t\t\t<span class=\"elementor-button-content-wrapper\">\n\t\t\t\t\t\t\t\t\t<span class=\"elementor-button-text\">En lire plus<\/span>\n\t\t\t\t\t<\/span>\n\t\t\t\t\t<\/a>\n\t\t\t\t<\/div>\n\t\t\t\t\t\t\t\t<\/div>\n\t\t\t\t<\/div>\n\t\t\t\t\t<\/div>\n\t\t<\/div>\n\t\t\t\t<div class=\"elementor-column elementor-col-33 elementor-top-column elementor-element elementor-element-a9bb49e\" data-id=\"a9bb49e\" data-element_type=\"column\" data-e-type=\"column\" data-settings=\"{&quot;background_background&quot;:&quot;classic&quot;}\">\n\t\t\t<div class=\"elementor-widget-wrap elementor-element-populated\">\n\t\t\t\t\t\t<div class=\"elementor-element elementor-element-e4a2e28 elementor-widget elementor-widget-image\" data-id=\"e4a2e28\" data-element_type=\"widget\" data-e-type=\"widget\" data-widget_type=\"image.default\">\n\t\t\t\t<div class=\"elementor-widget-container\">\n\t\t\t\t\t\t\t\t\t\t\t\t\t\t\t<img decoding=\"async\" width=\"800\" height=\"565\" src=\"https:\/\/cliniquedentairepointeclaire.com\/wp-content\/uploads\/2024\/06\/Teeth-Whitening.jpg\" class=\"attachment-large size-large wp-image-15100\" alt=\"\" srcset=\"https:\/\/cliniquedentairepointeclaire.com\/wp-content\/uploads\/2024\/06\/Teeth-Whitening.jpg 800w, https:\/\/cliniquedentairepointeclaire.com\/wp-content\/uploads\/2024\/06\/Teeth-Whitening-300x212.jpg 300w, https:\/\/cliniquedentairepointeclaire.com\/wp-content\/uploads\/2024\/06\/Teeth-Whitening-768x542.jpg 768w\" sizes=\"(max-width: 800px) 100vw, 800px\" \/>\t\t\t\t\t\t\t\t\t\t\t\t\t\t\t<\/div>\n\t\t\t\t<\/div>\n\t\t\t\t<div class=\"elementor-element elementor-element-fd866d8 elementor-widget elementor-widget-heading\" data-id=\"fd866d8\" data-element_type=\"widget\" data-e-type=\"widget\" data-widget_type=\"heading.default\">\n\t\t\t\t<div class=\"elementor-widget-container\">\n\t\t\t\t\t<h3 class=\"elementor-heading-title elementor-size-default\">Nettoyage dentaire et examen de routine<\/h3>\t\t\t\t<\/div>\n\t\t\t\t<\/div>\n\t\t\t\t<div class=\"elementor-element elementor-element-d409693 elementor-widget-tablet__width-inherit elementor-widget elementor-widget-text-editor\" data-id=\"d409693\" data-element_type=\"widget\" data-e-type=\"widget\" data-widget_type=\"text-editor.default\">\n\t\t\t\t<div class=\"elementor-widget-container\">\n\t\t\t\t\t\t\t\t\tUn nettoyage professionnel permet d\u2019enlever la plaque et le tartre des dents afin de pr\u00e9venir la carie dentaire, la gingivite et la maladie parodontale. Des examens dentaires r\u00e9guliers nous permettent de diagnostiquer les complications dentaires ou &#8230;\t\t\t\t\t\t\t\t<\/div>\n\t\t\t\t<\/div>\n\t\t\t\t<div class=\"elementor-element elementor-element-1aa762f elementor-align-center elementor-tablet-align-center text-center-cus elementor-widget elementor-widget-button\" data-id=\"1aa762f\" data-element_type=\"widget\" data-e-type=\"widget\" data-widget_type=\"button.default\">\n\t\t\t\t<div class=\"elementor-widget-container\">\n\t\t\t\t\t\t\t\t\t<div class=\"elementor-button-wrapper\">\n\t\t\t\t\t<a class=\"elementor-button elementor-button-link elementor-size-sm elementor-animation-pulse-grow\" href=\"https:\/\/cliniquedentairepointeclaire.com\/fr\/services-dentaires\/prevention-et-hygiene\/nettoyage-dentaire-et-controles-reguliers\/\">\n\t\t\t\t\t\t<span class=\"elementor-button-content-wrapper\">\n\t\t\t\t\t\t\t\t\t<span class=\"elementor-button-text\">En lire plus<\/span>\n\t\t\t\t\t<\/span>\n\t\t\t\t\t<\/a>\n\t\t\t\t<\/div>\n\t\t\t\t\t\t\t\t<\/div>\n\t\t\t\t<\/div>\n\t\t\t\t\t<\/div>\n\t\t<\/div>\n\t\t\t\t<div class=\"elementor-column elementor-col-33 elementor-top-column elementor-element elementor-element-d8a7a78\" data-id=\"d8a7a78\" data-element_type=\"column\" data-e-type=\"column\" data-settings=\"{&quot;background_background&quot;:&quot;classic&quot;}\">\n\t\t\t<div class=\"elementor-widget-wrap elementor-element-populated\">\n\t\t\t\t\t\t<div class=\"elementor-element elementor-element-31ea92c elementor-widget elementor-widget-image\" data-id=\"31ea92c\" data-element_type=\"widget\" data-e-type=\"widget\" data-widget_type=\"image.default\">\n\t\t\t\t<div class=\"elementor-widget-container\">\n\t\t\t\t\t\t\t\t\t\t\t\t\t\t\t<img decoding=\"async\" width=\"800\" height=\"565\" src=\"https:\/\/cliniquedentairepointeclaire.com\/wp-content\/uploads\/2024\/06\/Dental-Bonding.jpg\" class=\"attachment-large size-large wp-image-15101\" alt=\"\" srcset=\"https:\/\/cliniquedentairepointeclaire.com\/wp-content\/uploads\/2024\/06\/Dental-Bonding.jpg 800w, https:\/\/cliniquedentairepointeclaire.com\/wp-content\/uploads\/2024\/06\/Dental-Bonding-300x212.jpg 300w, https:\/\/cliniquedentairepointeclaire.com\/wp-content\/uploads\/2024\/06\/Dental-Bonding-768x542.jpg 768w\" sizes=\"(max-width: 800px) 100vw, 800px\" \/>\t\t\t\t\t\t\t\t\t\t\t\t\t\t\t<\/div>\n\t\t\t\t<\/div>\n\t\t\t\t<div class=\"elementor-element elementor-element-1d0d1c1 elementor-widget elementor-widget-heading\" data-id=\"1d0d1c1\" data-element_type=\"widget\" data-e-type=\"widget\" data-widget_type=\"heading.default\">\n\t\t\t\t<div class=\"elementor-widget-container\">\n\t\t\t\t\t<h3 class=\"elementor-heading-title elementor-size-default\">Scellant dentaire<\/h3>\t\t\t\t<\/div>\n\t\t\t\t<\/div>\n\t\t\t\t<div class=\"elementor-element elementor-element-49c531a elementor-widget-tablet__width-inherit elementor-widget elementor-widget-text-editor\" data-id=\"49c531a\" data-element_type=\"widget\" data-e-type=\"widget\" data-widget_type=\"text-editor.default\">\n\t\t\t\t<div class=\"elementor-widget-container\">\n\t\t\t\t\t\t\t\t\tLe scellant dentaire, aussi appel\u00e9 scellement des puits et fissures, est consid\u00e9r\u00e9 comme un traitement non invasif, destin\u00e9 \u00e0 pr\u00e9venir la carie dentaire. Les scellants ne sont pas exclusivement r\u00e9serv\u00e9s aux enfants. Ils peuvent \u00e9galement \u00eatre\t\t\t\t\t\t\t\t<\/div>\n\t\t\t\t<\/div>\n\t\t\t\t<div class=\"elementor-element elementor-element-18ec7ed elementor-align-center elementor-tablet-align-center text-center-cus elementor-widget elementor-widget-button\" data-id=\"18ec7ed\" data-element_type=\"widget\" data-e-type=\"widget\" data-widget_type=\"button.default\">\n\t\t\t\t<div class=\"elementor-widget-container\">\n\t\t\t\t\t\t\t\t\t<div class=\"elementor-button-wrapper\">\n\t\t\t\t\t<a class=\"elementor-button elementor-button-link elementor-size-sm elementor-animation-pulse-grow\" href=\"https:\/\/cliniquedentairepointeclaire.com\/fr\/services-dentaires\/prevention-et-hygiene\/scellants-dentaires-et-restaurations-preventives\/\">\n\t\t\t\t\t\t<span class=\"elementor-button-content-wrapper\">\n\t\t\t\t\t\t\t\t\t<span class=\"elementor-button-text\">En lire plus<\/span>\n\t\t\t\t\t<\/span>\n\t\t\t\t\t<\/a>\n\t\t\t\t<\/div>\n\t\t\t\t\t\t\t\t<\/div>\n\t\t\t\t<\/div>\n\t\t\t\t\t<\/div>\n\t\t<\/div>\n\t\t\t\t\t<\/div>\n\t\t<\/section>\n\t\t\t\t<\/div>\n\t\t","protected":false},"excerpt":{"rendered":"<p>Dentisterie pr\u00e9ventive Le maintien d&rsquo;une sant\u00e9 bucco-dentaire optimale ne se limite pas \u00e0 traiter les probl\u00e8mes dentaires au fur et [&hellip;]<\/p>\n","protected":false},"author":1,"featured_media":0,"parent":0,"menu_order":0,"comment_status":"closed","ping_status":"closed","template":"","meta":{"site-sidebar-layout":"no-sidebar","site-content-layout":"","ast-site-content-layout":"full-width-container","site-content-style":"default","site-sidebar-style":"default","ast-global-header-display":"","ast-banner-title-visibility":"","ast-main-header-display":"","ast-hfb-above-header-display":"","ast-hfb-below-header-display":"","ast-hfb-mobile-header-display":"","site-post-title":"disabled","ast-breadcrumbs-content":"","ast-featured-img":"disabled","footer-sml-layout":"","ast-disable-related-posts":"","theme-transparent-header-meta":"","adv-header-id-meta":"","stick-header-meta":"","header-above-stick-meta":"","header-main-stick-meta":"","header-below-stick-meta":"","astra-migrate-meta-layouts":"default","ast-page-background-enabled":"default","ast-page-background-meta":{"desktop":{"background-color":"var(--ast-global-color-4)","background-image":"","background-repeat":"repeat","background-position":"center center","background-size":"auto","background-attachment":"scroll","background-type":"","background-media":"","overlay-type":"","overlay-color":"","overlay-opacity":"","overlay-gradient":""},"tablet":{"background-color":"","background-image":"","background-repeat":"repeat","background-position":"center center","background-size":"auto","background-attachment":"scroll","background-type":"","background-media":"","overlay-type":"","overlay-color":"","overlay-opacity":"","overlay-gradient":""},"mobile":{"background-color":"","background-image":"","background-repeat":"repeat","background-position":"center center","background-size":"auto","background-attachment":"scroll","background-type":"","background-media":"","overlay-type":"","overlay-color":"","overlay-opacity":"","overlay-gradient":""}},"ast-content-background-meta":{"desktop":{"background-color":"var(--ast-global-color-5)","background-image":"","background-repeat":"repeat","background-position":"center center","background-size":"auto","background-attachment":"scroll","background-type":"","background-media":"","overlay-type":"","overlay-color":"","overlay-opacity":"","overlay-gradient":""},"tablet":{"background-color":"var(--ast-global-color-5)","background-image":"","background-repeat":"repeat","background-position":"center center","background-size":"auto","background-attachment":"scroll","background-type":"","background-media":"","overlay-type":"","overlay-color":"","overlay-opacity":"","overlay-gradient":""},"mobile":{"background-color":"var(--ast-global-color-5)","background-image":"","background-repeat":"repeat","background-position":"center center","background-size":"auto","background-attachment":"scroll","background-type":"","background-media":"","overlay-type":"","overlay-color":"","overlay-opacity":"","overlay-gradient":""}},"footnotes":""},"class_list":["post-15736","page","type-page","status-publish","hentry"],"yoast_head":"<!-- This site is optimized with the Yoast SEO plugin v27.3 - https:\/\/yoast.com\/product\/yoast-seo-wordpress\/ -->\n<title>Soins dentaires pr\u00e9ventifs | Clinique Dentaire Pointe-Claire<\/title>\n<meta name=\"description\" content=\"La Clinique Dentaire Pointe-Claire propose des soins dentaires pr\u00e9ventifs pour vous aider \u00e0 maintenir une sant\u00e9 bucco-dentaire optimale gr\u00e2ce \u00e0 des examens r\u00e9guliers, des nettoyages et un d\u00e9pistage pr\u00e9coce.\" \/>\n<meta name=\"robots\" content=\"index, follow, max-snippet:-1, max-image-preview:large, max-video-preview:-1\" \/>\n<link rel=\"canonical\" href=\"https:\/\/cliniquedentairepointeclaire.com\/fr\/dentisterie-preventive\/\" \/>\n<meta property=\"og:locale\" content=\"fr_FR\" \/>\n<meta property=\"og:type\" content=\"article\" \/>\n<meta property=\"og:title\" content=\"Soins dentaires pr\u00e9ventifs | Clinique Dentaire Pointe-Claire\" \/>\n<meta property=\"og:description\" content=\"La Clinique Dentaire Pointe-Claire propose des soins dentaires pr\u00e9ventifs pour vous aider \u00e0 maintenir une sant\u00e9 bucco-dentaire optimale gr\u00e2ce \u00e0 des examens r\u00e9guliers, des nettoyages et un d\u00e9pistage pr\u00e9coce.\" \/>\n<meta property=\"og:url\" content=\"https:\/\/cliniquedentairepointeclaire.com\/fr\/dentisterie-preventive\/\" \/>\n<meta property=\"og:site_name\" content=\"Clinique Dentaire Pointe Claire\" \/>\n<meta property=\"article:modified_time\" content=\"2025-08-16T13:06:05+00:00\" \/>\n<meta property=\"og:image\" content=\"http:\/\/pwmhosting.ca\/clinique-dentaire-pointe-claire\/wp-content\/uploads\/2024\/06\/8.png\" \/>\n<meta name=\"twitter:card\" content=\"summary_large_image\" \/>\n<meta name=\"twitter:label1\" content=\"Dur\u00e9e de lecture estim\u00e9e\" \/>\n\t<meta name=\"twitter:data1\" content=\"2 minutes\" \/>\n<script type=\"application\/ld+json\" class=\"yoast-schema-graph\">{\"@context\":\"https:\\\/\\\/schema.org\",\"@graph\":[{\"@type\":\"WebPage\",\"@id\":\"https:\\\/\\\/cliniquedentairepointeclaire.com\\\/fr\\\/dentisterie-preventive\\\/\",\"url\":\"https:\\\/\\\/cliniquedentairepointeclaire.com\\\/fr\\\/dentisterie-preventive\\\/\",\"name\":\"Soins dentaires pr\u00e9ventifs | Clinique Dentaire Pointe-Claire\",\"isPartOf\":{\"@id\":\"https:\\\/\\\/cliniquedentairepointeclaire.com\\\/fr\\\/#website\"},\"primaryImageOfPage\":{\"@id\":\"https:\\\/\\\/cliniquedentairepointeclaire.com\\\/fr\\\/dentisterie-preventive\\\/#primaryimage\"},\"image\":{\"@id\":\"https:\\\/\\\/cliniquedentairepointeclaire.com\\\/fr\\\/dentisterie-preventive\\\/#primaryimage\"},\"thumbnailUrl\":\"http:\\\/\\\/pwmhosting.ca\\\/clinique-dentaire-pointe-claire\\\/wp-content\\\/uploads\\\/2024\\\/06\\\/8.png\",\"datePublished\":\"2024-09-08T15:05:58+00:00\",\"dateModified\":\"2025-08-16T13:06:05+00:00\",\"description\":\"La Clinique Dentaire Pointe-Claire propose des soins dentaires pr\u00e9ventifs pour vous aider \u00e0 maintenir une sant\u00e9 bucco-dentaire optimale gr\u00e2ce \u00e0 des examens r\u00e9guliers, des nettoyages et un d\u00e9pistage pr\u00e9coce.\",\"breadcrumb\":{\"@id\":\"https:\\\/\\\/cliniquedentairepointeclaire.com\\\/fr\\\/dentisterie-preventive\\\/#breadcrumb\"},\"inLanguage\":\"fr-FR\",\"potentialAction\":[{\"@type\":\"ReadAction\",\"target\":[\"https:\\\/\\\/cliniquedentairepointeclaire.com\\\/fr\\\/dentisterie-preventive\\\/\"]}]},{\"@type\":\"ImageObject\",\"inLanguage\":\"fr-FR\",\"@id\":\"https:\\\/\\\/cliniquedentairepointeclaire.com\\\/fr\\\/dentisterie-preventive\\\/#primaryimage\",\"url\":\"http:\\\/\\\/pwmhosting.ca\\\/clinique-dentaire-pointe-claire\\\/wp-content\\\/uploads\\\/2024\\\/06\\\/8.png\",\"contentUrl\":\"http:\\\/\\\/pwmhosting.ca\\\/clinique-dentaire-pointe-claire\\\/wp-content\\\/uploads\\\/2024\\\/06\\\/8.png\"},{\"@type\":\"BreadcrumbList\",\"@id\":\"https:\\\/\\\/cliniquedentairepointeclaire.com\\\/fr\\\/dentisterie-preventive\\\/#breadcrumb\",\"itemListElement\":[{\"@type\":\"ListItem\",\"position\":1,\"name\":\"Home\",\"item\":\"https:\\\/\\\/cliniquedentairepointeclaire.com\\\/fr\\\/\"},{\"@type\":\"ListItem\",\"position\":2,\"name\":\"Dentisterie pr\u00e9ventive\"}]},{\"@type\":\"WebSite\",\"@id\":\"https:\\\/\\\/cliniquedentairepointeclaire.com\\\/fr\\\/#website\",\"url\":\"https:\\\/\\\/cliniquedentairepointeclaire.com\\\/fr\\\/\",\"name\":\"Clinique Dentaire Pointe Claire\",\"description\":\"\",\"potentialAction\":[{\"@type\":\"SearchAction\",\"target\":{\"@type\":\"EntryPoint\",\"urlTemplate\":\"https:\\\/\\\/cliniquedentairepointeclaire.com\\\/fr\\\/?s={search_term_string}\"},\"query-input\":{\"@type\":\"PropertyValueSpecification\",\"valueRequired\":true,\"valueName\":\"search_term_string\"}}],\"inLanguage\":\"fr-FR\"}]}<\/script>\n<!-- \/ Yoast SEO plugin. -->","yoast_head_json":{"title":"Soins dentaires pr\u00e9ventifs | Clinique Dentaire Pointe-Claire","description":"La Clinique Dentaire Pointe-Claire propose des soins dentaires pr\u00e9ventifs pour vous aider \u00e0 maintenir une sant\u00e9 bucco-dentaire optimale gr\u00e2ce \u00e0 des examens r\u00e9guliers, des nettoyages et un d\u00e9pistage pr\u00e9coce.","robots":{"index":"index","follow":"follow","max-snippet":"max-snippet:-1","max-image-preview":"max-image-preview:large","max-video-preview":"max-video-preview:-1"},"canonical":"https:\/\/cliniquedentairepointeclaire.com\/fr\/dentisterie-preventive\/","og_locale":"fr_FR","og_type":"article","og_title":"Soins dentaires pr\u00e9ventifs | Clinique Dentaire Pointe-Claire","og_description":"La Clinique Dentaire Pointe-Claire propose des soins dentaires pr\u00e9ventifs pour vous aider \u00e0 maintenir une sant\u00e9 bucco-dentaire optimale gr\u00e2ce \u00e0 des examens r\u00e9guliers, des nettoyages et un d\u00e9pistage pr\u00e9coce.","og_url":"https:\/\/cliniquedentairepointeclaire.com\/fr\/dentisterie-preventive\/","og_site_name":"Clinique Dentaire Pointe Claire","article_modified_time":"2025-08-16T13:06:05+00:00","og_image":[{"url":"http:\/\/pwmhosting.ca\/clinique-dentaire-pointe-claire\/wp-content\/uploads\/2024\/06\/8.png","type":"","width":"","height":""}],"twitter_card":"summary_large_image","twitter_misc":{"Dur\u00e9e de lecture estim\u00e9e":"2 minutes"},"schema":{"@context":"https:\/\/schema.org","@graph":[{"@type":"WebPage","@id":"https:\/\/cliniquedentairepointeclaire.com\/fr\/dentisterie-preventive\/","url":"https:\/\/cliniquedentairepointeclaire.com\/fr\/dentisterie-preventive\/","name":"Soins dentaires pr\u00e9ventifs | Clinique Dentaire Pointe-Claire","isPartOf":{"@id":"https:\/\/cliniquedentairepointeclaire.com\/fr\/#website"},"primaryImageOfPage":{"@id":"https:\/\/cliniquedentairepointeclaire.com\/fr\/dentisterie-preventive\/#primaryimage"},"image":{"@id":"https:\/\/cliniquedentairepointeclaire.com\/fr\/dentisterie-preventive\/#primaryimage"},"thumbnailUrl":"http:\/\/pwmhosting.ca\/clinique-dentaire-pointe-claire\/wp-content\/uploads\/2024\/06\/8.png","datePublished":"2024-09-08T15:05:58+00:00","dateModified":"2025-08-16T13:06:05+00:00","description":"La Clinique Dentaire Pointe-Claire propose des soins dentaires pr\u00e9ventifs pour vous aider \u00e0 maintenir une sant\u00e9 bucco-dentaire optimale gr\u00e2ce \u00e0 des examens r\u00e9guliers, des nettoyages et un d\u00e9pistage pr\u00e9coce.","breadcrumb":{"@id":"https:\/\/cliniquedentairepointeclaire.com\/fr\/dentisterie-preventive\/#breadcrumb"},"inLanguage":"fr-FR","potentialAction":[{"@type":"ReadAction","target":["https:\/\/cliniquedentairepointeclaire.com\/fr\/dentisterie-preventive\/"]}]},{"@type":"ImageObject","inLanguage":"fr-FR","@id":"https:\/\/cliniquedentairepointeclaire.com\/fr\/dentisterie-preventive\/#primaryimage","url":"http:\/\/pwmhosting.ca\/clinique-dentaire-pointe-claire\/wp-content\/uploads\/2024\/06\/8.png","contentUrl":"http:\/\/pwmhosting.ca\/clinique-dentaire-pointe-claire\/wp-content\/uploads\/2024\/06\/8.png"},{"@type":"BreadcrumbList","@id":"https:\/\/cliniquedentairepointeclaire.com\/fr\/dentisterie-preventive\/#breadcrumb","itemListElement":[{"@type":"ListItem","position":1,"name":"Home","item":"https:\/\/cliniquedentairepointeclaire.com\/fr\/"},{"@type":"ListItem","position":2,"name":"Dentisterie pr\u00e9ventive"}]},{"@type":"WebSite","@id":"https:\/\/cliniquedentairepointeclaire.com\/fr\/#website","url":"https:\/\/cliniquedentairepointeclaire.com\/fr\/","name":"Clinique Dentaire Pointe Claire","description":"","potentialAction":[{"@type":"SearchAction","target":{"@type":"EntryPoint","urlTemplate":"https:\/\/cliniquedentairepointeclaire.com\/fr\/?s={search_term_string}"},"query-input":{"@type":"PropertyValueSpecification","valueRequired":true,"valueName":"search_term_string"}}],"inLanguage":"fr-FR"}]}},"_links":{"self":[{"href":"https:\/\/cliniquedentairepointeclaire.com\/fr\/wp-json\/wp\/v2\/pages\/15736","targetHints":{"allow":["GET"]}}],"collection":[{"href":"https:\/\/cliniquedentairepointeclaire.com\/fr\/wp-json\/wp\/v2\/pages"}],"about":[{"href":"https:\/\/cliniquedentairepointeclaire.com\/fr\/wp-json\/wp\/v2\/types\/page"}],"author":[{"embeddable":true,"href":"https:\/\/cliniquedentairepointeclaire.com\/fr\/wp-json\/wp\/v2\/users\/1"}],"replies":[{"embeddable":true,"href":"https:\/\/cliniquedentairepointeclaire.com\/fr\/wp-json\/wp\/v2\/comments?post=15736"}],"version-history":[{"count":0,"href":"https:\/\/cliniquedentairepointeclaire.com\/fr\/wp-json\/wp\/v2\/pages\/15736\/revisions"}],"wp:attachment":[{"href":"https:\/\/cliniquedentairepointeclaire.com\/fr\/wp-json\/wp\/v2\/media?parent=15736"}],"curies":[{"name":"wp","href":"https:\/\/api.w.org\/{rel}","templated":true}]}}